{"id":104662,"date":"2017-04-23T00:18:53","date_gmt":"2017-04-23T00:18:53","guid":{"rendered":"http:\/\/keramika.holest.com\/slovenija\/product\/mosavit-mosaico-mezcla-haya-roble-nogal\/"},"modified":"2026-01-03T00:02:05","modified_gmt":"2026-01-03T00:02:05","slug":"mosavit-mosaico-mezcla-haya-roble-nogal","status":"publish","type":"product","link":"https:\/\/www.keramika.com\/slovenija\/mosavit-mosaico-mezcla-haya-roble-nogal\/","title":{"rendered":"Mosavit Mosaico Mezcla Haya-Roble-Nogal"},"content":{"rendered":"<p>Mosavit Mosaico Mezcla Haya-Roble-Nogal je plo\u0161\u010dica proizvajalca Mosavit in prihaja iz \u0160panije. Ta mozaik je na voljo v \u010dudoviti be\u017e prevladujo\u010di barvi, \u010de \u017eelite kak\u0161no drugo barvo pa nas kontaktirajte in preverili bomo pri proizvajalcu. Namesto 148,44 EUR kot bi za ta mozaik od\u0161teli v klasi\u010dni trgovini, boste v na\u0161i spletni prodajalni od\u0161teli le 118,75 EUR. Dimenzije mre\u017ee na katero je pripet ta mozaik so 31,6&#215;31,6 cm. Mre\u017ea omogo\u010da enostavnej\u0161e polaganje. Ta mozaik je debel 5 mm in je zelo trpe\u017een.<\/p>\n<p>Technical description: <\/p>\n<p>Min. 1 box &#8211; Delivery 30 Euro\/box in EU<\/p>\n","protected":false},"excerpt":{"rendered":"<p>Mosavit Mosaico Mezcla Haya-Roble-Nogal je plo\u0161\u010dica proizvajalca Mosavit in prihaja iz \u0160panije. Ta mozaik je na voljo v \u010dudoviti be\u017e prevladujo\u010di barvi, \u010de \u017eelite kak\u0161no drugo barvo pa nas kontaktirajte in preverili bomo pri proizvajalcu. Namesto 148,44 EUR kot bi za ta mozaik od\u0161teli v klasi\u010dni trgovini, boste v na\u0161i spletni prodajalni od\u0161teli le 118,75 [&hellip;]<\/p>\n","protected":false},"featured_media":104663,"template":"","meta":[],"product_cat":[999405,400,999,410],"product_tag":[],"_links":{"self":[{"href":"https:\/\/www.keramika.com\/slovenija\/wp-json\/wp\/v2\/product\/104662"}],"collection":[{"href":"https:\/\/www.keramika.com\/slovenija\/wp-json\/wp\/v2\/product"}],"about":[{"href":"https:\/\/www.keramika.com\/slovenija\/wp-json\/wp\/v2\/types\/product"}],"wp:featuredmedia":[{"embeddable":true,"href":"https:\/\/www.keramika.com\/slovenija\/wp-json\/wp\/v2\/media\/104663"}],"wp:attachment":[{"href":"https:\/\/www.keramika.com\/slovenija\/wp-json\/wp\/v2\/media?parent=104662"}],"wp:term":[{"taxonomy":"product_cat","embeddable":true,"href":"https:\/\/www.keramika.com\/slovenija\/wp-json\/wp\/v2\/product_cat?post=104662"},{"taxonomy":"product_tag","embeddable":true,"href":"https:\/\/www.keramika.com\/slovenija\/wp-json\/wp\/v2\/product_tag?post=104662"}],"curies":[{"name":"wp","href":"https:\/\/api.w.org\/{rel}","templated":true}]}}