{"id":104660,"date":"2017-04-23T00:18:48","date_gmt":"2017-04-23T00:18:48","guid":{"rendered":"http:\/\/keramika.holest.com\/slovenija\/product\/mosavit-mosaico-marmol-calacatta\/"},"modified":"2026-01-03T00:02:04","modified_gmt":"2026-01-03T00:02:04","slug":"mosavit-mosaico-marmol-calacatta","status":"publish","type":"product","link":"https:\/\/www.keramika.com\/slovenija\/mosavit-mosaico-marmol-calacatta\/","title":{"rendered":"Mosavit Mosaico Marmol Calacatta"},"content":{"rendered":"<p>Mosavit Mosaico Marmol Calacatta je na voljo po zelo ugodni ceni 98,75 EUR. Ta model mozaik plo\u0161\u010dic se najbolje prodaja v sivi barvi. Debelina plo\u0161\u010dice je zelo pomembna in 5 mm uvr\u0161\u010da ta mozaik med najkvalitetnej\u0161e. Z 31,6&#215;31,6 cm je mre\u017ea na katero so pripete te mozaik plo\u0161\u010dice primerna za razli\u010dne podlage. Ta mozaik je izdelal proizvajalec Mosavit, ki prihaja iz \u0160panije.<\/p>\n<p>Technical description: <\/p>\n<p>Min. 1 box &#8211; Delivery 30 Euro\/box in EU<\/p>\n","protected":false},"excerpt":{"rendered":"<p>Mosavit Mosaico Marmol Calacatta je na voljo po zelo ugodni ceni 98,75 EUR. Ta model mozaik plo\u0161\u010dic se najbolje prodaja v sivi barvi. Debelina plo\u0161\u010dice je zelo pomembna in 5 mm uvr\u0161\u010da ta mozaik med najkvalitetnej\u0161e. Z 31,6&#215;31,6 cm je mre\u017ea na katero so pripete te mozaik plo\u0161\u010dice primerna za razli\u010dne podlage. Ta mozaik je [&hellip;]<\/p>\n","protected":false},"featured_media":104661,"template":"","meta":[],"product_cat":[999405,400,999,410],"product_tag":[],"_links":{"self":[{"href":"https:\/\/www.keramika.com\/slovenija\/wp-json\/wp\/v2\/product\/104660"}],"collection":[{"href":"https:\/\/www.keramika.com\/slovenija\/wp-json\/wp\/v2\/product"}],"about":[{"href":"https:\/\/www.keramika.com\/slovenija\/wp-json\/wp\/v2\/types\/product"}],"wp:featuredmedia":[{"embeddable":true,"href":"https:\/\/www.keramika.com\/slovenija\/wp-json\/wp\/v2\/media\/104661"}],"wp:attachment":[{"href":"https:\/\/www.keramika.com\/slovenija\/wp-json\/wp\/v2\/media?parent=104660"}],"wp:term":[{"taxonomy":"product_cat","embeddable":true,"href":"https:\/\/www.keramika.com\/slovenija\/wp-json\/wp\/v2\/product_cat?post=104660"},{"taxonomy":"product_tag","embeddable":true,"href":"https:\/\/www.keramika.com\/slovenija\/wp-json\/wp\/v2\/product_tag?post=104660"}],"curies":[{"name":"wp","href":"https:\/\/api.w.org\/{rel}","templated":true}]}}