{"id":104658,"date":"2017-03-23T00:18:44","date_gmt":"2017-03-23T00:18:44","guid":{"rendered":"http:\/\/keramika.holest.com\/slovenija\/product\/unikatni-stekleni-mozaik-hd5\/"},"modified":"2026-01-03T00:02:04","modified_gmt":"2026-01-03T00:02:04","slug":"unikatni-stekleni-mozaik-hd5","status":"publish","type":"product","link":"https:\/\/www.keramika.com\/slovenija\/unikatni-stekleni-mozaik-hd5\/","title":{"rendered":"Unikatni stekleni mozaik HD5"},"content":{"rendered":"<p><span style=\"color: #3366ff;\"><strong>Unikatni mozaik!<\/strong><\/span><br \/>\n<span style=\"color: #3366ff;\"><strong> Po\u0161ljite nam va\u0161o fotografijo. Originalni na\u010din izdelave steklenega mozaika nam omogo\u010da, da to fotografijo prenesemo in vtisnemo v steklo.<\/strong><\/span><br \/>\n<span style=\"color: #3366ff;\"><strong> Lepota, ki traja!<\/strong><\/span><\/p>\n<p>Ta mozaik plo\u0161\u010dica v \u010dudoviti oran\u017eni barvi bo obogatila vsak prostor. Dimenzije mre\u017ee na katero je pripet ta mozaik so 31,6&#215;31,6 cm. Mre\u017ea omogo\u010da enostavnej\u0161e polaganje. Ta mozaik plo\u0161\u010dica prihaja iz \u0160panije, ki je znana po kvalitetni keramiki. Ta mozaik je debel 5 mm in je zelo trpe\u017een. Namesto 625 EUR kot bi za ta mozaik od\u0161teli v klasi\u010dni trgovini, boste v na\u0161i spletni prodajalni od\u0161teli le 500 EUR.<\/p>\n<p>Technical description: High definition ceramics \u2013 For a project or for your bathroom, high definition ceramics is a great way to get ceramics exactly as you want it, completely unique! How does it work? You send us any picture by your desire and we impetrate it into glass mosai<\/p>\n","protected":false},"excerpt":{"rendered":"<p>Unikatni mozaik! Po\u0161ljite nam va\u0161o fotografijo. Originalni na\u010din izdelave steklenega mozaika nam omogo\u010da, da to fotografijo prenesemo in vtisnemo v steklo. Lepota, ki traja! Ta mozaik plo\u0161\u010dica v \u010dudoviti oran\u017eni barvi bo obogatila vsak prostor. Dimenzije mre\u017ee na katero je pripet ta mozaik so 31,6&#215;31,6 cm. Mre\u017ea omogo\u010da enostavnej\u0161e polaganje. Ta mozaik plo\u0161\u010dica prihaja iz [&hellip;]<\/p>\n","protected":false},"featured_media":104659,"template":"","meta":[],"product_cat":[999405,400,999,410,300],"product_tag":[],"_links":{"self":[{"href":"https:\/\/www.keramika.com\/slovenija\/wp-json\/wp\/v2\/product\/104658"}],"collection":[{"href":"https:\/\/www.keramika.com\/slovenija\/wp-json\/wp\/v2\/product"}],"about":[{"href":"https:\/\/www.keramika.com\/slovenija\/wp-json\/wp\/v2\/types\/product"}],"wp:featuredmedia":[{"embeddable":true,"href":"https:\/\/www.keramika.com\/slovenija\/wp-json\/wp\/v2\/media\/104659"}],"wp:attachment":[{"href":"https:\/\/www.keramika.com\/slovenija\/wp-json\/wp\/v2\/media?parent=104658"}],"wp:term":[{"taxonomy":"product_cat","embeddable":true,"href":"https:\/\/www.keramika.com\/slovenija\/wp-json\/wp\/v2\/product_cat?post=104658"},{"taxonomy":"product_tag","embeddable":true,"href":"https:\/\/www.keramika.com\/slovenija\/wp-json\/wp\/v2\/product_tag?post=104658"}],"curies":[{"name":"wp","href":"https:\/\/api.w.org\/{rel}","templated":true}]}}