{"id":104656,"date":"2017-03-23T00:18:40","date_gmt":"2017-03-23T00:18:40","guid":{"rendered":"http:\/\/keramika.holest.com\/slovenija\/product\/unikatni-stekleni-mozaik-hd4\/"},"modified":"2026-01-03T00:02:04","modified_gmt":"2026-01-03T00:02:04","slug":"unikatni-stekleni-mozaik-hd4","status":"publish","type":"product","link":"https:\/\/www.keramika.com\/slovenija\/unikatni-stekleni-mozaik-hd4\/","title":{"rendered":"Unikatni stekleni mozaik HD4"},"content":{"rendered":"<p><span style=\"color: #3366ff;\"><strong>Unikatni mozaik!<\/strong><\/span><br \/>\n<span style=\"color: #3366ff;\"><strong> Po\u0161ljite nam va\u0161o fotografijo. Originalni na\u010din izdelave steklenega mozaika nam omogo\u010da, da to fotografijo prenesemo in vtisnemo v steklo.<\/strong><\/span><br \/>\n<span style=\"color: #3366ff;\"><strong> Lepota, ki traja!<\/strong><\/span><\/p>\n<p>Unique glass mosaic tiles HD4 je plo\u0161\u010dica proizvajalca Mosavit in prihaja iz \u0160panije. Debelina kar 5 mm dela ta mozaik zelo trpe\u017een in presti\u017een na otip. Dimenzije mre\u017ee na katero je pripet ta mozaik so 31,6&#215;31,6 cm. Mre\u017ea omogo\u010da enostavnej\u0161e polaganje. Na spletu boste za ta mozaik od\u0161teli le 500 EUR, medtem ko v redni prodaji cena zna\u0161a 625 EUR. Keramika v beli barvi popestri vsak prostor.<\/p>\n<p>Technical description: High definition ceramics \u2013 For a project or for your bathroom, high definition ceramics is a great way to get ceramics exactly as you want it, completely unique! How does it work? You send us any picture by your desire and we impetrate it into glass mosai<\/p>\n","protected":false},"excerpt":{"rendered":"<p>Unikatni mozaik! Po\u0161ljite nam va\u0161o fotografijo. Originalni na\u010din izdelave steklenega mozaika nam omogo\u010da, da to fotografijo prenesemo in vtisnemo v steklo. Lepota, ki traja! Unique glass mosaic tiles HD4 je plo\u0161\u010dica proizvajalca Mosavit in prihaja iz \u0160panije. Debelina kar 5 mm dela ta mozaik zelo trpe\u017een in presti\u017een na otip. Dimenzije mre\u017ee na katero je [&hellip;]<\/p>\n","protected":false},"featured_media":104657,"template":"","meta":[],"product_cat":[999405,400,999,410,300],"product_tag":[],"_links":{"self":[{"href":"https:\/\/www.keramika.com\/slovenija\/wp-json\/wp\/v2\/product\/104656"}],"collection":[{"href":"https:\/\/www.keramika.com\/slovenija\/wp-json\/wp\/v2\/product"}],"about":[{"href":"https:\/\/www.keramika.com\/slovenija\/wp-json\/wp\/v2\/types\/product"}],"wp:featuredmedia":[{"embeddable":true,"href":"https:\/\/www.keramika.com\/slovenija\/wp-json\/wp\/v2\/media\/104657"}],"wp:attachment":[{"href":"https:\/\/www.keramika.com\/slovenija\/wp-json\/wp\/v2\/media?parent=104656"}],"wp:term":[{"taxonomy":"product_cat","embeddable":true,"href":"https:\/\/www.keramika.com\/slovenija\/wp-json\/wp\/v2\/product_cat?post=104656"},{"taxonomy":"product_tag","embeddable":true,"href":"https:\/\/www.keramika.com\/slovenija\/wp-json\/wp\/v2\/product_tag?post=104656"}],"curies":[{"name":"wp","href":"https:\/\/api.w.org\/{rel}","templated":true}]}}