{"id":104654,"date":"2017-03-23T00:18:36","date_gmt":"2017-03-23T00:18:36","guid":{"rendered":"http:\/\/keramika.holest.com\/slovenija\/product\/unikatni-stekleni-mozaik-hd3\/"},"modified":"2026-01-03T00:02:04","modified_gmt":"2026-01-03T00:02:04","slug":"unikatni-stekleni-mozaik-hd3","status":"publish","type":"product","link":"https:\/\/www.keramika.com\/slovenija\/unikatni-stekleni-mozaik-hd3\/","title":{"rendered":"Unikatni stekleni mozaik HD3"},"content":{"rendered":"<p><span style=\"color: #3366ff;\"><strong>Unikatni mozaik!<\/strong><\/span><br \/>\n<span style=\"color: #3366ff;\"><strong> Po\u0161ljite nam va\u0161o fotografijo. Originalni na\u010din izdelave steklenega mozaika nam omogo\u010da, da to fotografijo prenesemo in vtisnemo v steklo.<\/strong><\/span><br \/>\n<span style=\"color: #3366ff;\"><strong> Lepota, ki traja!<\/strong><\/span><\/p>\n<p>Na spletu boste za ta mozaik od\u0161teli le 500 EUR, medtem ko v redni prodaji cena zna\u0161a 625 EUR. 5 mm je debelina, ki zadovolji tudi zahtevnej\u0161e kupce. Unique glass mosaic tiles HD3 je pripeljana iz \u0160panije in je zelo kvalitetna. Dimenzije mre\u017ee na katero je pripet ta mozaik so 31,6&#215;31,6 cm. Mre\u017ea omogo\u010da enostavnej\u0161e polaganje. Ta mozaik je na voljo v \u010dudoviti beli prevladujo\u010di barvi, \u010de \u017eelite kak\u0161no drugo barvo pa nas kontaktirajte in preverili bomo pri proizvajalcu.<\/p>\n<p>Technical description: High definition ceramics \u2013 For a project or for your bathroom, high definition ceramics is a great way to get ceramics exactly as you want it, completely unique! How does it work? You send us any picture by your desire and we impetrate it into glass mosai<\/p>\n","protected":false},"excerpt":{"rendered":"<p>Unikatni mozaik! Po\u0161ljite nam va\u0161o fotografijo. Originalni na\u010din izdelave steklenega mozaika nam omogo\u010da, da to fotografijo prenesemo in vtisnemo v steklo. Lepota, ki traja! Na spletu boste za ta mozaik od\u0161teli le 500 EUR, medtem ko v redni prodaji cena zna\u0161a 625 EUR. 5 mm je debelina, ki zadovolji tudi zahtevnej\u0161e kupce. Unique glass mosaic [&hellip;]<\/p>\n","protected":false},"featured_media":104655,"template":"","meta":[],"product_cat":[999405,400,999,410,300],"product_tag":[],"_links":{"self":[{"href":"https:\/\/www.keramika.com\/slovenija\/wp-json\/wp\/v2\/product\/104654"}],"collection":[{"href":"https:\/\/www.keramika.com\/slovenija\/wp-json\/wp\/v2\/product"}],"about":[{"href":"https:\/\/www.keramika.com\/slovenija\/wp-json\/wp\/v2\/types\/product"}],"wp:featuredmedia":[{"embeddable":true,"href":"https:\/\/www.keramika.com\/slovenija\/wp-json\/wp\/v2\/media\/104655"}],"wp:attachment":[{"href":"https:\/\/www.keramika.com\/slovenija\/wp-json\/wp\/v2\/media?parent=104654"}],"wp:term":[{"taxonomy":"product_cat","embeddable":true,"href":"https:\/\/www.keramika.com\/slovenija\/wp-json\/wp\/v2\/product_cat?post=104654"},{"taxonomy":"product_tag","embeddable":true,"href":"https:\/\/www.keramika.com\/slovenija\/wp-json\/wp\/v2\/product_tag?post=104654"}],"curies":[{"name":"wp","href":"https:\/\/api.w.org\/{rel}","templated":true}]}}