{"id":104644,"date":"2017-03-23T00:18:15","date_gmt":"2017-03-23T00:18:15","guid":{"rendered":"http:\/\/keramika.holest.com\/slovenija\/product\/mosavit-mosaico-forest-nogal\/"},"modified":"2026-01-03T00:02:03","modified_gmt":"2026-01-03T00:02:03","slug":"mosavit-mosaico-forest-nogal","status":"publish","type":"product","link":"https:\/\/www.keramika.com\/slovenija\/mosavit-mosaico-forest-nogal\/","title":{"rendered":"Mosavit Mosaico Forest Nogal"},"content":{"rendered":"<p>Mozaik dobite pripet na mre\u017eo, kar olaj\u0161a njegovo polaganje. Velikost mre\u017ee je 31,6&#215;31,6 cm in je primerna za razli\u010dne povr\u0161ine. 5 mm je debelina, ki zadovolji tudi zahtevnej\u0161e kupce. V redni prodaji bi morali za ta mozaik od\u0161teti 139,06 EUR, spletna cena pa zna\u0161a le 111,25 EUR. Pri izbiri mozaika v glavni rjavi barvi ne morete zgre\u0161iti. Mosavit Mosaico Forest Nogal je pripeljana iz \u0160panije in je zelo kvalitetna.<\/p>\n<p>Technical description: <\/p>\n<p>Min. 1 box &#8211; Delivery 30 Euro\/box in EU<\/p>\n","protected":false},"excerpt":{"rendered":"<p>Mozaik dobite pripet na mre\u017eo, kar olaj\u0161a njegovo polaganje. Velikost mre\u017ee je 31,6&#215;31,6 cm in je primerna za razli\u010dne povr\u0161ine. 5 mm je debelina, ki zadovolji tudi zahtevnej\u0161e kupce. V redni prodaji bi morali za ta mozaik od\u0161teti 139,06 EUR, spletna cena pa zna\u0161a le 111,25 EUR. Pri izbiri mozaika v glavni rjavi barvi ne [&hellip;]<\/p>\n","protected":false},"featured_media":104645,"template":"","meta":[],"product_cat":[999405,400,999,410],"product_tag":[],"_links":{"self":[{"href":"https:\/\/www.keramika.com\/slovenija\/wp-json\/wp\/v2\/product\/104644"}],"collection":[{"href":"https:\/\/www.keramika.com\/slovenija\/wp-json\/wp\/v2\/product"}],"about":[{"href":"https:\/\/www.keramika.com\/slovenija\/wp-json\/wp\/v2\/types\/product"}],"wp:featuredmedia":[{"embeddable":true,"href":"https:\/\/www.keramika.com\/slovenija\/wp-json\/wp\/v2\/media\/104645"}],"wp:attachment":[{"href":"https:\/\/www.keramika.com\/slovenija\/wp-json\/wp\/v2\/media?parent=104644"}],"wp:term":[{"taxonomy":"product_cat","embeddable":true,"href":"https:\/\/www.keramika.com\/slovenija\/wp-json\/wp\/v2\/product_cat?post=104644"},{"taxonomy":"product_tag","embeddable":true,"href":"https:\/\/www.keramika.com\/slovenija\/wp-json\/wp\/v2\/product_tag?post=104644"}],"curies":[{"name":"wp","href":"https:\/\/api.w.org\/{rel}","templated":true}]}}