{"id":104642,"date":"2017-03-23T00:18:10","date_gmt":"2017-03-23T00:18:10","guid":{"rendered":"http:\/\/keramika.holest.com\/slovenija\/product\/mosavit-mosaico-forest-haya\/"},"modified":"2026-01-03T00:02:03","modified_gmt":"2026-01-03T00:02:03","slug":"mosavit-mosaico-forest-haya","status":"publish","type":"product","link":"https:\/\/www.keramika.com\/slovenija\/mosavit-mosaico-forest-haya\/","title":{"rendered":"Mosavit Mosaico Forest Haya"},"content":{"rendered":"<p>Ta model mozaik plo\u0161\u010dic se najbolje prodaja v be\u017e barvi. Z 31,6&#215;31,6 cm je mre\u017ea na katero so pripete te mozaik plo\u0161\u010dice primerna za razli\u010dne podlage. 5 mm debeline je dovolj tudi za zahtevnej\u0161e kupce. Ta mozaik plo\u0161\u010dica prihaja iz \u0160panije, ki je znana po kvalitetni keramiki. V redni prodaji bi morali za ta mozaik od\u0161teti 139,06 EUR, spletna cena pa zna\u0161a le 111,25 EUR.<\/p>\n<p>Technical description: <\/p>\n<p>Min. 1 box &#8211; Delivery 30 Euro\/box in EU<\/p>\n","protected":false},"excerpt":{"rendered":"<p>Ta model mozaik plo\u0161\u010dic se najbolje prodaja v be\u017e barvi. Z 31,6&#215;31,6 cm je mre\u017ea na katero so pripete te mozaik plo\u0161\u010dice primerna za razli\u010dne podlage. 5 mm debeline je dovolj tudi za zahtevnej\u0161e kupce. Ta mozaik plo\u0161\u010dica prihaja iz \u0160panije, ki je znana po kvalitetni keramiki. V redni prodaji bi morali za ta mozaik [&hellip;]<\/p>\n","protected":false},"featured_media":104643,"template":"","meta":[],"product_cat":[999405,400,999,410],"product_tag":[],"_links":{"self":[{"href":"https:\/\/www.keramika.com\/slovenija\/wp-json\/wp\/v2\/product\/104642"}],"collection":[{"href":"https:\/\/www.keramika.com\/slovenija\/wp-json\/wp\/v2\/product"}],"about":[{"href":"https:\/\/www.keramika.com\/slovenija\/wp-json\/wp\/v2\/types\/product"}],"wp:featuredmedia":[{"embeddable":true,"href":"https:\/\/www.keramika.com\/slovenija\/wp-json\/wp\/v2\/media\/104643"}],"wp:attachment":[{"href":"https:\/\/www.keramika.com\/slovenija\/wp-json\/wp\/v2\/media?parent=104642"}],"wp:term":[{"taxonomy":"product_cat","embeddable":true,"href":"https:\/\/www.keramika.com\/slovenija\/wp-json\/wp\/v2\/product_cat?post=104642"},{"taxonomy":"product_tag","embeddable":true,"href":"https:\/\/www.keramika.com\/slovenija\/wp-json\/wp\/v2\/product_tag?post=104642"}],"curies":[{"name":"wp","href":"https:\/\/api.w.org\/{rel}","templated":true}]}}