{"id":104634,"date":"2017-03-23T00:17:53","date_gmt":"2017-03-23T00:17:53","guid":{"rendered":"http:\/\/keramika.holest.com\/slovenija\/product\/mosavit-mosaico-drops-cobalto-50\/"},"modified":"2026-01-03T00:02:02","modified_gmt":"2026-01-03T00:02:02","slug":"mosavit-mosaico-drops-cobalto-50","status":"publish","type":"product","link":"https:\/\/www.keramika.com\/slovenija\/mosavit-mosaico-drops-cobalto-50\/","title":{"rendered":"Mosavit Mosaico Drops Cobalto 50"},"content":{"rendered":"<p>Mozaik dobite pripet na mre\u017eo, kar olaj\u0161a njegovo polaganje. Velikost mre\u017ee je 31,6&#215;31,6 cm in je primerna za razli\u010dne povr\u0161ine. 5 mm debeline je dovolj tudi za zahtevnej\u0161e kupce. Zelo moderen mozaik v dominanti modri barvi popestri prav vsak prostor. Mosavit Mosaico Drops Cobalto 50 je plo\u0161\u010dica proizvajalca Mosavit in prihaja iz \u0160panije. Redna cena tega mozaika v maloprodaji zna\u0161a 154,69 EUR, v na\u0161i spletni trgovini pa ga lahko dobite \u017ee za 123,75 EUR.<\/p>\n<p>Technical description: <\/p>\n<p>Min. 1 box &#8211; Delivery 30 Euro\/box in EU<\/p>\n","protected":false},"excerpt":{"rendered":"<p>Mozaik dobite pripet na mre\u017eo, kar olaj\u0161a njegovo polaganje. Velikost mre\u017ee je 31,6&#215;31,6 cm in je primerna za razli\u010dne povr\u0161ine. 5 mm debeline je dovolj tudi za zahtevnej\u0161e kupce. Zelo moderen mozaik v dominanti modri barvi popestri prav vsak prostor. Mosavit Mosaico Drops Cobalto 50 je plo\u0161\u010dica proizvajalca Mosavit in prihaja iz \u0160panije. Redna cena [&hellip;]<\/p>\n","protected":false},"featured_media":104635,"template":"","meta":[],"product_cat":[999405,400,999,410],"product_tag":[],"_links":{"self":[{"href":"https:\/\/www.keramika.com\/slovenija\/wp-json\/wp\/v2\/product\/104634"}],"collection":[{"href":"https:\/\/www.keramika.com\/slovenija\/wp-json\/wp\/v2\/product"}],"about":[{"href":"https:\/\/www.keramika.com\/slovenija\/wp-json\/wp\/v2\/types\/product"}],"wp:featuredmedia":[{"embeddable":true,"href":"https:\/\/www.keramika.com\/slovenija\/wp-json\/wp\/v2\/media\/104635"}],"wp:attachment":[{"href":"https:\/\/www.keramika.com\/slovenija\/wp-json\/wp\/v2\/media?parent=104634"}],"wp:term":[{"taxonomy":"product_cat","embeddable":true,"href":"https:\/\/www.keramika.com\/slovenija\/wp-json\/wp\/v2\/product_cat?post=104634"},{"taxonomy":"product_tag","embeddable":true,"href":"https:\/\/www.keramika.com\/slovenija\/wp-json\/wp\/v2\/product_tag?post=104634"}],"curies":[{"name":"wp","href":"https:\/\/api.w.org\/{rel}","templated":true}]}}