{"id":104632,"date":"2017-03-23T00:17:47","date_gmt":"2017-03-23T00:17:47","guid":{"rendered":"http:\/\/keramika.holest.com\/slovenija\/product\/mosavit-mosaico-drops-cobalto-100\/"},"modified":"2026-01-03T00:02:02","modified_gmt":"2026-01-03T00:02:02","slug":"mosavit-mosaico-drops-cobalto-100","status":"publish","type":"product","link":"https:\/\/www.keramika.com\/slovenija\/mosavit-mosaico-drops-cobalto-100\/","title":{"rendered":"Mosavit Mosaico Drops Cobalto 100"},"content":{"rendered":"<p>Mozaik na sliki je pripet na mre\u017eo, kar olaj\u0161a njegovo polaganje. Mre\u017ea je velika 31,6&#215;31,6 cm. Na spletu boste za ta mozaik od\u0161teli le 137,5 EUR, medtem ko v redni prodaji cena zna\u0161a 171,88 EUR. Ta mozaik je izdelal proizvajalec Mosavit, ki prihaja iz \u0160panije. 5 mm debeline je dovolj tudi za zahtevnej\u0161e kupce. Zelo moderen mozaik v dominanti modri barvi popestri prav vsak prostor.<\/p>\n<p>Technical description: <\/p>\n<p>Min. 1 box &#8211; Delivery 30 Euro\/box in EU<\/p>\n","protected":false},"excerpt":{"rendered":"<p>Mozaik na sliki je pripet na mre\u017eo, kar olaj\u0161a njegovo polaganje. Mre\u017ea je velika 31,6&#215;31,6 cm. Na spletu boste za ta mozaik od\u0161teli le 137,5 EUR, medtem ko v redni prodaji cena zna\u0161a 171,88 EUR. Ta mozaik je izdelal proizvajalec Mosavit, ki prihaja iz \u0160panije. 5 mm debeline je dovolj tudi za zahtevnej\u0161e kupce. Zelo [&hellip;]<\/p>\n","protected":false},"featured_media":104633,"template":"","meta":[],"product_cat":[999405,400,999,410],"product_tag":[],"_links":{"self":[{"href":"https:\/\/www.keramika.com\/slovenija\/wp-json\/wp\/v2\/product\/104632"}],"collection":[{"href":"https:\/\/www.keramika.com\/slovenija\/wp-json\/wp\/v2\/product"}],"about":[{"href":"https:\/\/www.keramika.com\/slovenija\/wp-json\/wp\/v2\/types\/product"}],"wp:featuredmedia":[{"embeddable":true,"href":"https:\/\/www.keramika.com\/slovenija\/wp-json\/wp\/v2\/media\/104633"}],"wp:attachment":[{"href":"https:\/\/www.keramika.com\/slovenija\/wp-json\/wp\/v2\/media?parent=104632"}],"wp:term":[{"taxonomy":"product_cat","embeddable":true,"href":"https:\/\/www.keramika.com\/slovenija\/wp-json\/wp\/v2\/product_cat?post=104632"},{"taxonomy":"product_tag","embeddable":true,"href":"https:\/\/www.keramika.com\/slovenija\/wp-json\/wp\/v2\/product_tag?post=104632"}],"curies":[{"name":"wp","href":"https:\/\/api.w.org\/{rel}","templated":true}]}}