{"id":104626,"date":"2017-03-23T00:17:34","date_gmt":"2017-03-23T00:17:34","guid":{"rendered":"http:\/\/keramika.holest.com\/slovenija\/product\/mosavit-mosaico-drops-antracita-50\/"},"modified":"2026-01-03T00:02:01","modified_gmt":"2026-01-03T00:02:01","slug":"mosavit-mosaico-drops-antracita-50","status":"publish","type":"product","link":"https:\/\/www.keramika.com\/slovenija\/mosavit-mosaico-drops-antracita-50\/","title":{"rendered":"Mosavit Mosaico Drops Antracita 50"},"content":{"rendered":"<p>\u0160irina in dol\u017eina mre\u017ee na katero je pripet ta mozaik sta 31,6&#215;31,6 cm. Mre\u017eo lahko enostavno polo\u017eite na razli\u010dne povr\u0161ine. Letos so mozaiki v \u010drni barvi zelo za\u017eeljeni. Debelina kar 5 mm dela ta mozaik zelo trpe\u017een in presti\u017een na otip. Mosavit Mosaico Drops Antracita 50 je pripeljana iz \u0160panije in je zelo kvalitetna. Na spletu boste za ta mozaik od\u0161teli le 123,75 EUR, medtem ko v redni prodaji cena zna\u0161a 154,69 EUR.<\/p>\n<p>Technical description: <\/p>\n<p>Min. 1 box &#8211; Delivery 30 Euro\/box in EU<\/p>\n","protected":false},"excerpt":{"rendered":"<p>\u0160irina in dol\u017eina mre\u017ee na katero je pripet ta mozaik sta 31,6&#215;31,6 cm. Mre\u017eo lahko enostavno polo\u017eite na razli\u010dne povr\u0161ine. Letos so mozaiki v \u010drni barvi zelo za\u017eeljeni. Debelina kar 5 mm dela ta mozaik zelo trpe\u017een in presti\u017een na otip. Mosavit Mosaico Drops Antracita 50 je pripeljana iz \u0160panije in je zelo kvalitetna. Na [&hellip;]<\/p>\n","protected":false},"featured_media":104627,"template":"","meta":[],"product_cat":[999405,400,999,410],"product_tag":[],"_links":{"self":[{"href":"https:\/\/www.keramika.com\/slovenija\/wp-json\/wp\/v2\/product\/104626"}],"collection":[{"href":"https:\/\/www.keramika.com\/slovenija\/wp-json\/wp\/v2\/product"}],"about":[{"href":"https:\/\/www.keramika.com\/slovenija\/wp-json\/wp\/v2\/types\/product"}],"wp:featuredmedia":[{"embeddable":true,"href":"https:\/\/www.keramika.com\/slovenija\/wp-json\/wp\/v2\/media\/104627"}],"wp:attachment":[{"href":"https:\/\/www.keramika.com\/slovenija\/wp-json\/wp\/v2\/media?parent=104626"}],"wp:term":[{"taxonomy":"product_cat","embeddable":true,"href":"https:\/\/www.keramika.com\/slovenija\/wp-json\/wp\/v2\/product_cat?post=104626"},{"taxonomy":"product_tag","embeddable":true,"href":"https:\/\/www.keramika.com\/slovenija\/wp-json\/wp\/v2\/product_tag?post=104626"}],"curies":[{"name":"wp","href":"https:\/\/api.w.org\/{rel}","templated":true}]}}