{"id":104624,"date":"2017-04-23T00:17:29","date_gmt":"2017-04-23T00:17:29","guid":{"rendered":"http:\/\/keramika.holest.com\/slovenija\/product\/mosavit-mosaico-drops-antracita-100\/"},"modified":"2026-01-03T00:02:01","modified_gmt":"2026-01-03T00:02:01","slug":"mosavit-mosaico-drops-antracita-100","status":"publish","type":"product","link":"https:\/\/www.keramika.com\/slovenija\/mosavit-mosaico-drops-antracita-100\/","title":{"rendered":"Mosavit Mosaico Drops Antracita 100"},"content":{"rendered":"<p>Keramika v \u010drni barvi popestri vsak prostor. Mosavit Mosaico Drops Antracita 100 je na voljo po zelo ugodni ceni 137,5 EUR. 5 mm debeline je dovolj tudi za zahtevnej\u0161e kupce. Mosavit Mosaico Drops Antracita 100 prihaja iz \u0160panije, ki je znana po zelo kvalitetni keramiki v svetovnem merilu. Velikost mre\u017ee z mozaikom je 31,6&#215;31,6 cm, kar omogo\u010da enostavno polaganje.<\/p>\n<p>Technical description: <\/p>\n<p>Min. 1 box &#8211; Delivery 30 Euro\/box in EU<\/p>\n","protected":false},"excerpt":{"rendered":"<p>Keramika v \u010drni barvi popestri vsak prostor. Mosavit Mosaico Drops Antracita 100 je na voljo po zelo ugodni ceni 137,5 EUR. 5 mm debeline je dovolj tudi za zahtevnej\u0161e kupce. Mosavit Mosaico Drops Antracita 100 prihaja iz \u0160panije, ki je znana po zelo kvalitetni keramiki v svetovnem merilu. Velikost mre\u017ee z mozaikom je 31,6&#215;31,6 cm, [&hellip;]<\/p>\n","protected":false},"featured_media":104625,"template":"","meta":[],"product_cat":[999405,400,999,410],"product_tag":[],"_links":{"self":[{"href":"https:\/\/www.keramika.com\/slovenija\/wp-json\/wp\/v2\/product\/104624"}],"collection":[{"href":"https:\/\/www.keramika.com\/slovenija\/wp-json\/wp\/v2\/product"}],"about":[{"href":"https:\/\/www.keramika.com\/slovenija\/wp-json\/wp\/v2\/types\/product"}],"wp:featuredmedia":[{"embeddable":true,"href":"https:\/\/www.keramika.com\/slovenija\/wp-json\/wp\/v2\/media\/104625"}],"wp:attachment":[{"href":"https:\/\/www.keramika.com\/slovenija\/wp-json\/wp\/v2\/media?parent=104624"}],"wp:term":[{"taxonomy":"product_cat","embeddable":true,"href":"https:\/\/www.keramika.com\/slovenija\/wp-json\/wp\/v2\/product_cat?post=104624"},{"taxonomy":"product_tag","embeddable":true,"href":"https:\/\/www.keramika.com\/slovenija\/wp-json\/wp\/v2\/product_tag?post=104624"}],"curies":[{"name":"wp","href":"https:\/\/api.w.org\/{rel}","templated":true}]}}