{"id":104614,"date":"2017-03-23T00:17:06","date_gmt":"2017-03-23T00:17:06","guid":{"rendered":"http:\/\/keramika.holest.com\/slovenija\/product\/mosavit-mosaico-dreams-flor-gris-negro\/"},"modified":"2026-01-03T00:02:00","modified_gmt":"2026-01-03T00:02:00","slug":"mosavit-mosaico-dreams-flor-gris-negro","status":"publish","type":"product","link":"https:\/\/www.keramika.com\/slovenija\/mosavit-mosaico-dreams-flor-gris-negro\/","title":{"rendered":"Mosavit Mosaico Dreams Flor Gris-Negro"},"content":{"rendered":"<p>Debelina kar 5 mm dela ta mozaik zelo trpe\u017een in presti\u017een na otip. Mosavit Mosaico Dreams Flor Gris-Negro prihaja iz \u0160panije, ki je znana po zelo kvalitetni keramiki v svetovnem merilu. Keramika v beli barvi popestri vsak prostor. Z velikostjo mre\u017ee 31,6&#215;31,6 cm na katero je pripet, je ta mozaik primeren ze razli\u010dne povr\u0161ine. Na spletu boste za ta mozaik od\u0161teli le 115 EUR, medtem ko v redni prodaji cena zna\u0161a 143,75 EUR.<\/p>\n<p>Technical description: <\/p>\n<p>Min. 1 box &#8211; Delivery 30 Euro\/box in EU<\/p>\n","protected":false},"excerpt":{"rendered":"<p>Debelina kar 5 mm dela ta mozaik zelo trpe\u017een in presti\u017een na otip. Mosavit Mosaico Dreams Flor Gris-Negro prihaja iz \u0160panije, ki je znana po zelo kvalitetni keramiki v svetovnem merilu. Keramika v beli barvi popestri vsak prostor. Z velikostjo mre\u017ee 31,6&#215;31,6 cm na katero je pripet, je ta mozaik primeren ze razli\u010dne povr\u0161ine. Na [&hellip;]<\/p>\n","protected":false},"featured_media":104615,"template":"","meta":[],"product_cat":[999405,400,999,410],"product_tag":[],"_links":{"self":[{"href":"https:\/\/www.keramika.com\/slovenija\/wp-json\/wp\/v2\/product\/104614"}],"collection":[{"href":"https:\/\/www.keramika.com\/slovenija\/wp-json\/wp\/v2\/product"}],"about":[{"href":"https:\/\/www.keramika.com\/slovenija\/wp-json\/wp\/v2\/types\/product"}],"wp:featuredmedia":[{"embeddable":true,"href":"https:\/\/www.keramika.com\/slovenija\/wp-json\/wp\/v2\/media\/104615"}],"wp:attachment":[{"href":"https:\/\/www.keramika.com\/slovenija\/wp-json\/wp\/v2\/media?parent=104614"}],"wp:term":[{"taxonomy":"product_cat","embeddable":true,"href":"https:\/\/www.keramika.com\/slovenija\/wp-json\/wp\/v2\/product_cat?post=104614"},{"taxonomy":"product_tag","embeddable":true,"href":"https:\/\/www.keramika.com\/slovenija\/wp-json\/wp\/v2\/product_tag?post=104614"}],"curies":[{"name":"wp","href":"https:\/\/api.w.org\/{rel}","templated":true}]}}