{"id":104608,"date":"2017-03-23T00:16:50","date_gmt":"2017-03-23T00:16:50","guid":{"rendered":"http:\/\/keramika.holest.com\/slovenija\/product\/mosavit-mosaico-dreams-flor-azul\/"},"modified":"2026-01-03T00:01:59","modified_gmt":"2026-01-03T00:01:59","slug":"mosavit-mosaico-dreams-flor-azul","status":"publish","type":"product","link":"https:\/\/www.keramika.com\/slovenija\/mosavit-mosaico-dreams-flor-azul\/","title":{"rendered":"Mosavit Mosaico Dreams Flor Azul"},"content":{"rendered":"<p>5 mm je debelina, ki zadovolji tudi zahtevnej\u0161e kupce. Mosavit Mosaico Dreams Flor Azul prihaja iz \u0160panije, ki je znana po zelo kvalitetni keramiki v svetovnem merilu. Mosavit Mosaico Dreams Flor Azul je na voljo po zelo ugodni ceni 115 EUR. \u0160irina in dol\u017eina mre\u017ee na katero je pripet ta mozaik sta 31,6&#215;31,6 cm. Mre\u017eo lahko enostavno polo\u017eite na razli\u010dne povr\u0161ine. Ta model mozaik plo\u0161\u010dic se najbolje prodaja v beli barvi.<\/p>\n<p>Technical description: <\/p>\n<p>Min. 1 box &#8211; Delivery 30 Euro\/box in EU<\/p>\n","protected":false},"excerpt":{"rendered":"<p>5 mm je debelina, ki zadovolji tudi zahtevnej\u0161e kupce. Mosavit Mosaico Dreams Flor Azul prihaja iz \u0160panije, ki je znana po zelo kvalitetni keramiki v svetovnem merilu. Mosavit Mosaico Dreams Flor Azul je na voljo po zelo ugodni ceni 115 EUR. \u0160irina in dol\u017eina mre\u017ee na katero je pripet ta mozaik sta 31,6&#215;31,6 cm. Mre\u017eo [&hellip;]<\/p>\n","protected":false},"featured_media":104609,"template":"","meta":[],"product_cat":[999405,400,999,410],"product_tag":[],"_links":{"self":[{"href":"https:\/\/www.keramika.com\/slovenija\/wp-json\/wp\/v2\/product\/104608"}],"collection":[{"href":"https:\/\/www.keramika.com\/slovenija\/wp-json\/wp\/v2\/product"}],"about":[{"href":"https:\/\/www.keramika.com\/slovenija\/wp-json\/wp\/v2\/types\/product"}],"wp:featuredmedia":[{"embeddable":true,"href":"https:\/\/www.keramika.com\/slovenija\/wp-json\/wp\/v2\/media\/104609"}],"wp:attachment":[{"href":"https:\/\/www.keramika.com\/slovenija\/wp-json\/wp\/v2\/media?parent=104608"}],"wp:term":[{"taxonomy":"product_cat","embeddable":true,"href":"https:\/\/www.keramika.com\/slovenija\/wp-json\/wp\/v2\/product_cat?post=104608"},{"taxonomy":"product_tag","embeddable":true,"href":"https:\/\/www.keramika.com\/slovenija\/wp-json\/wp\/v2\/product_tag?post=104608"}],"curies":[{"name":"wp","href":"https:\/\/api.w.org\/{rel}","templated":true}]}}