{"id":104602,"date":"2017-03-23T00:16:37","date_gmt":"2017-03-23T00:16:37","guid":{"rendered":"http:\/\/keramika.holest.com\/slovenija\/product\/mosavit-mosaico-bamboo-cocktail\/"},"modified":"2026-01-03T00:01:58","modified_gmt":"2026-01-03T00:01:58","slug":"mosavit-mosaico-bamboo-cocktail","status":"publish","type":"product","link":"https:\/\/www.keramika.com\/slovenija\/mosavit-mosaico-bamboo-cocktail\/","title":{"rendered":"Mosavit Mosaico Bamboo Cocktail"},"content":{"rendered":"<p>Z 31,6&#215;31,6 cm je mre\u017ea na katero so pripete te mozaik plo\u0161\u010dice primerna za razli\u010dne podlage. Zelo moderen mozaik v dominanti beli barvi popestri prav vsak prostor. Ta mozaik plo\u0161\u010dica prihaja iz \u0160panije, ki je znana po kvalitetni keramiki. Redna cena tega mozaika v maloprodaji zna\u0161a 143,75 EUR, v na\u0161i spletni trgovini pa ga lahko dobite \u017ee za 115 EUR. 5 mm debeline je dovolj tudi za zahtevnej\u0161e kupce.<\/p>\n<p>Technical description: <\/p>\n<p>Min. 1 box &#8211; Delivery 30 Euro\/box in EU<\/p>\n","protected":false},"excerpt":{"rendered":"<p>Z 31,6&#215;31,6 cm je mre\u017ea na katero so pripete te mozaik plo\u0161\u010dice primerna za razli\u010dne podlage. Zelo moderen mozaik v dominanti beli barvi popestri prav vsak prostor. Ta mozaik plo\u0161\u010dica prihaja iz \u0160panije, ki je znana po kvalitetni keramiki. Redna cena tega mozaika v maloprodaji zna\u0161a 143,75 EUR, v na\u0161i spletni trgovini pa ga lahko [&hellip;]<\/p>\n","protected":false},"featured_media":104603,"template":"","meta":[],"product_cat":[999405,400,999,410],"product_tag":[],"_links":{"self":[{"href":"https:\/\/www.keramika.com\/slovenija\/wp-json\/wp\/v2\/product\/104602"}],"collection":[{"href":"https:\/\/www.keramika.com\/slovenija\/wp-json\/wp\/v2\/product"}],"about":[{"href":"https:\/\/www.keramika.com\/slovenija\/wp-json\/wp\/v2\/types\/product"}],"wp:featuredmedia":[{"embeddable":true,"href":"https:\/\/www.keramika.com\/slovenija\/wp-json\/wp\/v2\/media\/104603"}],"wp:attachment":[{"href":"https:\/\/www.keramika.com\/slovenija\/wp-json\/wp\/v2\/media?parent=104602"}],"wp:term":[{"taxonomy":"product_cat","embeddable":true,"href":"https:\/\/www.keramika.com\/slovenija\/wp-json\/wp\/v2\/product_cat?post=104602"},{"taxonomy":"product_tag","embeddable":true,"href":"https:\/\/www.keramika.com\/slovenija\/wp-json\/wp\/v2\/product_tag?post=104602"}],"curies":[{"name":"wp","href":"https:\/\/api.w.org\/{rel}","templated":true}]}}