{"id":104596,"date":"2017-04-23T00:16:21","date_gmt":"2017-04-23T00:16:21","guid":{"rendered":"http:\/\/keramika.holest.com\/slovenija\/product\/mosavit-mosaico-bamboo-beige-50\/"},"modified":"2026-01-03T00:01:57","modified_gmt":"2026-01-03T00:01:57","slug":"mosavit-mosaico-bamboo-beige-50","status":"publish","type":"product","link":"https:\/\/www.keramika.com\/slovenija\/mosavit-mosaico-bamboo-beige-50\/","title":{"rendered":"Mosavit Mosaico Bamboo Beige 50"},"content":{"rendered":"<p>Zelo moderen mozaik v dominanti be\u017e barvi popestri prav vsak prostor. 123,44 EUR v klasi\u010dni trgovini, pri nas pa le 98,75 EUR. Mosavit Mosaico Bamboo Beige 50 prihaja iz \u0160panije, ki je znana po zelo kvalitetni keramiki v svetovnem merilu. Dimenzije mre\u017ee na katero je pripet ta mozaik so 31,6&#215;31,6 cm. Mre\u017ea omogo\u010da enostavnej\u0161e polaganje. Debelina kar 5 mm dela ta mozaik zelo trpe\u017een in presti\u017een na otip.<\/p>\n<p>Technical description: <\/p>\n<p>Min. 1 box &#8211; Delivery 30 Euro\/box in EU<\/p>\n","protected":false},"excerpt":{"rendered":"<p>Zelo moderen mozaik v dominanti be\u017e barvi popestri prav vsak prostor. 123,44 EUR v klasi\u010dni trgovini, pri nas pa le 98,75 EUR. Mosavit Mosaico Bamboo Beige 50 prihaja iz \u0160panije, ki je znana po zelo kvalitetni keramiki v svetovnem merilu. Dimenzije mre\u017ee na katero je pripet ta mozaik so 31,6&#215;31,6 cm. Mre\u017ea omogo\u010da enostavnej\u0161e polaganje. [&hellip;]<\/p>\n","protected":false},"featured_media":104597,"template":"","meta":[],"product_cat":[999405,400,999,410],"product_tag":[],"_links":{"self":[{"href":"https:\/\/www.keramika.com\/slovenija\/wp-json\/wp\/v2\/product\/104596"}],"collection":[{"href":"https:\/\/www.keramika.com\/slovenija\/wp-json\/wp\/v2\/product"}],"about":[{"href":"https:\/\/www.keramika.com\/slovenija\/wp-json\/wp\/v2\/types\/product"}],"wp:featuredmedia":[{"embeddable":true,"href":"https:\/\/www.keramika.com\/slovenija\/wp-json\/wp\/v2\/media\/104597"}],"wp:attachment":[{"href":"https:\/\/www.keramika.com\/slovenija\/wp-json\/wp\/v2\/media?parent=104596"}],"wp:term":[{"taxonomy":"product_cat","embeddable":true,"href":"https:\/\/www.keramika.com\/slovenija\/wp-json\/wp\/v2\/product_cat?post=104596"},{"taxonomy":"product_tag","embeddable":true,"href":"https:\/\/www.keramika.com\/slovenija\/wp-json\/wp\/v2\/product_tag?post=104596"}],"curies":[{"name":"wp","href":"https:\/\/api.w.org\/{rel}","templated":true}]}}