{"id":104586,"date":"2018-01-04T00:15:58","date_gmt":"2018-01-04T00:15:58","guid":{"rendered":"http:\/\/keramika.holest.com\/slovenija\/product\/mosavit-mosaico-acquaris-grey\/"},"modified":"2026-01-03T00:01:56","modified_gmt":"2026-01-03T00:01:56","slug":"neutrals-lustre-acquaris","status":"publish","type":"product","link":"https:\/\/www.keramika.com\/slovenija\/neutrals-lustre-acquaris\/","title":{"rendered":"Neutrals lustre Acquaris"},"content":{"rendered":"<p>Ta mozaik plo\u0161\u010dica v \u010dudoviti sivi barvi bo obogatila vsak prostor. Mozaik je debel kar 5 mm, kar ga uvr\u0161\u010da med bolj trde mozaik plo\u0161\u010dice. Z velikostjo mre\u017ee 31,6&#215;31,6 cm na katero je pripet, je ta mozaik primeren ze razli\u010dne povr\u0161ine. Zaradi ni\u017ejih stro\u0161kov pri spletni prodaji boste na na\u0161i strani za ta mozaik od\u0161teli le 96,25 EUR. Ta mozaik plo\u0161\u010dica prihaja iz \u0160panije, ki je znana po kvalitetni keramiki.<\/p>\n<p>Technical description: <\/p>\n<p>Min. 1 box &#8211; Delivery 30 Euro\/box in EU<\/p>\n<p>[vc_row][vc_column][\/vc_column][\/vc_row][vc_row][vc_column width=&#8221;1\/3&#8243;][vc_single_image source=&#8221;external_link&#8221; onclick=&#8221;link_image&#8221; custom_src=&#8221;https:\/\/www.ceramictiles.com\/images\/mosavit\/glass_mosaic_acquaris_bali.jpg&#8221; el_class=&#8221;eheight&#8221;][vc_column_text]<strong>Acquaris Bali<\/strong><br \/><a class=\"pdfcatal\" href=\"\/\/www.ceramictiles.com\/pdf\/catalogue_mosavit_desing.pdf\" onclick=\"recordOutboundLink(this, 'E-mail', 'Description PDF');return false;\"> PDF Zbirni katalog<\/a><\/a><br \/>Za najbolj\u0161o ponudbo nam po\u0161ljite natan\u010dno: barvo, velikost, koli\u010dino in naslov za dostavo.<br \/><a href=\"mailto:keramoteka.salon@gmail.com\" onclick=\"recordOutboundLink(this, 'E-mail', 'Description mail');return false;\">Po\u0161ta za zahtevo<\/a>[\/vc_column_text][vc_separator color=&#8221;black&#8221; border_width=&#8221;2&#8243;]<br \/>\n[\/vc_column][vc_column width=&#8221;1\/3&#8243;][vc_single_image source=&#8221;external_link&#8221; onclick=&#8221;link_image&#8221; custom_src=&#8221;https:\/\/www.ceramictiles.com\/images\/mosavit\/glass_mosaic_acquaris_caribe.jpg&#8221; el_class=&#8221;eheight&#8221;][vc_column_text]<strong>Acquaris Caribe<\/strong><br \/><a class=\"pdfcatal\" href=\"\/\/www.ceramictiles.com\/pdf\/catalogue_mosavit_desing.pdf\" onclick=\"recordOutboundLink(this, 'E-mail', 'Description PDF');return false;\"> PDF Zbirni katalog<\/a><\/a><br \/>Za najbolj\u0161o ponudbo nam po\u0161ljite natan\u010dno: barvo, velikost, koli\u010dino in naslov za dostavo.<br \/><a href=\"mailto:keramoteka.salon@gmail.com\" onclick=\"recordOutboundLink(this, 'E-mail', 'Description mail');return false;\">Po\u0161ta za zahtevo<\/a>[\/vc_column_text][vc_separator color=&#8221;black&#8221; border_width=&#8221;2&#8243;]<br \/>\n[\/vc_column][vc_column width=&#8221;1\/3&#8243;][vc_single_image source=&#8221;external_link&#8221; onclick=&#8221;link_image&#8221; custom_src=&#8221;https:\/\/www.ceramictiles.com\/images\/mosavit\/glass_mosaic_acquaris_carmin.jpg&#8221; el_class=&#8221;eheight&#8221;][vc_column_text]<strong>Acquaris Carmin<\/strong><br \/><a class=\"pdfcatal\" href=\"\/\/www.ceramictiles.com\/pdf\/catalogue_mosavit_desing.pdf\" onclick=\"recordOutboundLink(this, 'E-mail', 'Description PDF');return false;\"> PDF Zbirni katalog<\/a><\/a><br \/>Za najbolj\u0161o ponudbo nam po\u0161ljite natan\u010dno: barvo, velikost, koli\u010dino in naslov za dostavo.<br \/><a href=\"mailto:keramoteka.salon@gmail.com\" onclick=\"recordOutboundLink(this, 'E-mail', 'Description mail');return false;\">Po\u0161ta za zahtevo<\/a>[\/vc_column_text][vc_separator color=&#8221;black&#8221; border_width=&#8221;2&#8243;]<br \/>\n[\/vc_column][vc_column width=&#8221;1\/3&#8243;][vc_single_image source=&#8221;external_link&#8221; onclick=&#8221;link_image&#8221; custom_src=&#8221;https:\/\/www.ceramictiles.com\/images\/mosavit\/glass_mosaic_acquaris_celeste.jpg&#8221; el_class=&#8221;eheight&#8221;][vc_column_text]<strong>Acquaris Celeste<\/strong><br \/><a class=\"pdfcatal\" href=\"\/\/www.ceramictiles.com\/pdf\/catalogue_mosavit_desing.pdf\" onclick=\"recordOutboundLink(this, 'E-mail', 'Description PDF');return false;\"> PDF Zbirni katalog<\/a><\/a><br \/>Za najbolj\u0161o ponudbo nam po\u0161ljite natan\u010dno: barvo, velikost, koli\u010dino in naslov za dostavo.<br \/><a href=\"mailto:keramoteka.salon@gmail.com\" onclick=\"recordOutboundLink(this, 'E-mail', 'Description mail');return false;\">Po\u0161ta za zahtevo<\/a>[\/vc_column_text][vc_separator color=&#8221;black&#8221; border_width=&#8221;2&#8243;]<br \/>\n[\/vc_column][vc_column width=&#8221;1\/3&#8243;][vc_single_image source=&#8221;external_link&#8221; onclick=&#8221;link_image&#8221; custom_src=&#8221;https:\/\/www.ceramictiles.com\/images\/mosavit\/glass_mosaic_acquaris_cobalto.jpg&#8221; el_class=&#8221;eheight&#8221;][vc_column_text]<strong>Acquaris Cobalto<\/strong><br \/><a class=\"pdfcatal\" href=\"\/\/www.ceramictiles.com\/pdf\/catalogue_mosavit_desing.pdf\" onclick=\"recordOutboundLink(this, 'E-mail', 'Description PDF');return false;\"> PDF Zbirni katalog<\/a><\/a><br \/>Za najbolj\u0161o ponudbo nam po\u0161ljite natan\u010dno: barvo, velikost, koli\u010dino in naslov za dostavo.<br \/><a href=\"mailto:keramoteka.salon@gmail.com\" onclick=\"recordOutboundLink(this, 'E-mail', 'Description mail');return false;\">Po\u0161ta za zahtevo<\/a>[\/vc_column_text][vc_separator color=&#8221;black&#8221; border_width=&#8221;2&#8243;]<br \/>\n[\/vc_column][vc_column width=&#8221;1\/3&#8243;][vc_single_image source=&#8221;external_link&#8221; onclick=&#8221;link_image&#8221; custom_src=&#8221;https:\/\/www.ceramictiles.com\/images\/mosavit\/glass_mosaic_acquaris_coffee.jpg&#8221; el_class=&#8221;eheight&#8221;][vc_column_text]<strong>Acquaris Coffee<\/strong><br \/><a class=\"pdfcatal\" href=\"\/\/www.ceramictiles.com\/pdf\/catalogue_mosavit_desing.pdf\" onclick=\"recordOutboundLink(this, 'E-mail', 'Description PDF');return false;\"> PDF Zbirni katalog<\/a><\/a><br \/>Za najbolj\u0161o ponudbo nam po\u0161ljite natan\u010dno: barvo, velikost, koli\u010dino in naslov za dostavo.<br \/><a href=\"mailto:keramoteka.salon@gmail.com\" onclick=\"recordOutboundLink(this, 'E-mail', 'Description mail');return false;\">Po\u0161ta za zahtevo<\/a>[\/vc_column_text][vc_separator color=&#8221;black&#8221; border_width=&#8221;2&#8243;]<br \/>\n[\/vc_column][vc_column width=&#8221;1\/3&#8243;][vc_single_image source=&#8221;external_link&#8221; onclick=&#8221;link_image&#8221; custom_src=&#8221;https:\/\/www.ceramictiles.com\/images\/mosavit\/glass_mosaic_acquaris_edel.jpg&#8221; el_class=&#8221;eheight&#8221;][vc_column_text]<strong>Acquaris Edel<\/strong><br \/><a class=\"pdfcatal\" href=\"\/\/www.ceramictiles.com\/pdf\/catalogue_mosavit_desing.pdf\" onclick=\"recordOutboundLink(this, 'E-mail', 'Description PDF');return false;\"> PDF Zbirni katalog<\/a><\/a><br \/>Za najbolj\u0161o ponudbo nam po\u0161ljite natan\u010dno: barvo, velikost, koli\u010dino in naslov za dostavo.<br \/><a href=\"mailto:keramoteka.salon@gmail.com\" onclick=\"recordOutboundLink(this, 'E-mail', 'Description mail');return false;\">Po\u0161ta za zahtevo<\/a>[\/vc_column_text][vc_separator color=&#8221;black&#8221; border_width=&#8221;2&#8243;]<br \/>\n[\/vc_column][vc_column width=&#8221;1\/3&#8243;][vc_single_image source=&#8221;external_link&#8221; onclick=&#8221;link_image&#8221; custom_src=&#8221;https:\/\/www.ceramictiles.com\/images\/mosavit\/glass_mosaic_acquaris_grey.jpg&#8221; el_class=&#8221;eheight&#8221;][vc_column_text]<strong>Acquaris Grey<\/strong><br \/><a class=\"pdfcatal\" href=\"\/\/www.ceramictiles.com\/pdf\/catalogue_mosavit_desing.pdf\" onclick=\"recordOutboundLink(this, 'E-mail', 'Description PDF');return false;\"> PDF Zbirni katalog<\/a><\/a><br \/>Za najbolj\u0161o ponudbo nam po\u0161ljite natan\u010dno: barvo, velikost, koli\u010dino in naslov za dostavo.<br \/><a href=\"mailto:keramoteka.salon@gmail.com\" onclick=\"recordOutboundLink(this, 'E-mail', 'Description mail');return false;\">Po\u0161ta za zahtevo<\/a>[\/vc_column_text][vc_separator color=&#8221;black&#8221; border_width=&#8221;2&#8243;]<br \/>\n[\/vc_column][vc_column width=&#8221;1\/3&#8243;][vc_single_image source=&#8221;external_link&#8221; onclick=&#8221;link_image&#8221; custom_src=&#8221;https:\/\/www.ceramictiles.com\/images\/mosavit\/glass_mosaic_acquaris_jacaranda.jpg&#8221; el_class=&#8221;eheight&#8221;][vc_column_text]<strong>Acquaris Jacaranda<\/strong><br \/><a class=\"pdfcatal\" href=\"\/\/www.ceramictiles.com\/pdf\/catalogue_mosavit_desing.pdf\" onclick=\"recordOutboundLink(this, 'E-mail', 'Description PDF');return false;\"> PDF Zbirni katalog<\/a><\/a><br \/>Za najbolj\u0161o ponudbo nam po\u0161ljite natan\u010dno: barvo, velikost, koli\u010dino in naslov za dostavo.<br \/><a href=\"mailto:keramoteka.salon@gmail.com\" onclick=\"recordOutboundLink(this, 'E-mail', 'Description mail');return false;\">Po\u0161ta za zahtevo<\/a>[\/vc_column_text][vc_separator color=&#8221;black&#8221; border_width=&#8221;2&#8243;]<br \/>\n[\/vc_column][vc_column width=&#8221;1\/3&#8243;][vc_single_image source=&#8221;external_link&#8221; onclick=&#8221;link_image&#8221; custom_src=&#8221;https:\/\/www.ceramictiles.com\/images\/mosavit\/glass_mosaic_acquaris_jacinto.jpg&#8221; el_class=&#8221;eheight&#8221;][vc_column_text]<strong>Acquaris Jacinto<\/strong><br \/><a class=\"pdfcatal\" href=\"\/\/www.ceramictiles.com\/pdf\/catalogue_mosavit_desing.pdf\" onclick=\"recordOutboundLink(this, 'E-mail', 'Description PDF');return false;\"> PDF Zbirni katalog<\/a><\/a><br \/>Za najbolj\u0161o ponudbo nam po\u0161ljite natan\u010dno: barvo, velikost, koli\u010dino in naslov za dostavo.<br \/><a href=\"mailto:keramoteka.salon@gmail.com\" onclick=\"recordOutboundLink(this, 'E-mail', 'Description mail');return false;\">Po\u0161ta za zahtevo<\/a>[\/vc_column_text][vc_separator color=&#8221;black&#8221; border_width=&#8221;2&#8243;]<br \/>\n[\/vc_column][vc_column width=&#8221;1\/3&#8243;][vc_single_image source=&#8221;external_link&#8221; onclick=&#8221;link_image&#8221; custom_src=&#8221;https:\/\/www.ceramictiles.com\/images\/mosavit\/glass_mosaic_acquaris_jazmin.jpg&#8221; el_class=&#8221;eheight&#8221;][vc_column_text]<strong>Acquaris Jazmin<\/strong><br \/><a class=\"pdfcatal\" href=\"\/\/www.ceramictiles.com\/pdf\/catalogue_mosavit_desing.pdf\" onclick=\"recordOutboundLink(this, 'E-mail', 'Description PDF');return false;\"> PDF Zbirni katalog<\/a><\/a><br \/>Za najbolj\u0161o ponudbo nam po\u0161ljite natan\u010dno: barvo, velikost, koli\u010dino in naslov za dostavo.<br \/><a href=\"mailto:keramoteka.salon@gmail.com\" onclick=\"recordOutboundLink(this, 'E-mail', 'Description mail');return false;\">Po\u0161ta za zahtevo<\/a>[\/vc_column_text][vc_separator color=&#8221;black&#8221; border_width=&#8221;2&#8243;]<br \/>\n[\/vc_column][vc_column width=&#8221;1\/3&#8243;][vc_single_image source=&#8221;external_link&#8221; onclick=&#8221;link_image&#8221; custom_src=&#8221;https:\/\/www.ceramictiles.com\/images\/mosavit\/glass_mosaic_acquaris_lavanda.jpg&#8221; el_class=&#8221;eheight&#8221;][vc_column_text]<strong>Acquaris Lavanda<\/strong><br \/><a class=\"pdfcatal\" href=\"\/\/www.ceramictiles.com\/pdf\/catalogue_mosavit_desing.pdf\" onclick=\"recordOutboundLink(this, 'E-mail', 'Description PDF');return false;\"> PDF Zbirni katalog<\/a><\/a><br \/>Za najbolj\u0161o ponudbo nam po\u0161ljite natan\u010dno: barvo, velikost, koli\u010dino in naslov za dostavo.<br \/><a href=\"mailto:keramoteka.salon@gmail.com\" onclick=\"recordOutboundLink(this, 'E-mail', 'Description mail');return false;\">Po\u0161ta za zahtevo<\/a>[\/vc_column_text][vc_separator color=&#8221;black&#8221; border_width=&#8221;2&#8243;]<br \/>\n[\/vc_column][vc_column width=&#8221;1\/3&#8243;][vc_single_image source=&#8221;external_link&#8221; onclick=&#8221;link_image&#8221; custom_src=&#8221;https:\/\/www.ceramictiles.com\/images\/mosavit\/glass_mosaic_acquaris_lila.jpg&#8221; el_class=&#8221;eheight&#8221;][vc_column_text]<strong>Acquaris Lila<\/strong><br \/><a class=\"pdfcatal\" href=\"\/\/www.ceramictiles.com\/pdf\/catalogue_mosavit_desing.pdf\" onclick=\"recordOutboundLink(this, 'E-mail', 'Description PDF');return false;\"> PDF Zbirni katalog<\/a><\/a><br \/>Za najbolj\u0161o ponudbo nam po\u0161ljite natan\u010dno: barvo, velikost, koli\u010dino in naslov za dostavo.<br \/><a href=\"mailto:keramoteka.salon@gmail.com\" onclick=\"recordOutboundLink(this, 'E-mail', 'Description mail');return false;\">Po\u0161ta za zahtevo<\/a>[\/vc_column_text][vc_separator color=&#8221;black&#8221; border_width=&#8221;2&#8243;]<br \/>\n[\/vc_column][vc_column width=&#8221;1\/3&#8243;][vc_single_image source=&#8221;external_link&#8221; onclick=&#8221;link_image&#8221; custom_src=&#8221;https:\/\/www.ceramictiles.com\/images\/mosavit\/glass_mosaic_acquaris_lotto.jpg&#8221; el_class=&#8221;eheight&#8221;][vc_column_text]<strong>Acquaris Lotto<\/strong><br \/><a class=\"pdfcatal\" href=\"\/\/www.ceramictiles.com\/pdf\/catalogue_mosavit_desing.pdf\" onclick=\"recordOutboundLink(this, 'E-mail', 'Description PDF');return false;\"> PDF Zbirni katalog<\/a><\/a><br \/>Za najbolj\u0161o ponudbo nam po\u0161ljite natan\u010dno: barvo, velikost, koli\u010dino in naslov za dostavo.<br \/><a href=\"mailto:keramoteka.salon@gmail.com\" onclick=\"recordOutboundLink(this, 'E-mail', 'Description mail');return false;\">Po\u0161ta za zahtevo<\/a>[\/vc_column_text][vc_separator color=&#8221;black&#8221; border_width=&#8221;2&#8243;]<br \/>\n[\/vc_column][vc_column width=&#8221;1\/3&#8243;][vc_single_image source=&#8221;external_link&#8221; onclick=&#8221;link_image&#8221; custom_src=&#8221;https:\/\/www.ceramictiles.com\/images\/mosavit\/glass_mosaic_acquaris_lunaria.jpg&#8221; el_class=&#8221;eheight&#8221;][vc_column_text]<strong>Acquaris Lunaria<\/strong><br \/><a class=\"pdfcatal\" href=\"\/\/www.ceramictiles.com\/pdf\/catalogue_mosavit_desing.pdf\" onclick=\"recordOutboundLink(this, 'E-mail', 'Description PDF');return false;\"> PDF Zbirni katalog<\/a><\/a><br \/>Za najbolj\u0161o ponudbo nam po\u0161ljite natan\u010dno: barvo, velikost, koli\u010dino in naslov za dostavo.<br \/><a href=\"mailto:keramoteka.salon@gmail.com\" onclick=\"recordOutboundLink(this, 'E-mail', 'Description mail');return false;\">Po\u0161ta za zahtevo<\/a>[\/vc_column_text][vc_separator color=&#8221;black&#8221; border_width=&#8221;2&#8243;]<br \/>\n[\/vc_column][vc_column width=&#8221;1\/3&#8243;][vc_single_image source=&#8221;external_link&#8221; onclick=&#8221;link_image&#8221; custom_src=&#8221;https:\/\/www.ceramictiles.com\/images\/mosavit\/glass_mosaic_acquaris_magnolia.jpg&#8221; el_class=&#8221;eheight&#8221;][vc_column_text]<strong>Acquaris Magnolia<\/strong><br \/><a class=\"pdfcatal\" href=\"\/\/www.ceramictiles.com\/pdf\/catalogue_mosavit_desing.pdf\" onclick=\"recordOutboundLink(this, 'E-mail', 'Description PDF');return false;\"> PDF Zbirni katalog<\/a><\/a><br \/>Za najbolj\u0161o ponudbo nam po\u0161ljite natan\u010dno: barvo, velikost, koli\u010dino in naslov za dostavo.<br \/><a href=\"mailto:keramoteka.salon@gmail.com\" onclick=\"recordOutboundLink(this, 'E-mail', 'Description mail');return false;\">Po\u0161ta za zahtevo<\/a>[\/vc_column_text][vc_separator color=&#8221;black&#8221; border_width=&#8221;2&#8243;]<br \/>\n[\/vc_column][vc_column width=&#8221;1\/3&#8243;][vc_single_image source=&#8221;external_link&#8221; onclick=&#8221;link_image&#8221; custom_src=&#8221;https:\/\/www.ceramictiles.com\/images\/mosavit\/glass_mosaic_acquaris_maldivas.jpg&#8221; el_class=&#8221;eheight&#8221;][vc_column_text]<strong>Acquaris Maldivas<\/strong><br \/><a class=\"pdfcatal\" href=\"\/\/www.ceramictiles.com\/pdf\/catalogue_mosavit_desing.pdf\" onclick=\"recordOutboundLink(this, 'E-mail', 'Description PDF');return false;\"> PDF Zbirni katalog<\/a><\/a><br \/>Za najbolj\u0161o ponudbo nam po\u0161ljite natan\u010dno: barvo, velikost, koli\u010dino in naslov za dostavo.<br \/><a href=\"mailto:keramoteka.salon@gmail.com\" onclick=\"recordOutboundLink(this, 'E-mail', 'Description mail');return false;\">Po\u0161ta za zahtevo<\/a>[\/vc_column_text][vc_separator color=&#8221;black&#8221; border_width=&#8221;2&#8243;]<br \/>\n[\/vc_column][vc_column width=&#8221;1\/3&#8243;][vc_single_image source=&#8221;external_link&#8221; onclick=&#8221;link_image&#8221; custom_src=&#8221;https:\/\/www.ceramictiles.com\/images\/mosavit\/glass_mosaic_acquaris_narciso.jpg&#8221; el_class=&#8221;eheight&#8221;][vc_column_text]<strong>Acquaris Narciso<\/strong><br \/><a class=\"pdfcatal\" href=\"\/\/www.ceramictiles.com\/pdf\/catalogue_mosavit_desing.pdf\" onclick=\"recordOutboundLink(this, 'E-mail', 'Description PDF');return false;\"> PDF Zbirni katalog<\/a><\/a><br \/>Za najbolj\u0161o ponudbo nam po\u0161ljite natan\u010dno: barvo, velikost, koli\u010dino in naslov za dostavo.<br \/><a href=\"mailto:keramoteka.salon@gmail.com\" onclick=\"recordOutboundLink(this, 'E-mail', 'Description mail');return false;\">Po\u0161ta za zahtevo<\/a>[\/vc_column_text][vc_separator color=&#8221;black&#8221; border_width=&#8221;2&#8243;]<br \/>\n[\/vc_column][vc_column width=&#8221;1\/3&#8243;][vc_single_image source=&#8221;external_link&#8221; onclick=&#8221;link_image&#8221; custom_src=&#8221;https:\/\/www.ceramictiles.com\/images\/mosavit\/glass_mosaic_acquaris_nenufar.jpg&#8221; el_class=&#8221;eheight&#8221;][vc_column_text]<strong>Acquaris Nenufar<\/strong><br \/><a class=\"pdfcatal\" href=\"\/\/www.ceramictiles.com\/pdf\/catalogue_mosavit_desing.pdf\" onclick=\"recordOutboundLink(this, 'E-mail', 'Description PDF');return false;\"> PDF Zbirni katalog<\/a><\/a><br \/>Za najbolj\u0161o ponudbo nam po\u0161ljite natan\u010dno: barvo, velikost, koli\u010dino in naslov za dostavo.<br \/><a href=\"mailto:keramoteka.salon@gmail.com\" onclick=\"recordOutboundLink(this, 'E-mail', 'Description mail');return false;\">Po\u0161ta za zahtevo<\/a>[\/vc_column_text][vc_separator color=&#8221;black&#8221; border_width=&#8221;2&#8243;]<br \/>\n[\/vc_column][vc_column width=&#8221;1\/3&#8243;][vc_single_image source=&#8221;external_link&#8221; onclick=&#8221;link_image&#8221; custom_src=&#8221;https:\/\/www.ceramictiles.com\/images\/mosavit\/glass_mosaic_acquaris_oran.jpg&#8221; el_class=&#8221;eheight&#8221;][vc_column_text]<strong>Acquaris Oran<\/strong><br \/><a class=\"pdfcatal\" href=\"\/\/www.ceramictiles.com\/pdf\/catalogue_mosavit_desing.pdf\" onclick=\"recordOutboundLink(this, 'E-mail', 'Description PDF');return false;\"> PDF Zbirni katalog<\/a><\/a><br \/>Za najbolj\u0161o ponudbo nam po\u0161ljite natan\u010dno: barvo, velikost, koli\u010dino in naslov za dostavo.<br \/><a href=\"mailto:keramoteka.salon@gmail.com\" onclick=\"recordOutboundLink(this, 'E-mail', 'Description mail');return false;\">Po\u0161ta za zahtevo<\/a>[\/vc_column_text][vc_separator color=&#8221;black&#8221; border_width=&#8221;2&#8243;]<br \/>\n[\/vc_column][vc_column width=&#8221;1\/3&#8243;][vc_single_image source=&#8221;external_link&#8221; onclick=&#8221;link_image&#8221; custom_src=&#8221;https:\/\/www.ceramictiles.com\/images\/mosavit\/glass_mosaic_acquaris_pasion.jpg&#8221; el_class=&#8221;eheight&#8221;][vc_column_text]<strong>Acquaris Pasion<\/strong><br \/><a class=\"pdfcatal\" href=\"\/\/www.ceramictiles.com\/pdf\/catalogue_mosavit_desing.pdf\" onclick=\"recordOutboundLink(this, 'E-mail', 'Description PDF');return false;\"> PDF Zbirni katalog<\/a><\/a><br \/>Za najbolj\u0161o ponudbo nam po\u0161ljite natan\u010dno: barvo, velikost, koli\u010dino in naslov za dostavo.<br \/><a href=\"mailto:keramoteka.salon@gmail.com\" onclick=\"recordOutboundLink(this, 'E-mail', 'Description mail');return false;\">Po\u0161ta za zahtevo<\/a>[\/vc_column_text][vc_separator color=&#8221;black&#8221; border_width=&#8221;2&#8243;]<br \/>\n[\/vc_column][vc_column width=&#8221;1\/3&#8243;][vc_single_image source=&#8221;external_link&#8221; onclick=&#8221;link_image&#8221; custom_src=&#8221;https:\/\/www.ceramictiles.com\/images\/mosavit\/glass_mosaic_acquaris_petunia.jpg&#8221; el_class=&#8221;eheight&#8221;][vc_column_text]<strong>Acquaris Petunia<\/strong><br \/><a class=\"pdfcatal\" href=\"\/\/www.ceramictiles.com\/pdf\/catalogue_mosavit_desing.pdf\" onclick=\"recordOutboundLink(this, 'E-mail', 'Description PDF');return false;\"> PDF Zbirni katalog<\/a><\/a><br \/>Za najbolj\u0161o ponudbo nam po\u0161ljite natan\u010dno: barvo, velikost, koli\u010dino in naslov za dostavo.<br \/><a href=\"mailto:keramoteka.salon@gmail.com\" onclick=\"recordOutboundLink(this, 'E-mail', 'Description mail');return false;\">Po\u0161ta za zahtevo<\/a>[\/vc_column_text][vc_separator color=&#8221;black&#8221; border_width=&#8221;2&#8243;]<br \/>\n[\/vc_column][vc_column width=&#8221;1\/3&#8243;][vc_single_image source=&#8221;external_link&#8221; onclick=&#8221;link_image&#8221; custom_src=&#8221;https:\/\/www.ceramictiles.com\/images\/mosavit\/glass_mosaic_acquaris_sahe.jpg&#8221; el_class=&#8221;eheight&#8221;][vc_column_text]<strong>Acquaris Sahe<\/strong><br \/><a class=\"pdfcatal\" href=\"\/\/www.ceramictiles.com\/pdf\/catalogue_mosavit_desing.pdf\" onclick=\"recordOutboundLink(this, 'E-mail', 'Description PDF');return false;\"> PDF Zbirni katalog<\/a><\/a><br \/>Za najbolj\u0161o ponudbo nam po\u0161ljite natan\u010dno: barvo, velikost, koli\u010dino in naslov za dostavo.<br \/><a href=\"mailto:keramoteka.salon@gmail.com\" onclick=\"recordOutboundLink(this, 'E-mail', 'Description mail');return false;\">Po\u0161ta za zahtevo<\/a>[\/vc_column_text][vc_separator color=&#8221;black&#8221; border_width=&#8221;2&#8243;]<br \/>\n[\/vc_column][vc_column width=&#8221;1\/3&#8243;][vc_single_image source=&#8221;external_link&#8221; onclick=&#8221;link_image&#8221; custom_src=&#8221;https:\/\/www.ceramictiles.com\/images\/mosavit\/glass_mosaic_acquaris_sandal.jpg&#8221; el_class=&#8221;eheight&#8221;][vc_column_text]<strong>Acquaris Sandal<\/strong><br \/><a class=\"pdfcatal\" href=\"\/\/www.ceramictiles.com\/pdf\/catalogue_mosavit_desing.pdf\" onclick=\"recordOutboundLink(this, 'E-mail', 'Description PDF');return false;\"> PDF Zbirni katalog<\/a><\/a><br \/>Za najbolj\u0161o ponudbo nam po\u0161ljite natan\u010dno: barvo, velikost, koli\u010dino in naslov za dostavo.<br \/><a href=\"mailto:keramoteka.salon@gmail.com\" onclick=\"recordOutboundLink(this, 'E-mail', 'Description mail');return false;\">Po\u0161ta za zahtevo<\/a>[\/vc_column_text][vc_separator color=&#8221;black&#8221; border_width=&#8221;2&#8243;]<br \/>\n[\/vc_column][vc_column width=&#8221;1\/3&#8243;][vc_single_image source=&#8221;external_link&#8221; onclick=&#8221;link_image&#8221; custom_src=&#8221;https:\/\/www.ceramictiles.com\/images\/mosavit\/glass_mosaic_acquaris_tamarindo.jpg&#8221; el_class=&#8221;eheight&#8221;][vc_column_text]<strong>Acquaris Tamarindo<\/strong><br \/><a class=\"pdfcatal\" href=\"\/\/www.ceramictiles.com\/pdf\/catalogue_mosavit_desing.pdf\" onclick=\"recordOutboundLink(this, 'E-mail', 'Description PDF');return false;\"> PDF Zbirni katalog<\/a><\/a><br \/>Za najbolj\u0161o ponudbo nam po\u0161ljite natan\u010dno: barvo, velikost, koli\u010dino in naslov za dostavo.<br \/><a href=\"mailto:keramoteka.salon@gmail.com\" onclick=\"recordOutboundLink(this, 'E-mail', 'Description mail');return false;\">Po\u0161ta za zahtevo<\/a>[\/vc_column_text][vc_separator color=&#8221;black&#8221; border_width=&#8221;2&#8243;]<br \/>\n[\/vc_column][vc_column width=&#8221;1\/3&#8243;][vc_single_image source=&#8221;external_link&#8221; onclick=&#8221;link_image&#8221; custom_src=&#8221;https:\/\/www.ceramictiles.com\/images\/mosavit\/glass_mosaic_acquaris_tulipan.jpg&#8221; el_class=&#8221;eheight&#8221;][vc_column_text]<strong>Acquaris Tulipan<\/strong><br \/><a class=\"pdfcatal\" href=\"\/\/www.ceramictiles.com\/pdf\/catalogue_mosavit_desing.pdf\" onclick=\"recordOutboundLink(this, 'E-mail', 'Description PDF');return false;\"> PDF Zbirni katalog<\/a><\/a><br \/>Za najbolj\u0161o ponudbo nam po\u0161ljite natan\u010dno: barvo, velikost, koli\u010dino in naslov za dostavo.<br \/><a href=\"mailto:keramoteka.salon@gmail.com\" onclick=\"recordOutboundLink(this, 'E-mail', 'Description mail');return false;\">Po\u0161ta za zahtevo<\/a>[\/vc_column_text][vc_separator color=&#8221;black&#8221; border_width=&#8221;2&#8243;]<br \/>\n[\/vc_column][vc_column width=&#8221;1\/3&#8243;][vc_single_image source=&#8221;external_link&#8221; onclick=&#8221;link_image&#8221; custom_src=&#8221;https:\/\/www.ceramictiles.com\/images\/mosavit\/glass_mosaic_acquaris_verbena.jpg&#8221; el_class=&#8221;eheight&#8221;][vc_column_text]<strong>Acquaris Verbena<\/strong><br \/><a class=\"pdfcatal\" href=\"\/\/www.ceramictiles.com\/pdf\/catalogue_mosavit_desing.pdf\" onclick=\"recordOutboundLink(this, 'E-mail', 'Description PDF');return false;\"> PDF Zbirni katalog<\/a><\/a><br \/>Za najbolj\u0161o ponudbo nam po\u0161ljite natan\u010dno: barvo, velikost, koli\u010dino in naslov za dostavo.<br \/><a href=\"mailto:keramoteka.salon@gmail.com\" onclick=\"recordOutboundLink(this, 'E-mail', 'Description mail');return false;\">Po\u0161ta za zahtevo<\/a>[\/vc_column_text][vc_separator color=&#8221;black&#8221; border_width=&#8221;2&#8243;]<\/p>\n<p>[\/vc_column][\/vc_row]<\/p>\n","protected":false},"excerpt":{"rendered":"<p>Stekleni mozaik z bisernim u\u010dinkom<\/p>\n","protected":false},"featured_media":104587,"template":"","meta":[],"product_cat":[999405,400,999,410],"product_tag":[99921974,99921989],"_links":{"self":[{"href":"https:\/\/www.keramika.com\/slovenija\/wp-json\/wp\/v2\/product\/104586"}],"collection":[{"href":"https:\/\/www.keramika.com\/slovenija\/wp-json\/wp\/v2\/product"}],"about":[{"href":"https:\/\/www.keramika.com\/slovenija\/wp-json\/wp\/v2\/types\/product"}],"wp:featuredmedia":[{"embeddable":true,"href":"https:\/\/www.keramika.com\/slovenija\/wp-json\/wp\/v2\/media\/104587"}],"wp:attachment":[{"href":"https:\/\/www.keramika.com\/slovenija\/wp-json\/wp\/v2\/media?parent=104586"}],"wp:term":[{"taxonomy":"product_cat","embeddable":true,"href":"https:\/\/www.keramika.com\/slovenija\/wp-json\/wp\/v2\/product_cat?post=104586"},{"taxonomy":"product_tag","embeddable":true,"href":"https:\/\/www.keramika.com\/slovenija\/wp-json\/wp\/v2\/product_tag?post=104586"}],"curies":[{"name":"wp","href":"https:\/\/api.w.org\/{rel}","templated":true}]}}