{"id":104564,"date":"2017-03-23T00:15:18","date_gmt":"2017-03-23T00:15:18","guid":{"rendered":"http:\/\/keramika.holest.com\/slovenija\/product\/aparici-mosaic-surface-grey\/"},"modified":"2017-03-23T00:15:18","modified_gmt":"2017-03-23T00:15:18","slug":"aparici-mosaic-surface-grey","status":"publish","type":"product","link":"https:\/\/www.keramika.com\/slovenija\/aparici-mosaic-surface-grey\/","title":{"rendered":"Aparici Mosaic Surface Grey"},"content":{"rendered":"<p>Dimenzije mre\u017ee na katero je pripet ta mozaik so 30&#215;30 cm. Mre\u017ea omogo\u010da enostavnej\u0161e polaganje. Debelina kar 6 mm dela ta mozaik zelo trpe\u017een in presti\u017een na otip. Aparici Mosaic Surface Grey je pripeljana iz \u0160panije in je zelo kvalitetna. Ta mozaik je na voljo v \u010dudoviti sivi prevladujo\u010di barvi, \u010de \u017eelite kak\u0161no drugo barvo pa nas kontaktirajte in preverili bomo pri proizvajalcu.<\/p>\n<p>Kliknite na ime kolekcije za ogled vseh plo\u0161\u010dic iz te serije: <a class=\"pdfcatal\" href=\"\/\/www.ceramictiles.com\/pdf\/aparici\/catalogue_mosaics_aparici.pdf\" onclick=\"recordOutboundLink(this, 'E-mail', 'Description PDF');return false;\">Aparici Aparici Mosaicos<\/a><\/p>\n<p>\u010ce \u017eelite naro\u010diti model iz pdf kataloga te kolekcije, nam pi\u0161ite na: <a href=\"mailto:keramoteka.salon@gmail.com\" onclick=\"recordOutboundLink(this, 'E-mail', 'Description mail');return false;\">keramoteka.salon@gmail.com<\/a> ali pa nas pokli\u010dite na: +386 31 255 900.<\/p>\n<p>Technical description: Natural stone mosaic 28&#215;28<\/p>\n","protected":false},"excerpt":{"rendered":"<p>Dimenzije mre\u017ee na katero je pripet ta mozaik so 30&#215;30 cm. Mre\u017ea omogo\u010da enostavnej\u0161e polaganje. Debelina kar 6 mm dela ta mozaik zelo trpe\u017een in presti\u017een na otip. Aparici Mosaic Surface Grey je pripeljana iz \u0160panije in je zelo kvalitetna. Ta mozaik je na voljo v \u010dudoviti sivi prevladujo\u010di barvi, \u010de \u017eelite kak\u0161no drugo barvo [&hellip;]<\/p>\n","protected":false},"featured_media":104565,"template":"","meta":[],"product_cat":[999773,420,400,999],"product_tag":[],"_links":{"self":[{"href":"https:\/\/www.keramika.com\/slovenija\/wp-json\/wp\/v2\/product\/104564"}],"collection":[{"href":"https:\/\/www.keramika.com\/slovenija\/wp-json\/wp\/v2\/product"}],"about":[{"href":"https:\/\/www.keramika.com\/slovenija\/wp-json\/wp\/v2\/types\/product"}],"wp:featuredmedia":[{"embeddable":true,"href":"https:\/\/www.keramika.com\/slovenija\/wp-json\/wp\/v2\/media\/104565"}],"wp:attachment":[{"href":"https:\/\/www.keramika.com\/slovenija\/wp-json\/wp\/v2\/media?parent=104564"}],"wp:term":[{"taxonomy":"product_cat","embeddable":true,"href":"https:\/\/www.keramika.com\/slovenija\/wp-json\/wp\/v2\/product_cat?post=104564"},{"taxonomy":"product_tag","embeddable":true,"href":"https:\/\/www.keramika.com\/slovenija\/wp-json\/wp\/v2\/product_tag?post=104564"}],"curies":[{"name":"wp","href":"https:\/\/api.w.org\/{rel}","templated":true}]}}