{"id":104456,"date":"2017-03-23T00:11:50","date_gmt":"2017-03-23T00:11:50","guid":{"rendered":"http:\/\/keramika.holest.com\/slovenija\/product\/aparici-mosaic-motion-side-brown\/"},"modified":"2017-03-23T00:11:50","modified_gmt":"2017-03-23T00:11:50","slug":"aparici-mosaic-motion-side-brown","status":"publish","type":"product","link":"https:\/\/www.keramika.com\/slovenija\/aparici-mosaic-motion-side-brown\/","title":{"rendered":"Aparici Mosaic Motion Side Brown"},"content":{"rendered":"<p>6 mm je debelina, ki zadovolji tudi zahtevnej\u0161e kupce. Ta mozaik je na voljo v \u010dudoviti rjavi prevladujo\u010di barvi, \u010de \u017eelite kak\u0161no drugo barvo pa nas kontaktirajte in preverili bomo pri proizvajalcu. Aparici Mosaic Motion Side Brown prihaja iz \u0160panije, ki je znana po zelo kvalitetni keramiki v svetovnem merilu. Z velikostjo mre\u017ee 30&#215;30 cm na katero je pripet, je ta mozaik primeren ze razli\u010dne povr\u0161ine.<\/p>\n<p>Kliknite na ime kolekcije za ogled vseh plo\u0161\u010dic iz te serije: <a class=\"pdfcatal\" href=\"\/\/www.ceramictiles.com\/pdf\/aparici\/catalogue_mosaics_aparici.pdf\" onclick=\"recordOutboundLink(this, 'E-mail', 'Description PDF');return false;\">Aparici Aparici Mosaicos<\/a><\/p>\n<p>\u010ce \u017eelite naro\u010diti model iz pdf kataloga te kolekcije, nam pi\u0161ite na: <a href=\"mailto:keramoteka.salon@gmail.com\" onclick=\"recordOutboundLink(this, 'E-mail', 'Description mail');return false;\">keramoteka.salon@gmail.com<\/a> ali pa nas pokli\u010dite na: +386 31 255 900.<\/p>\n<p>Technical description: Natural stone mosaic 30.5&#215;30.5<\/p>\n","protected":false},"excerpt":{"rendered":"<p>6 mm je debelina, ki zadovolji tudi zahtevnej\u0161e kupce. Ta mozaik je na voljo v \u010dudoviti rjavi prevladujo\u010di barvi, \u010de \u017eelite kak\u0161no drugo barvo pa nas kontaktirajte in preverili bomo pri proizvajalcu. Aparici Mosaic Motion Side Brown prihaja iz \u0160panije, ki je znana po zelo kvalitetni keramiki v svetovnem merilu. Z velikostjo mre\u017ee 30&#215;30 cm [&hellip;]<\/p>\n","protected":false},"featured_media":104457,"template":"","meta":[],"product_cat":[999773,420,400,999],"product_tag":[],"_links":{"self":[{"href":"https:\/\/www.keramika.com\/slovenija\/wp-json\/wp\/v2\/product\/104456"}],"collection":[{"href":"https:\/\/www.keramika.com\/slovenija\/wp-json\/wp\/v2\/product"}],"about":[{"href":"https:\/\/www.keramika.com\/slovenija\/wp-json\/wp\/v2\/types\/product"}],"wp:featuredmedia":[{"embeddable":true,"href":"https:\/\/www.keramika.com\/slovenija\/wp-json\/wp\/v2\/media\/104457"}],"wp:attachment":[{"href":"https:\/\/www.keramika.com\/slovenija\/wp-json\/wp\/v2\/media?parent=104456"}],"wp:term":[{"taxonomy":"product_cat","embeddable":true,"href":"https:\/\/www.keramika.com\/slovenija\/wp-json\/wp\/v2\/product_cat?post=104456"},{"taxonomy":"product_tag","embeddable":true,"href":"https:\/\/www.keramika.com\/slovenija\/wp-json\/wp\/v2\/product_tag?post=104456"}],"curies":[{"name":"wp","href":"https:\/\/api.w.org\/{rel}","templated":true}]}}