{"id":104408,"date":"2017-03-23T00:10:23","date_gmt":"2017-03-23T00:10:23","guid":{"rendered":"http:\/\/keramika.holest.com\/slovenija\/product\/aparici-mosaic-easy-white\/"},"modified":"2017-03-23T00:10:23","modified_gmt":"2017-03-23T00:10:23","slug":"aparici-mosaic-easy-white","status":"publish","type":"product","link":"https:\/\/www.keramika.com\/slovenija\/aparici-mosaic-easy-white\/","title":{"rendered":"Aparici Mosaic Easy White"},"content":{"rendered":"<p>Mozaik na sliki je pripet na mre\u017eo, kar olaj\u0161a njegovo polaganje. Mre\u017ea je velika 30&#215;30 cm. Debelina kar 6 mm dela ta mozaik zelo trpe\u017een in presti\u017een na otip. Letos so mozaiki v beli barvi zelo za\u017eeljeni. Aparici Mosaic Easy White je pripeljana iz \u0160panije in je zelo kvalitetna.<\/p>\n<p>Kliknite na ime kolekcije za ogled vseh plo\u0161\u010dic iz te serije: <a class=\"pdfcatal\" href=\"\/\/www.ceramictiles.com\/pdf\/aparici\/catalogue_mosaics_aparici.pdf\" onclick=\"recordOutboundLink(this, 'E-mail', 'Description PDF');return false;\">Aparici Aparici Mosaicos<\/a><\/p>\n<p>\u010ce \u017eelite naro\u010diti model iz pdf kataloga te kolekcije, nam pi\u0161ite na: <a href=\"mailto:keramoteka.salon@gmail.com\" onclick=\"recordOutboundLink(this, 'E-mail', 'Description mail');return false;\">keramoteka.salon@gmail.com<\/a> ali pa nas pokli\u010dite na: +386 31 255 900.<\/p>\n<p>Technical description: Natural stone mosaic 30.5&#215;30.5<\/p>\n","protected":false},"excerpt":{"rendered":"<p>Mozaik na sliki je pripet na mre\u017eo, kar olaj\u0161a njegovo polaganje. Mre\u017ea je velika 30&#215;30 cm. Debelina kar 6 mm dela ta mozaik zelo trpe\u017een in presti\u017een na otip. Letos so mozaiki v beli barvi zelo za\u017eeljeni. Aparici Mosaic Easy White je pripeljana iz \u0160panije in je zelo kvalitetna. Kliknite na ime kolekcije za ogled [&hellip;]<\/p>\n","protected":false},"featured_media":104409,"template":"","meta":[],"product_cat":[999773,420,400,999],"product_tag":[],"_links":{"self":[{"href":"https:\/\/www.keramika.com\/slovenija\/wp-json\/wp\/v2\/product\/104408"}],"collection":[{"href":"https:\/\/www.keramika.com\/slovenija\/wp-json\/wp\/v2\/product"}],"about":[{"href":"https:\/\/www.keramika.com\/slovenija\/wp-json\/wp\/v2\/types\/product"}],"wp:featuredmedia":[{"embeddable":true,"href":"https:\/\/www.keramika.com\/slovenija\/wp-json\/wp\/v2\/media\/104409"}],"wp:attachment":[{"href":"https:\/\/www.keramika.com\/slovenija\/wp-json\/wp\/v2\/media?parent=104408"}],"wp:term":[{"taxonomy":"product_cat","embeddable":true,"href":"https:\/\/www.keramika.com\/slovenija\/wp-json\/wp\/v2\/product_cat?post=104408"},{"taxonomy":"product_tag","embeddable":true,"href":"https:\/\/www.keramika.com\/slovenija\/wp-json\/wp\/v2\/product_tag?post=104408"}],"curies":[{"name":"wp","href":"https:\/\/api.w.org\/{rel}","templated":true}]}}