{"id":104384,"date":"2017-03-23T00:09:39","date_gmt":"2017-03-23T00:09:39","guid":{"rendered":"http:\/\/keramika.holest.com\/slovenija\/product\/aparici-mosaic-context-black\/"},"modified":"2017-03-23T00:09:39","modified_gmt":"2017-03-23T00:09:39","slug":"aparici-mosaic-context-black","status":"publish","type":"product","link":"https:\/\/www.keramika.com\/slovenija\/aparici-mosaic-context-black\/","title":{"rendered":"Aparici Mosaic Context Black"},"content":{"rendered":"<p>Debelina plo\u0161\u010dice je zelo pomembna in 6 mm uvr\u0161\u010da ta mozaik med najkvalitetnej\u0161e. Ta mozaik je izdelal proizvajalec Aparici, ki prihaja iz \u0160panije. Z 30&#215;30 cm je mre\u017ea na katero so pripete te mozaik plo\u0161\u010dice primerna za razli\u010dne podlage. Ta mozaik je na voljo v \u010dudoviti \u010drni prevladujo\u010di barvi, \u010de \u017eelite kak\u0161no drugo barvo pa nas kontaktirajte in preverili bomo pri proizvajalcu.<\/p>\n<p>Kliknite na ime kolekcije za ogled vseh plo\u0161\u010dic iz te serije: <a class=\"pdfcatal\" href=\"\/\/www.ceramictiles.com\/pdf\/aparici\/catalogue_mosaics_aparici.pdf\" onclick=\"recordOutboundLink(this, 'E-mail', 'Description PDF');return false;\">Aparici Aparici Mosaicos<\/a><\/p>\n<p>\u010ce \u017eelite naro\u010diti model iz pdf kataloga te kolekcije, nam pi\u0161ite na: <a href=\"mailto:keramoteka.salon@gmail.com\" onclick=\"recordOutboundLink(this, 'E-mail', 'Description mail');return false;\">keramoteka.salon@gmail.com<\/a> ali pa nas pokli\u010dite na: +386 31 255 900.<\/p>\n<p>Technical description: Natural stone mosaic 30.5&#215;30.5<\/p>\n","protected":false},"excerpt":{"rendered":"<p>Debelina plo\u0161\u010dice je zelo pomembna in 6 mm uvr\u0161\u010da ta mozaik med najkvalitetnej\u0161e. Ta mozaik je izdelal proizvajalec Aparici, ki prihaja iz \u0160panije. Z 30&#215;30 cm je mre\u017ea na katero so pripete te mozaik plo\u0161\u010dice primerna za razli\u010dne podlage. Ta mozaik je na voljo v \u010dudoviti \u010drni prevladujo\u010di barvi, \u010de \u017eelite kak\u0161no drugo barvo pa [&hellip;]<\/p>\n","protected":false},"featured_media":104385,"template":"","meta":[],"product_cat":[999773,420,400,999],"product_tag":[],"_links":{"self":[{"href":"https:\/\/www.keramika.com\/slovenija\/wp-json\/wp\/v2\/product\/104384"}],"collection":[{"href":"https:\/\/www.keramika.com\/slovenija\/wp-json\/wp\/v2\/product"}],"about":[{"href":"https:\/\/www.keramika.com\/slovenija\/wp-json\/wp\/v2\/types\/product"}],"wp:featuredmedia":[{"embeddable":true,"href":"https:\/\/www.keramika.com\/slovenija\/wp-json\/wp\/v2\/media\/104385"}],"wp:attachment":[{"href":"https:\/\/www.keramika.com\/slovenija\/wp-json\/wp\/v2\/media?parent=104384"}],"wp:term":[{"taxonomy":"product_cat","embeddable":true,"href":"https:\/\/www.keramika.com\/slovenija\/wp-json\/wp\/v2\/product_cat?post=104384"},{"taxonomy":"product_tag","embeddable":true,"href":"https:\/\/www.keramika.com\/slovenija\/wp-json\/wp\/v2\/product_tag?post=104384"}],"curies":[{"name":"wp","href":"https:\/\/api.w.org\/{rel}","templated":true}]}}