{"id":104368,"date":"2017-03-23T00:09:08","date_gmt":"2017-03-23T00:09:08","guid":{"rendered":"http:\/\/keramika.holest.com\/slovenija\/product\/aparici-mosaic-ciro-beige\/"},"modified":"2017-03-23T00:09:08","modified_gmt":"2017-03-23T00:09:08","slug":"aparici-mosaic-ciro-beige","status":"publish","type":"product","link":"https:\/\/www.keramika.com\/slovenija\/aparici-mosaic-ciro-beige\/","title":{"rendered":"Aparici Mosaic Ciro Beige"},"content":{"rendered":"<p>Z velikostjo mre\u017ee 30&#215;30 cm na katero je pripet, je ta mozaik primeren ze razli\u010dne povr\u0161ine. Aparici Mosaic Ciro Beige je pripeljana iz \u0160panije in je zelo kvalitetna. Mozaik je debel kar 6 mm, kar ga uvr\u0161\u010da med bolj trde mozaik plo\u0161\u010dice. Pri izbiri mozaika v glavni be\u017e barvi ne morete zgre\u0161iti.<\/p>\n<p>Kliknite na ime kolekcije za ogled vseh plo\u0161\u010dic iz te serije: <a class=\"pdfcatal\" href=\"\/\/www.ceramictiles.com\/pdf\/aparici\/catalogue_mosaics_aparici.pdf\" onclick=\"recordOutboundLink(this, 'E-mail', 'Description PDF');return false;\">Aparici Aparici Mosaicos<\/a><\/p>\n<p>\u010ce \u017eelite naro\u010diti model iz pdf kataloga te kolekcije, nam pi\u0161ite na: <a href=\"mailto:keramoteka.salon@gmail.com\" onclick=\"recordOutboundLink(this, 'E-mail', 'Description mail');return false;\">keramoteka.salon@gmail.com<\/a> ali pa nas pokli\u010dite na: +386 31 255 900.<\/p>\n<p>Technical description: Natural stone mosaic 29.5&#215;30.5<\/p>\n","protected":false},"excerpt":{"rendered":"<p>Z velikostjo mre\u017ee 30&#215;30 cm na katero je pripet, je ta mozaik primeren ze razli\u010dne povr\u0161ine. Aparici Mosaic Ciro Beige je pripeljana iz \u0160panije in je zelo kvalitetna. Mozaik je debel kar 6 mm, kar ga uvr\u0161\u010da med bolj trde mozaik plo\u0161\u010dice. Pri izbiri mozaika v glavni be\u017e barvi ne morete zgre\u0161iti. Kliknite na ime [&hellip;]<\/p>\n","protected":false},"featured_media":104369,"template":"","meta":[],"product_cat":[999773,420,400,999],"product_tag":[],"_links":{"self":[{"href":"https:\/\/www.keramika.com\/slovenija\/wp-json\/wp\/v2\/product\/104368"}],"collection":[{"href":"https:\/\/www.keramika.com\/slovenija\/wp-json\/wp\/v2\/product"}],"about":[{"href":"https:\/\/www.keramika.com\/slovenija\/wp-json\/wp\/v2\/types\/product"}],"wp:featuredmedia":[{"embeddable":true,"href":"https:\/\/www.keramika.com\/slovenija\/wp-json\/wp\/v2\/media\/104369"}],"wp:attachment":[{"href":"https:\/\/www.keramika.com\/slovenija\/wp-json\/wp\/v2\/media?parent=104368"}],"wp:term":[{"taxonomy":"product_cat","embeddable":true,"href":"https:\/\/www.keramika.com\/slovenija\/wp-json\/wp\/v2\/product_cat?post=104368"},{"taxonomy":"product_tag","embeddable":true,"href":"https:\/\/www.keramika.com\/slovenija\/wp-json\/wp\/v2\/product_tag?post=104368"}],"curies":[{"name":"wp","href":"https:\/\/api.w.org\/{rel}","templated":true}]}}