{"id":104354,"date":"2017-03-23T00:08:43","date_gmt":"2017-03-23T00:08:43","guid":{"rendered":"http:\/\/keramika.holest.com\/slovenija\/product\/aparici-mosaic-cassini-beige\/"},"modified":"2017-03-23T00:08:43","modified_gmt":"2017-03-23T00:08:43","slug":"aparici-mosaic-cassini-beige","status":"publish","type":"product","link":"https:\/\/www.keramika.com\/slovenija\/aparici-mosaic-cassini-beige\/","title":{"rendered":"Aparici Mosaic Cassini Beige"},"content":{"rendered":"<p>Velikost mre\u017ee z mozaikom je 30&#215;30 cm, kar omogo\u010da enostavno polaganje. Debelina kar 6 mm dela ta mozaik zelo trpe\u017een in presti\u017een na otip. Letos so mozaiki v be\u017e barvi zelo za\u017eeljeni. Prihaja iz \u0160panije, ki po svetu slovi kot ena bolj\u0161ih proizvajalk kerami\u010dnih plo\u0161\u010dic.<\/p>\n<p>Kliknite na ime kolekcije za ogled vseh plo\u0161\u010dic iz te serije: <a class=\"pdfcatal\" href=\"\/\/www.ceramictiles.com\/pdf\/aparici\/catalogue_mosaics_aparici.pdf\" onclick=\"recordOutboundLink(this, 'E-mail', 'Description PDF');return false;\">Aparici Aparici Mosaicos<\/a><\/p>\n<p>\u010ce \u017eelite naro\u010diti model iz pdf kataloga te kolekcije, nam pi\u0161ite na: <a href=\"mailto:keramoteka.salon@gmail.com\" onclick=\"recordOutboundLink(this, 'E-mail', 'Description mail');return false;\">keramoteka.salon@gmail.com<\/a> ali pa nas pokli\u010dite na: +386 31 255 900.<\/p>\n<p>Technical description: Natural stone mosaic 30&#215;30<\/p>\n","protected":false},"excerpt":{"rendered":"<p>Velikost mre\u017ee z mozaikom je 30&#215;30 cm, kar omogo\u010da enostavno polaganje. Debelina kar 6 mm dela ta mozaik zelo trpe\u017een in presti\u017een na otip. Letos so mozaiki v be\u017e barvi zelo za\u017eeljeni. Prihaja iz \u0160panije, ki po svetu slovi kot ena bolj\u0161ih proizvajalk kerami\u010dnih plo\u0161\u010dic. Kliknite na ime kolekcije za ogled vseh plo\u0161\u010dic iz te [&hellip;]<\/p>\n","protected":false},"featured_media":104355,"template":"","meta":[],"product_cat":[999773,420,400,999],"product_tag":[],"_links":{"self":[{"href":"https:\/\/www.keramika.com\/slovenija\/wp-json\/wp\/v2\/product\/104354"}],"collection":[{"href":"https:\/\/www.keramika.com\/slovenija\/wp-json\/wp\/v2\/product"}],"about":[{"href":"https:\/\/www.keramika.com\/slovenija\/wp-json\/wp\/v2\/types\/product"}],"wp:featuredmedia":[{"embeddable":true,"href":"https:\/\/www.keramika.com\/slovenija\/wp-json\/wp\/v2\/media\/104355"}],"wp:attachment":[{"href":"https:\/\/www.keramika.com\/slovenija\/wp-json\/wp\/v2\/media?parent=104354"}],"wp:term":[{"taxonomy":"product_cat","embeddable":true,"href":"https:\/\/www.keramika.com\/slovenija\/wp-json\/wp\/v2\/product_cat?post=104354"},{"taxonomy":"product_tag","embeddable":true,"href":"https:\/\/www.keramika.com\/slovenija\/wp-json\/wp\/v2\/product_tag?post=104354"}],"curies":[{"name":"wp","href":"https:\/\/api.w.org\/{rel}","templated":true}]}}