{"id":104336,"date":"2017-03-23T00:08:09","date_gmt":"2017-03-23T00:08:09","guid":{"rendered":"http:\/\/keramika.holest.com\/slovenija\/product\/habitat-ploscice-tropic-haya\/"},"modified":"2026-01-03T00:01:55","modified_gmt":"2026-01-03T00:01:55","slug":"habitat-ploscice-tropic-haya","status":"publish","type":"product","link":"https:\/\/www.keramika.com\/slovenija\/habitat-ploscice-tropic-haya\/","title":{"rendered":"Habitat plo\u0161\u010dice Tropic Haya"},"content":{"rendered":"<p>Velikost te plo\u0161\u010dice je 25&#215;100 cm. Keramika v be\u017e barvi popestri vsak prostor. Debelina kar 10 mm dela to plo\u0161\u010dico zelo trpe\u017eno in presti\u017eno na otip. Habitat Tropic Haya je na voljo po zelo ugodni ceni 37,03 EUR. Habitat Tropic Haya prihaja iz \u0160panije, ki je znana po zelo kvalitetni keramiki v svetovnem merilu.<\/p>\n<p>Kliknite na ime kolekcije za ogled vseh plo\u0161\u010dic iz te serije: <a class=\"pdfcatal\" href=\"\/\/www.ceramictiles.com\/pdf\/habitat\/catalogue_habitat_tropic.pdf\" onclick=\"recordOutboundLink(this, 'E-mail', 'Description PDF');return false;\">Habitat ceramics Tropic<\/a><\/p>\n<p>\u010ce \u017eelite naro\u010diti model iz pdf kataloga te kolekcije, nam pi\u0161ite na: <a href=\"mailto:keramoteka.salon@gmail.com\" onclick=\"recordOutboundLink(this, 'E-mail', 'Description mail');return false;\">keramoteka.salon@gmail.com<\/a> ali pa nas pokli\u010dite na: 031 255 900.<\/p>\n<p>Technical description: <br \/>Matt tiles &#8211; F 25&#215;100 ;  <br \/>Tropic Haya ; Tropic Roble ; Tropic Nogal ;<\/p>\n<p><\/p>\n<div style=\"height: 150px;\"><\/p>\n<div class=\"photo\" style=\"padding:0px;margin:0px;\" ><a href=\"#productimage83\"><img loading=\"lazy\" class=\"aligncenter\" src=\"https:\/\/www.ceramictiles.com\/images\/habitat\/tropic-25x100-haya.jpg\" alt=\" width=\"100\" height=\"150\" \/><\/a><\/div>\n<p><\/p>\n<div class=\"photo\" style=\"padding:0px;margin:0px;\" ><a href=\"#productimage84\"><img loading=\"lazy\" class=\"aligncenter\" src=\"https:\/\/www.ceramictiles.com\/images\/habitat\/tropic-25x100-nogal.jpg\" alt=\" width=\"100\" height=\"150\" \/><\/a><\/div>\n<p><\/p>\n<div class=\"photo\" style=\"padding:0px;margin:0px;\" ><a href=\"#productimage85\"><img loading=\"lazy\" class=\"aligncenter\" src=\"https:\/\/www.ceramictiles.com\/images\/habitat\/tropic-25x100-roble.jpg\" alt=\" width=\"100\" height=\"150\" \/><\/a><\/div>\n<p><\/div>\n<p><\/p>\n<div style=\"display: none;\" id=\"productimage83\"> <img src=\"https:\/\/www.ceramictiles.com\/images\/habitat\/tropic-25x100-haya.jpg\" alt=\"helmet\"> <\/div>\n<p><\/p>\n<div style=\"display: none;\" id=\"productimage84\"> <img src=\"https:\/\/www.ceramictiles.com\/images\/habitat\/tropic-25x100-nogal.jpg\" alt=\"helmet\"> <\/div>\n<p><\/p>\n<div style=\"display: none;\" id=\"productimage85\"> <img src=\"https:\/\/www.ceramictiles.com\/images\/habitat\/tropic-25x100-roble.jpg\" alt=\"helmet\"> <\/div>\n<p><\/p>\n","protected":false},"excerpt":{"rendered":"<p>Velikost te plo\u0161\u010dice je 25&#215;100 cm. Keramika v be\u017e barvi popestri vsak prostor. Debelina kar 10 mm dela to plo\u0161\u010dico zelo trpe\u017eno in presti\u017eno na otip. Habitat Tropic Haya je na voljo po zelo ugodni ceni 37,03 EUR. Habitat Tropic Haya prihaja iz \u0160panije, ki je znana po zelo kvalitetni keramiki v svetovnem merilu. Kliknite [&hellip;]<\/p>\n","protected":false},"featured_media":104337,"template":"","meta":[],"product_cat":[99921440,200,260,999,290,250,240],"product_tag":[],"_links":{"self":[{"href":"https:\/\/www.keramika.com\/slovenija\/wp-json\/wp\/v2\/product\/104336"}],"collection":[{"href":"https:\/\/www.keramika.com\/slovenija\/wp-json\/wp\/v2\/product"}],"about":[{"href":"https:\/\/www.keramika.com\/slovenija\/wp-json\/wp\/v2\/types\/product"}],"wp:featuredmedia":[{"embeddable":true,"href":"https:\/\/www.keramika.com\/slovenija\/wp-json\/wp\/v2\/media\/104337"}],"wp:attachment":[{"href":"https:\/\/www.keramika.com\/slovenija\/wp-json\/wp\/v2\/media?parent=104336"}],"wp:term":[{"taxonomy":"product_cat","embeddable":true,"href":"https:\/\/www.keramika.com\/slovenija\/wp-json\/wp\/v2\/product_cat?post=104336"},{"taxonomy":"product_tag","embeddable":true,"href":"https:\/\/www.keramika.com\/slovenija\/wp-json\/wp\/v2\/product_tag?post=104336"}],"curies":[{"name":"wp","href":"https:\/\/api.w.org\/{rel}","templated":true}]}}