{"id":104318,"date":"2017-03-23T00:07:31","date_gmt":"2017-03-23T00:07:31","guid":{"rendered":"http:\/\/keramika.holest.com\/slovenija\/product\/habitat-ploscice-montagne-blanco\/"},"modified":"2026-01-03T00:01:52","modified_gmt":"2026-01-03T00:01:52","slug":"habitat-ploscice-montagne-blanco","status":"publish","type":"product","link":"https:\/\/www.keramika.com\/slovenija\/habitat-ploscice-montagne-blanco\/","title":{"rendered":"Habitat plo\u0161\u010dice Montagne Blanco"},"content":{"rendered":"<p>Ta plo\u0161\u010dica je na voljo v \u010dudoviti beli barvi, \u010de \u017eelite kak\u0161no drugo barvo pa nas kontaktirajte in preverili bomo pri proizvajalcu. Na spletu boste za to plo\u0161\u010dico od\u0161teli le 30,43 EUR, medtem ko v redni prodaji cena zna\u0161a 38,03 EUR. Habitat Montagne Blanco je pripeljana iz \u0160panije in je zelo kvalitetna. Velikost te plo\u0161\u010dice je 31,6&#215;59,2 cm in je primerna za razli\u010dne povr\u0161ine. Plo\u0161\u010dica je debela kar 9 mm, kar jo uvr\u0161\u010da med bolj trde plo\u0161\u010dice.<\/p>\n<p>Kliknite na ime kolekcije za ogled vseh plo\u0161\u010dic iz te serije: <a class=\"pdfcatal\" href=\"\/\/www.ceramictiles.com\/pdf\/habitat\/catalogue_habitat_montagne.pdf\" onclick=\"recordOutboundLink(this, 'E-mail', 'Description PDF');return false;\">Habitat ceramics Montagne<\/a><\/p>\n<p>\u010ce \u017eelite naro\u010diti model iz pdf kataloga te kolekcije, nam pi\u0161ite na: <a href=\"mailto:keramoteka.salon@gmail.com\" onclick=\"recordOutboundLink(this, 'E-mail', 'Description mail');return false;\">keramoteka.salon@gmail.com<\/a> ali pa nas pokli\u010dite na: 031 255 900.<\/p>\n<p>Technical description: <br \/>Matt tiles &#8211; W 31,6&#215;59,2 <\/p>\n","protected":false},"excerpt":{"rendered":"<p>Ta plo\u0161\u010dica je na voljo v \u010dudoviti beli barvi, \u010de \u017eelite kak\u0161no drugo barvo pa nas kontaktirajte in preverili bomo pri proizvajalcu. Na spletu boste za to plo\u0161\u010dico od\u0161teli le 30,43 EUR, medtem ko v redni prodaji cena zna\u0161a 38,03 EUR. Habitat Montagne Blanco je pripeljana iz \u0160panije in je zelo kvalitetna. Velikost te plo\u0161\u010dice [&hellip;]<\/p>\n","protected":false},"featured_media":104319,"template":"","meta":[],"product_cat":[99921440,200,260,999,290,250,240],"product_tag":[],"_links":{"self":[{"href":"https:\/\/www.keramika.com\/slovenija\/wp-json\/wp\/v2\/product\/104318"}],"collection":[{"href":"https:\/\/www.keramika.com\/slovenija\/wp-json\/wp\/v2\/product"}],"about":[{"href":"https:\/\/www.keramika.com\/slovenija\/wp-json\/wp\/v2\/types\/product"}],"wp:featuredmedia":[{"embeddable":true,"href":"https:\/\/www.keramika.com\/slovenija\/wp-json\/wp\/v2\/media\/104319"}],"wp:attachment":[{"href":"https:\/\/www.keramika.com\/slovenija\/wp-json\/wp\/v2\/media?parent=104318"}],"wp:term":[{"taxonomy":"product_cat","embeddable":true,"href":"https:\/\/www.keramika.com\/slovenija\/wp-json\/wp\/v2\/product_cat?post=104318"},{"taxonomy":"product_tag","embeddable":true,"href":"https:\/\/www.keramika.com\/slovenija\/wp-json\/wp\/v2\/product_tag?post=104318"}],"curies":[{"name":"wp","href":"https:\/\/api.w.org\/{rel}","templated":true}]}}