{"id":104316,"date":"2017-03-23T00:07:27","date_gmt":"2017-03-23T00:07:27","guid":{"rendered":"http:\/\/keramika.holest.com\/slovenija\/product\/habitat-ploscice-monarq-beige\/"},"modified":"2026-01-03T00:01:52","modified_gmt":"2026-01-03T00:01:52","slug":"habitat-ploscice-monarq-beige","status":"publish","type":"product","link":"https:\/\/www.keramika.com\/slovenija\/habitat-ploscice-monarq-beige\/","title":{"rendered":"Habitat plo\u0161\u010dice Monarq Beige"},"content":{"rendered":"<p>V redni prodaji bi morali za to plo\u0161\u010dico od\u0161teti 38,03 EUR, spletna cena pa zna\u0161a le 30,43 EUR. Habitat Monarq Beige prihaja iz \u0160panije, ki je znana po zelo kvalitetni keramiki v svetovnem merilu. Z velikostjo 25&#215;75 cm je ta plo\u0161\u010dica primerna ze razli\u010dne povr\u0161ine. Keramika v be\u017e barvi popestri vsak prostor. Plo\u0161\u010dica je debela kar 10 mm, kar jo uvr\u0161\u010da med bolj trde plo\u0161\u010dice.<\/p>\n<p>Kliknite na ime kolekcije za ogled vseh plo\u0161\u010dic iz te serije: <a class=\"pdfcatal\" href=\"\/\/www.ceramictiles.com\/pdf\/habitat\/catalogue_habitat_monarq.pdf\" onclick=\"recordOutboundLink(this, 'E-mail', 'Description PDF');return false;\">Habitat ceramics Monarq<\/a><\/p>\n<p>\u010ce \u017eelite naro\u010diti model iz pdf kataloga te kolekcije, nam pi\u0161ite na: <a href=\"mailto:keramoteka.salon@gmail.com\" onclick=\"recordOutboundLink(this, 'E-mail', 'Description mail');return false;\">keramoteka.salon@gmail.com<\/a> ali pa nas pokli\u010dite na: 031 255 900.<\/p>\n<p>Technical description: <br \/>Shiny tiles &#8211; W : 25&#215;75 ; F : 60&#215;60 ;<br \/>Monarq Marfil ; Monarq Beige ;<\/p>\n<p><\/p>\n<div style=\"height: 150px;\"><\/p>\n<div class=\"photo\" style=\"padding:0px;margin:0px;\" ><a href=\"#productimage24\"><img loading=\"lazy\" class=\"aligncenter\" src=\"https:\/\/www.ceramictiles.com\/images\/habitat\/alta-monarq-beige-25x75.jpg\" alt=\" width=\"100\" height=\"150\" \/><\/a><\/div>\n<p><\/p>\n<div class=\"photo\" style=\"padding:0px;margin:0px;\" ><a href=\"#productimage25\"><img loading=\"lazy\" class=\"aligncenter\" src=\"https:\/\/www.ceramictiles.com\/images\/habitat\/alta-monarq-decorado-1-banyo-25x75.jpg\" alt=\" width=\"100\" height=\"150\" \/><\/a><\/div>\n<p><\/p>\n<div class=\"photo\" style=\"padding:0px;margin:0px;\" ><a href=\"#productimage26\"><img loading=\"lazy\" class=\"aligncenter\" src=\"https:\/\/www.ceramictiles.com\/images\/habitat\/alta-monarq-decorado-1-cocina-25x75.jpg\" alt=\" width=\"100\" height=\"150\" \/><\/a><\/div>\n<p><\/p>\n<div class=\"photo\" style=\"padding:0px;margin:0px;\" ><a href=\"#productimage27\"><img loading=\"lazy\" class=\"aligncenter\" src=\"https:\/\/www.ceramictiles.com\/images\/habitat\/alta-monarq-decorado-2-banyo-25x75.jpg\" alt=\" width=\"100\" height=\"150\" \/><\/a><\/div>\n<p><\/p>\n<div class=\"photo\" style=\"padding:0px;margin:0px;\" ><a href=\"#productimage28\"><img loading=\"lazy\" class=\"aligncenter\" src=\"https:\/\/www.ceramictiles.com\/images\/habitat\/alta-monarq-decorado-2-cocina-25x75.jpg\" alt=\" width=\"100\" height=\"150\" \/><\/a><\/div>\n<p><\/p>\n<div class=\"photo\" style=\"padding:0px;margin:0px;\" ><a href=\"#productimage29\"><img loading=\"lazy\" class=\"aligncenter\" src=\"https:\/\/www.ceramictiles.com\/images\/habitat\/alta-monarq-decorado-3-banyo-25x75.jpg\" alt=\" width=\"100\" height=\"150\" \/><\/a><\/div>\n<p><\/p>\n<div class=\"photo\" style=\"padding:0px;margin:0px;\" ><a href=\"#productimage30\"><img loading=\"lazy\" class=\"aligncenter\" src=\"https:\/\/www.ceramictiles.com\/images\/habitat\/alta-monarq-decorado-3-cocina-25x75.jpg\" alt=\" width=\"100\" height=\"150\" \/><\/a><\/div>\n<p><\/p>\n<div class=\"photo\" style=\"padding:0px;margin:0px;\" ><a href=\"#productimage31\"><img loading=\"lazy\" class=\"aligncenter\" src=\"https:\/\/www.ceramictiles.com\/images\/habitat\/alta-monarq-marfil-25x75.jpg\" alt=\" width=\"100\" height=\"150\" \/><\/a><\/div>\n<p><\/div>\n<p><\/p>\n<div style=\"display: none;\" id=\"productimage24\"> <img src=\"https:\/\/www.ceramictiles.com\/images\/habitat\/alta-monarq-beige-25x75.jpg\" alt=\"helmet\"> <\/div>\n<p><\/p>\n<div style=\"display: none;\" id=\"productimage25\"> <img src=\"https:\/\/www.ceramictiles.com\/images\/habitat\/alta-monarq-decorado-1-banyo-25x75.jpg\" alt=\"helmet\"> <\/div>\n<p><\/p>\n<div style=\"display: none;\" id=\"productimage26\"> <img src=\"https:\/\/www.ceramictiles.com\/images\/habitat\/alta-monarq-decorado-1-cocina-25x75.jpg\" alt=\"helmet\"> <\/div>\n<p><\/p>\n<div style=\"display: none;\" id=\"productimage27\"> <img src=\"https:\/\/www.ceramictiles.com\/images\/habitat\/alta-monarq-decorado-2-banyo-25x75.jpg\" alt=\"helmet\"> <\/div>\n<p><\/p>\n<div style=\"display: none;\" id=\"productimage28\"> <img src=\"https:\/\/www.ceramictiles.com\/images\/habitat\/alta-monarq-decorado-2-cocina-25x75.jpg\" alt=\"helmet\"> <\/div>\n<p><\/p>\n<div style=\"display: none;\" id=\"productimage29\"> <img src=\"https:\/\/www.ceramictiles.com\/images\/habitat\/alta-monarq-decorado-3-banyo-25x75.jpg\" alt=\"helmet\"> <\/div>\n<p><\/p>\n<div style=\"display: none;\" id=\"productimage30\"> <img src=\"https:\/\/www.ceramictiles.com\/images\/habitat\/alta-monarq-decorado-3-cocina-25x75.jpg\" alt=\"helmet\"> <\/div>\n<p><\/p>\n<div style=\"display: none;\" id=\"productimage31\"> <img src=\"https:\/\/www.ceramictiles.com\/images\/habitat\/alta-monarq-marfil-25x75.jpg\" alt=\"helmet\"> <\/div>\n<p><\/p>\n","protected":false},"excerpt":{"rendered":"<p>V redni prodaji bi morali za to plo\u0161\u010dico od\u0161teti 38,03 EUR, spletna cena pa zna\u0161a le 30,43 EUR. Habitat Monarq Beige prihaja iz \u0160panije, ki je znana po zelo kvalitetni keramiki v svetovnem merilu. Z velikostjo 25&#215;75 cm je ta plo\u0161\u010dica primerna ze razli\u010dne povr\u0161ine. Keramika v be\u017e barvi popestri vsak prostor. Plo\u0161\u010dica je debela [&hellip;]<\/p>\n","protected":false},"featured_media":104317,"template":"","meta":[],"product_cat":[99921440,200,260,999,290,250,240],"product_tag":[],"_links":{"self":[{"href":"https:\/\/www.keramika.com\/slovenija\/wp-json\/wp\/v2\/product\/104316"}],"collection":[{"href":"https:\/\/www.keramika.com\/slovenija\/wp-json\/wp\/v2\/product"}],"about":[{"href":"https:\/\/www.keramika.com\/slovenija\/wp-json\/wp\/v2\/types\/product"}],"wp:featuredmedia":[{"embeddable":true,"href":"https:\/\/www.keramika.com\/slovenija\/wp-json\/wp\/v2\/media\/104317"}],"wp:attachment":[{"href":"https:\/\/www.keramika.com\/slovenija\/wp-json\/wp\/v2\/media?parent=104316"}],"wp:term":[{"taxonomy":"product_cat","embeddable":true,"href":"https:\/\/www.keramika.com\/slovenija\/wp-json\/wp\/v2\/product_cat?post=104316"},{"taxonomy":"product_tag","embeddable":true,"href":"https:\/\/www.keramika.com\/slovenija\/wp-json\/wp\/v2\/product_tag?post=104316"}],"curies":[{"name":"wp","href":"https:\/\/api.w.org\/{rel}","templated":true}]}}