{"id":104312,"date":"2017-03-23T00:07:18","date_gmt":"2017-03-23T00:07:18","guid":{"rendered":"http:\/\/keramika.holest.com\/slovenija\/product\/habitat-ploscice-markab-blanco\/"},"modified":"2026-01-03T00:01:51","modified_gmt":"2026-01-03T00:01:51","slug":"habitat-ploscice-markab-blanco","status":"publish","type":"product","link":"https:\/\/www.keramika.com\/slovenija\/habitat-ploscice-markab-blanco\/","title":{"rendered":"Habitat plo\u0161\u010dice Markab Blanco"},"content":{"rendered":"<p>Prihaja iz \u0160panije, ki po svetu slovi kot ena bolj\u0161ih proizvajalk kerami\u010dnih plo\u0161\u010dic. Keramika v beli barvi popestri vsak prostor. Zaradi ni\u017ejih stro\u0161kov pri spletni prodaji boste na na\u0161i strani za to plo\u0161\u010dico od\u0161teli le 30,43 EUR. 9 mm debeline je dovolj tudi za zahtevnej\u0161e kupce. Plo\u0161\u010dica na sliki je velika 20&#215;20 cm.<\/p>\n<p>Kliknite na ime kolekcije za ogled vseh plo\u0161\u010dic iz te serije: <a class=\"pdfcatal\" href=\"\/\/www.ceramictiles.com\/pdf\/habitat\/catalogue_habitat_markab.pdf\" onclick=\"recordOutboundLink(this, 'E-mail', 'Description PDF');return false;\">Habitat ceramics Markab<\/a><\/p>\n<p>\u010ce \u017eelite naro\u010diti model iz pdf kataloga te kolekcije, nam pi\u0161ite na: <a href=\"mailto:keramoteka.salon@gmail.com\" onclick=\"recordOutboundLink(this, 'E-mail', 'Description mail');return false;\">keramoteka.salon@gmail.com<\/a> ali pa nas pokli\u010dite na: 031 255 900.<\/p>\n<p>Technical description: <br \/>Matt tiles &#8211; W 20&#215;20 <\/p>\n","protected":false},"excerpt":{"rendered":"<p>Prihaja iz \u0160panije, ki po svetu slovi kot ena bolj\u0161ih proizvajalk kerami\u010dnih plo\u0161\u010dic. Keramika v beli barvi popestri vsak prostor. Zaradi ni\u017ejih stro\u0161kov pri spletni prodaji boste na na\u0161i strani za to plo\u0161\u010dico od\u0161teli le 30,43 EUR. 9 mm debeline je dovolj tudi za zahtevnej\u0161e kupce. Plo\u0161\u010dica na sliki je velika 20&#215;20 cm. Kliknite na [&hellip;]<\/p>\n","protected":false},"featured_media":104313,"template":"","meta":[],"product_cat":[99921440,200,260,999,290,250,240],"product_tag":[],"_links":{"self":[{"href":"https:\/\/www.keramika.com\/slovenija\/wp-json\/wp\/v2\/product\/104312"}],"collection":[{"href":"https:\/\/www.keramika.com\/slovenija\/wp-json\/wp\/v2\/product"}],"about":[{"href":"https:\/\/www.keramika.com\/slovenija\/wp-json\/wp\/v2\/types\/product"}],"wp:featuredmedia":[{"embeddable":true,"href":"https:\/\/www.keramika.com\/slovenija\/wp-json\/wp\/v2\/media\/104313"}],"wp:attachment":[{"href":"https:\/\/www.keramika.com\/slovenija\/wp-json\/wp\/v2\/media?parent=104312"}],"wp:term":[{"taxonomy":"product_cat","embeddable":true,"href":"https:\/\/www.keramika.com\/slovenija\/wp-json\/wp\/v2\/product_cat?post=104312"},{"taxonomy":"product_tag","embeddable":true,"href":"https:\/\/www.keramika.com\/slovenija\/wp-json\/wp\/v2\/product_tag?post=104312"}],"curies":[{"name":"wp","href":"https:\/\/api.w.org\/{rel}","templated":true}]}}