{"id":104308,"date":"2017-03-23T00:07:09","date_gmt":"2017-03-23T00:07:09","guid":{"rendered":"http:\/\/keramika.holest.com\/slovenija\/product\/habitat-ploscice-kappa-roble\/"},"modified":"2026-01-03T00:01:51","modified_gmt":"2026-01-03T00:01:51","slug":"habitat-ploscice-kappa-roble","status":"publish","type":"product","link":"https:\/\/www.keramika.com\/slovenija\/habitat-ploscice-kappa-roble\/","title":{"rendered":"Habitat plo\u0161\u010dice Kappa Roble"},"content":{"rendered":"<p>\u0160irina in dol\u017eina te plo\u0161\u010dice sta 25&#215;100 cm. To plo\u0161\u010dico je izdelal proizvajalec Habitat ceramics, ki prihaja iz \u0160panije. 10 mm debeline je dovolj tudi za zahtevnej\u0161e kupce. Letos so plo\u0161\u010dice v be\u017e barvi zelo za\u017eeljene. 49,03 EUR v klasi\u010dni trgovini, pri nas pa le 39,23 EUR.<\/p>\n<p>Kliknite na ime kolekcije za ogled vseh plo\u0161\u010dic iz te serije: <a class=\"pdfcatal\" href=\"\/\/www.ceramictiles.com\/pdf\/habitat\/catalogue_habitat_kappa.pdf\" onclick=\"recordOutboundLink(this, 'E-mail', 'Description PDF');return false;\">Habitat ceramics Kappa<\/a><\/p>\n<p>\u010ce \u017eelite naro\u010diti model iz pdf kataloga te kolekcije, nam pi\u0161ite na: <a href=\"mailto:keramoteka.salon@gmail.com\" onclick=\"recordOutboundLink(this, 'E-mail', 'Description mail');return false;\">keramoteka.salon@gmail.com<\/a> ali pa nas pokli\u010dite na: 031 255 900.<\/p>\n<p>Technical description: <br \/>Matt tiles &#8211; W &#038; F : 25&#215;100 ; 15&#215;60 <br \/>Kappa Teka ; Kappa Roble ; Kappa Wengu\u00e9 ;  <\/p>\n<p><\/p>\n<div style=\"height: 150px;\"><\/p>\n<div class=\"photo\" style=\"padding:0px;margin:0px;\" ><a href=\"#productimage52\"><img loading=\"lazy\" class=\"aligncenter\" src=\"https:\/\/www.ceramictiles.com\/images\/habitat\/kappa-roble-vert.jpg\" alt=\" width=\"100\" height=\"150\" \/><\/a><\/div>\n<p><\/p>\n<div class=\"photo\" style=\"padding:0px;margin:0px;\" ><a href=\"#productimage53\"><img loading=\"lazy\" class=\"aligncenter\" src=\"https:\/\/www.ceramictiles.com\/images\/habitat\/kappa-teka-vert.jpg\" alt=\" width=\"100\" height=\"150\" \/><\/a><\/div>\n<p><\/p>\n<div class=\"photo\" style=\"padding:0px;margin:0px;\" ><a href=\"#productimage54\"><img loading=\"lazy\" class=\"aligncenter\" src=\"https:\/\/www.ceramictiles.com\/images\/habitat\/kappa-wengue-vert.jpg\" alt=\" width=\"100\" height=\"150\" \/><\/a><\/div>\n<p><\/p>\n<div class=\"photo\" style=\"padding:0px;margin:0px;\" ><a href=\"#productimage20\"><img loading=\"lazy\" class=\"aligncenter\" src=\"https:\/\/www.ceramictiles.com\/images\/habitat\/alta-kappa-roble-15x60-vert.jpg\" alt=\" width=\"100\" height=\"150\" \/><\/a><\/div>\n<p><\/p>\n<div class=\"photo\" style=\"padding:0px;margin:0px;\" ><a href=\"#productimage21\"><img loading=\"lazy\" class=\"aligncenter\" src=\"https:\/\/www.ceramictiles.com\/images\/habitat\/alta-kappa-teka-15x60-vert.jpg\" alt=\" width=\"100\" height=\"150\" \/><\/a><\/div>\n<p><\/p>\n<div class=\"photo\" style=\"padding:0px;margin:0px;\" ><a href=\"#productimage22\"><img loading=\"lazy\" class=\"aligncenter\" src=\"https:\/\/www.ceramictiles.com\/images\/habitat\/alta-kappa-wengue-15x60-vert.jpg\" alt=\" width=\"100\" height=\"150\" \/><\/a><\/div>\n<p><\/div>\n<p><\/p>\n<div style=\"display: none;\" id=\"productimage52\"> <img src=\"https:\/\/www.ceramictiles.com\/images\/habitat\/kappa-roble-vert.jpg\" alt=\"helmet\"> <\/div>\n<p><\/p>\n<div style=\"display: none;\" id=\"productimage53\"> <img src=\"https:\/\/www.ceramictiles.com\/images\/habitat\/kappa-teka-vert.jpg\" alt=\"helmet\"> <\/div>\n<p><\/p>\n<div style=\"display: none;\" id=\"productimage54\"> <img src=\"https:\/\/www.ceramictiles.com\/images\/habitat\/kappa-wengue-vert.jpg\" alt=\"helmet\"> <\/div>\n<p><\/p>\n<div style=\"display: none;\" id=\"productimage20\"> <img src=\"https:\/\/www.ceramictiles.com\/images\/habitat\/alta-kappa-roble-15x60-vert.jpg\" alt=\"helmet\"> <\/div>\n<p><\/p>\n<div style=\"display: none;\" id=\"productimage21\"> <img src=\"https:\/\/www.ceramictiles.com\/images\/habitat\/alta-kappa-teka-15x60-vert.jpg\" alt=\"helmet\"> <\/div>\n","protected":false},"excerpt":{"rendered":"<p>\u0160irina in dol\u017eina te plo\u0161\u010dice sta 25&#215;100 cm. To plo\u0161\u010dico je izdelal proizvajalec Habitat ceramics, ki prihaja iz \u0160panije. 10 mm debeline je dovolj tudi za zahtevnej\u0161e kupce. Letos so plo\u0161\u010dice v be\u017e barvi zelo za\u017eeljene. 49,03 EUR v klasi\u010dni trgovini, pri nas pa le 39,23 EUR. Kliknite na ime kolekcije za ogled vseh plo\u0161\u010dic [&hellip;]<\/p>\n","protected":false},"featured_media":104309,"template":"","meta":[],"product_cat":[99921440,200,260,999,290,250,240],"product_tag":[],"_links":{"self":[{"href":"https:\/\/www.keramika.com\/slovenija\/wp-json\/wp\/v2\/product\/104308"}],"collection":[{"href":"https:\/\/www.keramika.com\/slovenija\/wp-json\/wp\/v2\/product"}],"about":[{"href":"https:\/\/www.keramika.com\/slovenija\/wp-json\/wp\/v2\/types\/product"}],"wp:featuredmedia":[{"embeddable":true,"href":"https:\/\/www.keramika.com\/slovenija\/wp-json\/wp\/v2\/media\/104309"}],"wp:attachment":[{"href":"https:\/\/www.keramika.com\/slovenija\/wp-json\/wp\/v2\/media?parent=104308"}],"wp:term":[{"taxonomy":"product_cat","embeddable":true,"href":"https:\/\/www.keramika.com\/slovenija\/wp-json\/wp\/v2\/product_cat?post=104308"},{"taxonomy":"product_tag","embeddable":true,"href":"https:\/\/www.keramika.com\/slovenija\/wp-json\/wp\/v2\/product_tag?post=104308"}],"curies":[{"name":"wp","href":"https:\/\/api.w.org\/{rel}","templated":true}]}}