{"id":104292,"date":"2017-03-23T00:06:33","date_gmt":"2017-03-23T00:06:33","guid":{"rendered":"http:\/\/keramika.holest.com\/slovenija\/product\/habitat-ploscice-acropolis-gris\/"},"modified":"2026-01-03T00:01:48","modified_gmt":"2026-01-03T00:01:48","slug":"habitat-ploscice-acropolis-gris","status":"publish","type":"product","link":"https:\/\/www.keramika.com\/slovenija\/habitat-ploscice-acropolis-gris\/","title":{"rendered":"Habitat plo\u0161\u010dice Acropolis Gris"},"content":{"rendered":"<p>Dimenzije te plo\u0161\u010dice so 60&#215;60 cm. Na spletu boste za to plo\u0161\u010dico od\u0161teli le 30,43 EUR, medtem ko v redni prodaji cena zna\u0161a 38,03 EUR. 10 mm debeline je dovolj tudi za zahtevnej\u0161e kupce. Habitat Acropolis Gris je pripeljana iz \u0160panije in je zelo kvalitetna. Ta kerami\u010dna plo\u0161\u010dica v \u010dudoviti sivi barvi bo obogatila vsak prostor.<\/p>\n<p>Kliknite na ime kolekcije za ogled vseh plo\u0161\u010dic iz te serije: <a class=\"pdfcatal\" href=\"\/\/www.ceramictiles.com\/pdf\/habitat\/catalogue_habitat_acropolis.pdf\" onclick=\"recordOutboundLink(this, 'E-mail', 'Description PDF');return false;\">Habitat ceramics Acropolis<\/a><\/p>\n<p>\u010ce \u017eelite naro\u010diti model iz pdf kataloga te kolekcije, nam pi\u0161ite na: <a href=\"mailto:keramoteka.salon@gmail.com\" onclick=\"recordOutboundLink(this, 'E-mail', 'Description mail');return false;\">keramoteka.salon@gmail.com<\/a> ali pa nas pokli\u010dite na: 031 255 900.<\/p>\n<p>Technical description: <br \/>Matt marble tiles &#8211; F 60&#215;60 <br \/>Acr\u00f3polis Blanco ; Acr\u00f3polis Gris ; Acr\u00f3polis Beige ;<\/p>\n<p><\/p>\n<div style=\"height: 150px;\"><\/p>\n<div class=\"photo\" style=\"padding:0px;margin:0px;\" ><a href=\"#productimage1\"><img loading=\"lazy\" class=\"aligncenter\" src=\"https:\/\/www.ceramictiles.com\/images\/habitat\/alta-acropolis-beige-60x60.jpg\" alt=\" width=\"100\" height=\"150\" \/><\/a><\/div>\n<p><\/p>\n<div class=\"photo\" style=\"padding:0px;margin:0px;\" ><a href=\"#productimage2\"><img loading=\"lazy\" class=\"aligncenter\" src=\"https:\/\/www.ceramictiles.com\/images\/habitat\/alta-acropolis-blanco-60x60.jpg\" alt=\" width=\"100\" height=\"150\" \/><\/a><\/div>\n<p><\/p>\n<div class=\"photo\" style=\"padding:0px;margin:0px;\" ><a href=\"#productimage3\"><img loading=\"lazy\" class=\"aligncenter\" src=\"https:\/\/www.ceramictiles.com\/images\/habitat\/alta-acropolis-gris-60x60.jpg\" alt=\" width=\"100\" height=\"150\" \/><\/a><\/div>\n<p><\/div>\n<p><\/p>\n<div style=\"display: none;\" id=\"productimage1\"> <img src=\"https:\/\/www.ceramictiles.com\/images\/habitat\/alta-acropolis-beige-60x60.jpg\" alt=\"helmet\"> <\/div>\n<p><\/p>\n<div style=\"display: none;\" id=\"productimage2\"> <img src=\"https:\/\/www.ceramictiles.com\/images\/habitat\/alta-acropolis-blanco-60x60.jpg\" alt=\"helmet\"> <\/div>\n<p><\/p>\n<div style=\"display: none;\" id=\"productimage3\"> <img src=\"https:\/\/www.ceramictiles.com\/images\/habitat\/alta-acropolis-gris-60x60.jpg\" alt=\"helmet\"> <\/div>\n","protected":false},"excerpt":{"rendered":"<p>Dimenzije te plo\u0161\u010dice so 60&#215;60 cm. Na spletu boste za to plo\u0161\u010dico od\u0161teli le 30,43 EUR, medtem ko v redni prodaji cena zna\u0161a 38,03 EUR. 10 mm debeline je dovolj tudi za zahtevnej\u0161e kupce. Habitat Acropolis Gris je pripeljana iz \u0160panije in je zelo kvalitetna. Ta kerami\u010dna plo\u0161\u010dica v \u010dudoviti sivi barvi bo obogatila vsak [&hellip;]<\/p>\n","protected":false},"featured_media":104293,"template":"","meta":[],"product_cat":[99921440,200,260,999,290,250,240],"product_tag":[],"_links":{"self":[{"href":"https:\/\/www.keramika.com\/slovenija\/wp-json\/wp\/v2\/product\/104292"}],"collection":[{"href":"https:\/\/www.keramika.com\/slovenija\/wp-json\/wp\/v2\/product"}],"about":[{"href":"https:\/\/www.keramika.com\/slovenija\/wp-json\/wp\/v2\/types\/product"}],"wp:featuredmedia":[{"embeddable":true,"href":"https:\/\/www.keramika.com\/slovenija\/wp-json\/wp\/v2\/media\/104293"}],"wp:attachment":[{"href":"https:\/\/www.keramika.com\/slovenija\/wp-json\/wp\/v2\/media?parent=104292"}],"wp:term":[{"taxonomy":"product_cat","embeddable":true,"href":"https:\/\/www.keramika.com\/slovenija\/wp-json\/wp\/v2\/product_cat?post=104292"},{"taxonomy":"product_tag","embeddable":true,"href":"https:\/\/www.keramika.com\/slovenija\/wp-json\/wp\/v2\/product_tag?post=104292"}],"curies":[{"name":"wp","href":"https:\/\/api.w.org\/{rel}","templated":true}]}}