{"id":104284,"date":"2017-03-23T00:06:17","date_gmt":"2017-03-23T00:06:17","guid":{"rendered":"http:\/\/keramika.holest.com\/slovenija\/product\/porcelan-ploscice-aparici-hd-stonegate\/"},"modified":"2017-03-23T00:06:17","modified_gmt":"2017-03-23T00:06:17","slug":"porcelan-ploscice-aparici-hd-stonegate","status":"publish","type":"product","link":"https:\/\/www.keramika.com\/slovenija\/porcelan-ploscice-aparici-hd-stonegate\/","title":{"rendered":"Porcelan plo\u0161\u010dice Aparici HD Stonegate"},"content":{"rendered":"<p>Aparici HD Stonegate prihaja iz \u0160panije, ki je znana po zelo kvalitetni keramiki v svetovnem merilu. Plo\u0161\u010dica na sliki je velika 60&#215;60 cm. 10 mm debeline je dovolj tudi za zahtevnej\u0161e kupce. Ta model plo\u0161\u010dice se najbolje prodaja v rjavi barvi.<\/p>\n<p>Kliknite na ime kolekcije za ogled vseh plo\u0161\u010dic iz te serije: <a class=\"pdfcatal\" href=\"\/\/www.ceramictiles.com\/pdf\/aparici\/catalogue_aparici_stonegate.pdf\" onclick=\"recordOutboundLink(this, 'E-mail', 'Description PDF');return false;\">Aparici Stonegate<\/a><\/p>\n<p>\u010ce \u017eelite naro\u010diti model iz pdf kataloga te kolekcije, nam pi\u0161ite na: <a href=\"mailto:keramoteka.salon@gmail.com\" onclick=\"recordOutboundLink(this, 'E-mail', 'Description mail');return false;\">keramoteka.salon@gmail.com<\/a> ali pa nas pokli\u010dite na: +386 31 255 900.<\/p>\n<p>Technical description: <br \/> W &#038; F 59,55&#215;59,55 ; 29,75&#215;59,55 <br \/>Stonegate Moss ; Stonegate Moss Paladiana ; Stonegate Black ; Stonegate Black Paladiana ;<\/p>\n","protected":false},"excerpt":{"rendered":"<p>Aparici HD Stonegate prihaja iz \u0160panije, ki je znana po zelo kvalitetni keramiki v svetovnem merilu. Plo\u0161\u010dica na sliki je velika 60&#215;60 cm. 10 mm debeline je dovolj tudi za zahtevnej\u0161e kupce. Ta model plo\u0161\u010dice se najbolje prodaja v rjavi barvi. Kliknite na ime kolekcije za ogled vseh plo\u0161\u010dic iz te serije: Aparici Stonegate \u010ce [&hellip;]<\/p>\n","protected":false},"featured_media":104285,"template":"","meta":[],"product_cat":[999773,200,260,999,250,240,270],"product_tag":[],"_links":{"self":[{"href":"https:\/\/www.keramika.com\/slovenija\/wp-json\/wp\/v2\/product\/104284"}],"collection":[{"href":"https:\/\/www.keramika.com\/slovenija\/wp-json\/wp\/v2\/product"}],"about":[{"href":"https:\/\/www.keramika.com\/slovenija\/wp-json\/wp\/v2\/types\/product"}],"wp:featuredmedia":[{"embeddable":true,"href":"https:\/\/www.keramika.com\/slovenija\/wp-json\/wp\/v2\/media\/104285"}],"wp:attachment":[{"href":"https:\/\/www.keramika.com\/slovenija\/wp-json\/wp\/v2\/media?parent=104284"}],"wp:term":[{"taxonomy":"product_cat","embeddable":true,"href":"https:\/\/www.keramika.com\/slovenija\/wp-json\/wp\/v2\/product_cat?post=104284"},{"taxonomy":"product_tag","embeddable":true,"href":"https:\/\/www.keramika.com\/slovenija\/wp-json\/wp\/v2\/product_tag?post=104284"}],"curies":[{"name":"wp","href":"https:\/\/api.w.org\/{rel}","templated":true}]}}