{"id":104278,"date":"2017-03-23T00:06:03","date_gmt":"2017-03-23T00:06:03","guid":{"rendered":"http:\/\/keramika.holest.com\/slovenija\/product\/ploscice-za-kopalnico-aparici-hd-scarlett\/"},"modified":"2017-03-23T00:06:03","modified_gmt":"2017-03-23T00:06:03","slug":"ploscice-za-kopalnico-aparici-hd-scarlett","status":"publish","type":"product","link":"https:\/\/www.keramika.com\/slovenija\/ploscice-za-kopalnico-aparici-hd-scarlett\/","title":{"rendered":"Plo\u0161\u010dice za kopalnico Aparici HD Scarlett"},"content":{"rendered":"<p>Z 30&#215;30 cm je ta plo\u0161\u010dica primerna za razli\u010dne podlage. Ta model plo\u0161\u010dice se najbolje prodaja v be\u017e barvi. Debelina kar 10 mm dela to plo\u0161\u010dico zelo trpe\u017eno in presti\u017eno na otip. Aparici HD Scarlett je pripeljana iz \u0160panije in je zelo kvalitetna.<\/p>\n<p>Kliknite na ime kolekcije za ogled vseh plo\u0161\u010dic iz te serije: <a class=\"pdfcatal\" href=\"\/\/www.ceramictiles.com\/pdf\/aparici\/catalogue_aparici_scarlett.pdf\" onclick=\"recordOutboundLink(this, 'E-mail', 'Description PDF');return false;\">Aparici Scarlett<\/a><\/p>\n<p>\u010ce \u017eelite naro\u010diti model iz pdf kataloga te kolekcije, nam pi\u0161ite na: <a href=\"mailto:keramoteka.salon@gmail.com\" onclick=\"recordOutboundLink(this, 'E-mail', 'Description mail');return false;\">keramoteka.salon@gmail.com<\/a> ali pa nas pokli\u010dite na: +386 31 255 900.<\/p>\n<p>Technical description: <br \/> W &#038; F 25,1&#215;75,6 ; 29,5&#215;29,5 <br \/>Scarlett Sand ; Scarlett Beige ; Scarlett Beige Ornato ;<\/p>\n","protected":false},"excerpt":{"rendered":"<p>Z 30&#215;30 cm je ta plo\u0161\u010dica primerna za razli\u010dne podlage. Ta model plo\u0161\u010dice se najbolje prodaja v be\u017e barvi. Debelina kar 10 mm dela to plo\u0161\u010dico zelo trpe\u017eno in presti\u017eno na otip. Aparici HD Scarlett je pripeljana iz \u0160panije in je zelo kvalitetna. Kliknite na ime kolekcije za ogled vseh plo\u0161\u010dic iz te serije: Aparici [&hellip;]<\/p>\n","protected":false},"featured_media":104279,"template":"","meta":[],"product_cat":[999773,200,220,260,999,250,240],"product_tag":[],"_links":{"self":[{"href":"https:\/\/www.keramika.com\/slovenija\/wp-json\/wp\/v2\/product\/104278"}],"collection":[{"href":"https:\/\/www.keramika.com\/slovenija\/wp-json\/wp\/v2\/product"}],"about":[{"href":"https:\/\/www.keramika.com\/slovenija\/wp-json\/wp\/v2\/types\/product"}],"wp:featuredmedia":[{"embeddable":true,"href":"https:\/\/www.keramika.com\/slovenija\/wp-json\/wp\/v2\/media\/104279"}],"wp:attachment":[{"href":"https:\/\/www.keramika.com\/slovenija\/wp-json\/wp\/v2\/media?parent=104278"}],"wp:term":[{"taxonomy":"product_cat","embeddable":true,"href":"https:\/\/www.keramika.com\/slovenija\/wp-json\/wp\/v2\/product_cat?post=104278"},{"taxonomy":"product_tag","embeddable":true,"href":"https:\/\/www.keramika.com\/slovenija\/wp-json\/wp\/v2\/product_tag?post=104278"}],"curies":[{"name":"wp","href":"https:\/\/api.w.org\/{rel}","templated":true}]}}