{"id":104264,"date":"2017-03-23T00:05:32","date_gmt":"2017-03-23T00:05:32","guid":{"rendered":"http:\/\/keramika.holest.com\/slovenija\/product\/talne-porcelan-ploscice-aparici-hd-primary\/"},"modified":"2017-03-23T00:05:32","modified_gmt":"2017-03-23T00:05:32","slug":"talne-porcelan-ploscice-aparici-hd-primary","status":"publish","type":"product","link":"https:\/\/www.keramika.com\/slovenija\/talne-porcelan-ploscice-aparici-hd-primary\/","title":{"rendered":"Talne porcelan plo\u0161\u010dice Aparici HD\u00a0Primary"},"content":{"rendered":"<p>\u0160irina in dol\u017eina te plo\u0161\u010dice sta 30&#215;30 cm. Ta model plo\u0161\u010dice se najbolje prodaja v be\u017e barvi. Aparici HD\u00a0Primary prihaja iz \u0160panije, ki je znana po zelo kvalitetni keramiki v svetovnem merilu. 10 mm debeline je dovolj tudi za zahtevnej\u0161e kupce.<\/p>\n<p>Kliknite na ime kolekcije za ogled vseh plo\u0161\u010dic iz te serije: <a class=\"pdfcatal\" href=\"\/\/www.ceramictiles.com\/pdf\/aparici\/catalogue_aparici_primary.pdf\" onclick=\"recordOutboundLink(this, 'E-mail', 'Description PDF');return false;\">Aparici Primary<\/a><\/p>\n<p>\u010ce \u017eelite naro\u010diti model iz pdf kataloga te kolekcije, nam pi\u0161ite na: <a href=\"mailto:keramoteka.salon@gmail.com\" onclick=\"recordOutboundLink(this, 'E-mail', 'Description mail');return false;\">keramoteka.salon@gmail.com<\/a> ali pa nas pokli\u010dite na: +386 31 255 900.<\/p>\n<p>Technical description: <br \/> F 29,5&#215;29,5 <br \/>Primary White Natural ; Primary Grey Natural ; Primary Black Natural ; Primary Ivory Natural ; Primary Beige Natural ; Primary Vison Natural ; Primary Ambar Natural ; Primary Red Natural ; Primary Green Natural ; Primary Cobalto N<\/p>\n","protected":false},"excerpt":{"rendered":"<p>\u0160irina in dol\u017eina te plo\u0161\u010dice sta 30&#215;30 cm. Ta model plo\u0161\u010dice se najbolje prodaja v be\u017e barvi. Aparici HD\u00a0Primary prihaja iz \u0160panije, ki je znana po zelo kvalitetni keramiki v svetovnem merilu. 10 mm debeline je dovolj tudi za zahtevnej\u0161e kupce. Kliknite na ime kolekcije za ogled vseh plo\u0161\u010dic iz te serije: Aparici Primary \u010ce [&hellip;]<\/p>\n","protected":false},"featured_media":104265,"template":"","meta":[],"product_cat":[999773,200,260,999,240],"product_tag":[],"_links":{"self":[{"href":"https:\/\/www.keramika.com\/slovenija\/wp-json\/wp\/v2\/product\/104264"}],"collection":[{"href":"https:\/\/www.keramika.com\/slovenija\/wp-json\/wp\/v2\/product"}],"about":[{"href":"https:\/\/www.keramika.com\/slovenija\/wp-json\/wp\/v2\/types\/product"}],"wp:featuredmedia":[{"embeddable":true,"href":"https:\/\/www.keramika.com\/slovenija\/wp-json\/wp\/v2\/media\/104265"}],"wp:attachment":[{"href":"https:\/\/www.keramika.com\/slovenija\/wp-json\/wp\/v2\/media?parent=104264"}],"wp:term":[{"taxonomy":"product_cat","embeddable":true,"href":"https:\/\/www.keramika.com\/slovenija\/wp-json\/wp\/v2\/product_cat?post=104264"},{"taxonomy":"product_tag","embeddable":true,"href":"https:\/\/www.keramika.com\/slovenija\/wp-json\/wp\/v2\/product_tag?post=104264"}],"curies":[{"name":"wp","href":"https:\/\/api.w.org\/{rel}","templated":true}]}}