{"id":104258,"date":"2017-03-23T00:05:19","date_gmt":"2017-03-23T00:05:19","guid":{"rendered":"http:\/\/keramika.holest.com\/slovenija\/product\/talne-in-stenske-ploscice-aparici-hd-novocemento\/"},"modified":"2017-03-23T00:05:19","modified_gmt":"2017-03-23T00:05:19","slug":"talne-in-stenske-ploscice-aparici-hd-novocemento","status":"publish","type":"product","link":"https:\/\/www.keramika.com\/slovenija\/talne-in-stenske-ploscice-aparici-hd-novocemento\/","title":{"rendered":"Talne in stenske plo\u0161\u010dice Aparici HD\u00a0Novocemento"},"content":{"rendered":"<p>11 mm debeline je dovolj tudi za zahtevnej\u0161e kupce. Plo\u0161\u010dica na sliki je velika 45&#215;90 cm. Ta kerami\u010dna plo\u0161\u010dica v \u010dudoviti rjavi barvi bo obogatila vsak prostor. To plo\u0161\u010dico je izdelal proizvajalec Aparici, ki prihaja iz \u0160panije.<\/p>\n<p>Kliknite na ime kolekcije za ogled vseh plo\u0161\u010dic iz te serije: <a class=\"pdfcatal\" href=\"\/\/www.ceramictiles.com\/pdf\/aparici\/catalogue_aparici_novocemento.pdf\" onclick=\"recordOutboundLink(this, 'E-mail', 'Description PDF');return false;\">Aparici Novocemento<\/a><\/p>\n<p>\u010ce \u017eelite naro\u010diti model iz pdf kataloga te kolekcije, nam pi\u0161ite na: <a href=\"mailto:keramoteka.salon@gmail.com\" onclick=\"recordOutboundLink(this, 'E-mail', 'Description mail');return false;\">keramoteka.salon@gmail.com<\/a> ali pa nas pokli\u010dite na: +386 31 255 900.<\/p>\n<p>Technical description: <br \/> W &#038; F 44,63&#215;89,46 ; 59,55&#215;59,55 ; 29,75&#215;59,55 <br \/>Novocemento Marfil ; Novocemento Gris ; Novocemento Brown ; Novocemento Negro ;<\/p>\n","protected":false},"excerpt":{"rendered":"<p>11 mm debeline je dovolj tudi za zahtevnej\u0161e kupce. Plo\u0161\u010dica na sliki je velika 45&#215;90 cm. Ta kerami\u010dna plo\u0161\u010dica v \u010dudoviti rjavi barvi bo obogatila vsak prostor. To plo\u0161\u010dico je izdelal proizvajalec Aparici, ki prihaja iz \u0160panije. Kliknite na ime kolekcije za ogled vseh plo\u0161\u010dic iz te serije: Aparici Novocemento \u010ce \u017eelite naro\u010diti model iz [&hellip;]<\/p>\n","protected":false},"featured_media":104259,"template":"","meta":[],"product_cat":[999773,200,260,999,250,240],"product_tag":[],"_links":{"self":[{"href":"https:\/\/www.keramika.com\/slovenija\/wp-json\/wp\/v2\/product\/104258"}],"collection":[{"href":"https:\/\/www.keramika.com\/slovenija\/wp-json\/wp\/v2\/product"}],"about":[{"href":"https:\/\/www.keramika.com\/slovenija\/wp-json\/wp\/v2\/types\/product"}],"wp:featuredmedia":[{"embeddable":true,"href":"https:\/\/www.keramika.com\/slovenija\/wp-json\/wp\/v2\/media\/104259"}],"wp:attachment":[{"href":"https:\/\/www.keramika.com\/slovenija\/wp-json\/wp\/v2\/media?parent=104258"}],"wp:term":[{"taxonomy":"product_cat","embeddable":true,"href":"https:\/\/www.keramika.com\/slovenija\/wp-json\/wp\/v2\/product_cat?post=104258"},{"taxonomy":"product_tag","embeddable":true,"href":"https:\/\/www.keramika.com\/slovenija\/wp-json\/wp\/v2\/product_tag?post=104258"}],"curies":[{"name":"wp","href":"https:\/\/api.w.org\/{rel}","templated":true}]}}