{"id":104250,"date":"2017-03-23T00:05:02","date_gmt":"2017-03-23T00:05:02","guid":{"rendered":"http:\/\/keramika.holest.com\/slovenija\/product\/talne-in-stenske-ploscice-aparici-hd-legend\/"},"modified":"2017-03-23T00:05:02","modified_gmt":"2017-03-23T00:05:02","slug":"talne-in-stenske-ploscice-aparici-hd-legend","status":"publish","type":"product","link":"https:\/\/www.keramika.com\/slovenija\/talne-in-stenske-ploscice-aparici-hd-legend\/","title":{"rendered":"Talne in stenske plo\u0161\u010dice Aparici HD\u00a0Legend"},"content":{"rendered":"<p>Z velikostjo 45&#215;90 cm je ta plo\u0161\u010dica primerna ze razli\u010dne povr\u0161ine. Keramika v sivi barvi popestri vsak prostor. Ta plo\u0161\u010dica je debela 11 mm in je zelo trpe\u017ena. Aparici HD\u00a0Legend je plo\u0161\u010dica proizvajalca Aparici in prihaja iz \u0160panije.<\/p>\n<p>Kliknite na ime kolekcije za ogled vseh plo\u0161\u010dic iz te serije: <a class=\"pdfcatal\" href=\"\/\/www.ceramictiles.com\/pdf\/aparici\/catalogue_aparici_legend.pdf\" onclick=\"recordOutboundLink(this, 'E-mail', 'Description PDF');return false;\">Aparici Legend<\/a><\/p>\n<p>\u010ce \u017eelite naro\u010diti model iz pdf kataloga te kolekcije, nam pi\u0161ite na: <a href=\"mailto:keramoteka.salon@gmail.com\" onclick=\"recordOutboundLink(this, 'E-mail', 'Description mail');return false;\">keramoteka.salon@gmail.com<\/a> ali pa nas pokli\u010dite na: +386 31 255 900.<\/p>\n<p>Technical description: <br \/> W &#038; F 44,63&#215;89,46 <br \/>Legend Beige Natural ; Legend Grey Natural ; Legend Black Natural ;<\/p>\n","protected":false},"excerpt":{"rendered":"<p>Z velikostjo 45&#215;90 cm je ta plo\u0161\u010dica primerna ze razli\u010dne povr\u0161ine. Keramika v sivi barvi popestri vsak prostor. Ta plo\u0161\u010dica je debela 11 mm in je zelo trpe\u017ena. Aparici HD\u00a0Legend je plo\u0161\u010dica proizvajalca Aparici in prihaja iz \u0160panije. Kliknite na ime kolekcije za ogled vseh plo\u0161\u010dic iz te serije: Aparici Legend \u010ce \u017eelite naro\u010diti model [&hellip;]<\/p>\n","protected":false},"featured_media":104251,"template":"","meta":[],"product_cat":[999773,200,260,999,250,240],"product_tag":[],"_links":{"self":[{"href":"https:\/\/www.keramika.com\/slovenija\/wp-json\/wp\/v2\/product\/104250"}],"collection":[{"href":"https:\/\/www.keramika.com\/slovenija\/wp-json\/wp\/v2\/product"}],"about":[{"href":"https:\/\/www.keramika.com\/slovenija\/wp-json\/wp\/v2\/types\/product"}],"wp:featuredmedia":[{"embeddable":true,"href":"https:\/\/www.keramika.com\/slovenija\/wp-json\/wp\/v2\/media\/104251"}],"wp:attachment":[{"href":"https:\/\/www.keramika.com\/slovenija\/wp-json\/wp\/v2\/media?parent=104250"}],"wp:term":[{"taxonomy":"product_cat","embeddable":true,"href":"https:\/\/www.keramika.com\/slovenija\/wp-json\/wp\/v2\/product_cat?post=104250"},{"taxonomy":"product_tag","embeddable":true,"href":"https:\/\/www.keramika.com\/slovenija\/wp-json\/wp\/v2\/product_tag?post=104250"}],"curies":[{"name":"wp","href":"https:\/\/api.w.org\/{rel}","templated":true}]}}