{"id":104238,"date":"2017-03-23T00:04:44","date_gmt":"2017-03-23T00:04:44","guid":{"rendered":"http:\/\/keramika.holest.com\/slovenija\/product\/ploscice-imitacija-lesa-aparici-hd-jungle\/"},"modified":"2017-03-23T00:04:44","modified_gmt":"2017-03-23T00:04:44","slug":"ploscice-imitacija-lesa-aparici-hd-jungle","status":"publish","type":"product","link":"https:\/\/www.keramika.com\/slovenija\/ploscice-imitacija-lesa-aparici-hd-jungle\/","title":{"rendered":"Plo\u0161\u010dice imitacija lesa Aparici HD\u00a0Jungle"},"content":{"rendered":"<p>Z velikostjo 30&#215;60 cm je ta plo\u0161\u010dica primerna ze razli\u010dne povr\u0161ine. Aparici HD\u00a0Jungle je plo\u0161\u010dica proizvajalca Aparici in prihaja iz \u0160panije. Debelina plo\u0161\u010dice je zelo pomembna in 10 mm uvr\u0161\u010da to plo\u0161\u010dico med najkvalitetnej\u0161e. Pri izbiri plo\u0161\u010dice v rjavi barvi ne morete zgre\u0161iti.<\/p>\n<p>Kliknite na ime kolekcije za ogled vseh plo\u0161\u010dic iz te serije: <a class=\"pdfcatal\" href=\"\/\/www.ceramictiles.com\/pdf\/aparici\/catalogue_aparici_jungle.pdf\" onclick=\"recordOutboundLink(this, 'E-mail', 'Description PDF');return false;\">Aparici Jungle<\/a><\/p>\n<p>\u010ce \u017eelite naro\u010diti model iz pdf kataloga te kolekcije, nam pi\u0161ite na: <a href=\"mailto:keramoteka.salon@gmail.com\" onclick=\"recordOutboundLink(this, 'E-mail', 'Description mail');return false;\">keramoteka.salon@gmail.com<\/a> ali pa nas pokli\u010dite na: +386 31 255 900.<\/p>\n<p>Technical description: <br \/> W &#038; F 44,63&#215;89,46 ; 29,75&#215;59,55 ; 22,21&#215;89,46 <br \/>Jungle Maple ; Jungle Oak ; Jungle Walnut ;<\/p>\n","protected":false},"excerpt":{"rendered":"<p>Z velikostjo 30&#215;60 cm je ta plo\u0161\u010dica primerna ze razli\u010dne povr\u0161ine. Aparici HD\u00a0Jungle je plo\u0161\u010dica proizvajalca Aparici in prihaja iz \u0160panije. Debelina plo\u0161\u010dice je zelo pomembna in 10 mm uvr\u0161\u010da to plo\u0161\u010dico med najkvalitetnej\u0161e. Pri izbiri plo\u0161\u010dice v rjavi barvi ne morete zgre\u0161iti. Kliknite na ime kolekcije za ogled vseh plo\u0161\u010dic iz te serije: Aparici [&hellip;]<\/p>\n","protected":false},"featured_media":104239,"template":"","meta":[],"product_cat":[999773,200,260,999,250,240],"product_tag":[],"_links":{"self":[{"href":"https:\/\/www.keramika.com\/slovenija\/wp-json\/wp\/v2\/product\/104238"}],"collection":[{"href":"https:\/\/www.keramika.com\/slovenija\/wp-json\/wp\/v2\/product"}],"about":[{"href":"https:\/\/www.keramika.com\/slovenija\/wp-json\/wp\/v2\/types\/product"}],"wp:featuredmedia":[{"embeddable":true,"href":"https:\/\/www.keramika.com\/slovenija\/wp-json\/wp\/v2\/media\/104239"}],"wp:attachment":[{"href":"https:\/\/www.keramika.com\/slovenija\/wp-json\/wp\/v2\/media?parent=104238"}],"wp:term":[{"taxonomy":"product_cat","embeddable":true,"href":"https:\/\/www.keramika.com\/slovenija\/wp-json\/wp\/v2\/product_cat?post=104238"},{"taxonomy":"product_tag","embeddable":true,"href":"https:\/\/www.keramika.com\/slovenija\/wp-json\/wp\/v2\/product_tag?post=104238"}],"curies":[{"name":"wp","href":"https:\/\/api.w.org\/{rel}","templated":true}]}}