{"id":104226,"date":"2017-03-23T00:04:19","date_gmt":"2017-03-23T00:04:19","guid":{"rendered":"http:\/\/keramika.holest.com\/slovenija\/product\/ploscice-za-dnevno-sobo-aparici-hd-fuji\/"},"modified":"2017-03-23T00:04:19","modified_gmt":"2017-03-23T00:04:19","slug":"ploscice-za-dnevno-sobo-aparici-hd-fuji","status":"publish","type":"product","link":"https:\/\/www.keramika.com\/slovenija\/ploscice-za-dnevno-sobo-aparici-hd-fuji\/","title":{"rendered":"Plo\u0161\u010dice za dnevno sobo Aparici HD Fuji"},"content":{"rendered":"<p>Z 30&#215;60 cm je ta plo\u0161\u010dica primerna za razli\u010dne podlage. Debelina kar 10 mm dela to plo\u0161\u010dico zelo trpe\u017eno in presti\u017eno na otip. Aparici HD Fuji je plo\u0161\u010dica proizvajalca Aparici in prihaja iz \u0160panije. Letos so plo\u0161\u010dice v beli barvi zelo za\u017eeljene.<\/p>\n<p>Kliknite na ime kolekcije za ogled vseh plo\u0161\u010dic iz te serije: <a class=\"pdfcatal\" href=\"\/\/www.ceramictiles.com\/pdf\/aparici\/catalogue_aparici_fuji.pdf\" onclick=\"recordOutboundLink(this, 'E-mail', 'Description PDF');return false;\">Aparici Fuji<\/a><\/p>\n<p>\u010ce \u017eelite naro\u010diti model iz pdf kataloga te kolekcije, nam pi\u0161ite na: <a href=\"mailto:keramoteka.salon@gmail.com\" onclick=\"recordOutboundLink(this, 'E-mail', 'Description mail');return false;\">keramoteka.salon@gmail.com<\/a> ali pa nas pokli\u010dite na: +386 31 255 900.<\/p>\n<p>Technical description: <br \/> W &#038; F 29,75&#215;59,55 <br \/>Fuji Blanco ; Fuji Negro ;<\/p>\n","protected":false},"excerpt":{"rendered":"<p>Z 30&#215;60 cm je ta plo\u0161\u010dica primerna za razli\u010dne podlage. Debelina kar 10 mm dela to plo\u0161\u010dico zelo trpe\u017eno in presti\u017eno na otip. Aparici HD Fuji je plo\u0161\u010dica proizvajalca Aparici in prihaja iz \u0160panije. Letos so plo\u0161\u010dice v beli barvi zelo za\u017eeljene. Kliknite na ime kolekcije za ogled vseh plo\u0161\u010dic iz te serije: Aparici Fuji [&hellip;]<\/p>\n","protected":false},"featured_media":104227,"template":"","meta":[],"product_cat":[999773,200,260,999,250,240],"product_tag":[],"_links":{"self":[{"href":"https:\/\/www.keramika.com\/slovenija\/wp-json\/wp\/v2\/product\/104226"}],"collection":[{"href":"https:\/\/www.keramika.com\/slovenija\/wp-json\/wp\/v2\/product"}],"about":[{"href":"https:\/\/www.keramika.com\/slovenija\/wp-json\/wp\/v2\/types\/product"}],"wp:featuredmedia":[{"embeddable":true,"href":"https:\/\/www.keramika.com\/slovenija\/wp-json\/wp\/v2\/media\/104227"}],"wp:attachment":[{"href":"https:\/\/www.keramika.com\/slovenija\/wp-json\/wp\/v2\/media?parent=104226"}],"wp:term":[{"taxonomy":"product_cat","embeddable":true,"href":"https:\/\/www.keramika.com\/slovenija\/wp-json\/wp\/v2\/product_cat?post=104226"},{"taxonomy":"product_tag","embeddable":true,"href":"https:\/\/www.keramika.com\/slovenija\/wp-json\/wp\/v2\/product_tag?post=104226"}],"curies":[{"name":"wp","href":"https:\/\/api.w.org\/{rel}","templated":true}]}}