{"id":104212,"date":"2017-03-23T00:03:47","date_gmt":"2017-03-23T00:03:47","guid":{"rendered":"http:\/\/keramika.holest.com\/slovenija\/product\/keramicne-ploscice-za-terase-aparici-hd-cenia\/"},"modified":"2017-03-23T00:03:47","modified_gmt":"2017-03-23T00:03:47","slug":"keramicne-ploscice-za-terase-aparici-hd-cenia","status":"publish","type":"product","link":"https:\/\/www.keramika.com\/slovenija\/keramicne-ploscice-za-terase-aparici-hd-cenia\/","title":{"rendered":"Kerami\u010dne plo\u0161\u010dice za terase Aparici HD\u00a0Cenia"},"content":{"rendered":"<p>Debelina plo\u0161\u010dice je zelo pomembna in 10 mm uvr\u0161\u010da to plo\u0161\u010dico med najkvalitetnej\u0161e. Ta plo\u0161\u010dica je na voljo v \u010dudoviti be\u017e barvi, \u010de \u017eelite kak\u0161no drugo barvo pa nas kontaktirajte in preverili bomo pri proizvajalcu. Z 30&#215;60 cm je ta plo\u0161\u010dica primerna za razli\u010dne podlage. Ta plo\u0161\u010dica prihaja iz \u0160panije, ki je znana po kvalitetni keramiki.<\/p>\n<p>Kliknite na ime kolekcije za ogled vseh plo\u0161\u010dic iz te serije: <a class=\"pdfcatal\" href=\"\/\/www.ceramictiles.com\/pdf\/aparici\/catalogue_aparici_cenia.pdf\" onclick=\"recordOutboundLink(this, 'E-mail', 'Description PDF');return false;\">Aparici Cenia<\/a><\/p>\n<p>\u010ce \u017eelite naro\u010diti model iz pdf kataloga te kolekcije, nam pi\u0161ite na: <a href=\"mailto:keramoteka.salon@gmail.com\" onclick=\"recordOutboundLink(this, 'E-mail', 'Description mail');return false;\">keramoteka.salon@gmail.com<\/a> ali pa nas pokli\u010dite na: +386 31 255 900.<\/p>\n<p>Technical description: <br \/> F 59,55&#215;59,55 ; 29,75&#215;59,55 <br \/>Cenia Beige ; Cenia Nuez ; Cenia Grafito ;<\/p>\n","protected":false},"excerpt":{"rendered":"<p>Debelina plo\u0161\u010dice je zelo pomembna in 10 mm uvr\u0161\u010da to plo\u0161\u010dico med najkvalitetnej\u0161e. Ta plo\u0161\u010dica je na voljo v \u010dudoviti be\u017e barvi, \u010de \u017eelite kak\u0161no drugo barvo pa nas kontaktirajte in preverili bomo pri proizvajalcu. Z 30&#215;60 cm je ta plo\u0161\u010dica primerna za razli\u010dne podlage. Ta plo\u0161\u010dica prihaja iz \u0160panije, ki je znana po kvalitetni [&hellip;]<\/p>\n","protected":false},"featured_media":104213,"template":"","meta":[],"product_cat":[999773,200,260,999,240,270],"product_tag":[],"_links":{"self":[{"href":"https:\/\/www.keramika.com\/slovenija\/wp-json\/wp\/v2\/product\/104212"}],"collection":[{"href":"https:\/\/www.keramika.com\/slovenija\/wp-json\/wp\/v2\/product"}],"about":[{"href":"https:\/\/www.keramika.com\/slovenija\/wp-json\/wp\/v2\/types\/product"}],"wp:featuredmedia":[{"embeddable":true,"href":"https:\/\/www.keramika.com\/slovenija\/wp-json\/wp\/v2\/media\/104213"}],"wp:attachment":[{"href":"https:\/\/www.keramika.com\/slovenija\/wp-json\/wp\/v2\/media?parent=104212"}],"wp:term":[{"taxonomy":"product_cat","embeddable":true,"href":"https:\/\/www.keramika.com\/slovenija\/wp-json\/wp\/v2\/product_cat?post=104212"},{"taxonomy":"product_tag","embeddable":true,"href":"https:\/\/www.keramika.com\/slovenija\/wp-json\/wp\/v2\/product_tag?post=104212"}],"curies":[{"name":"wp","href":"https:\/\/api.w.org\/{rel}","templated":true}]}}