{"id":104200,"date":"2017-03-23T00:03:22","date_gmt":"2017-03-23T00:03:22","guid":{"rendered":"http:\/\/keramika.holest.com\/slovenija\/product\/ploscice-za-dnevno-sobo-aparici-hd-bellagio\/"},"modified":"2017-03-23T00:03:22","modified_gmt":"2017-03-23T00:03:22","slug":"ploscice-za-dnevno-sobo-aparici-hd-bellagio","status":"publish","type":"product","link":"https:\/\/www.keramika.com\/slovenija\/ploscice-za-dnevno-sobo-aparici-hd-bellagio\/","title":{"rendered":"Plo\u0161\u010dice za dnevno sobo Aparici HD Bellagio"},"content":{"rendered":"<p>10 mm debeline je dovolj tudi za zahtevnej\u0161e kupce. To plo\u0161\u010dico je izdelal proizvajalec Aparici, ki prihaja iz \u0160panije. Ta model plo\u0161\u010dice se najbolje prodaja v be\u017e barvi. Z velikostjo 30&#215;60 cm je ta plo\u0161\u010dica primerna ze razli\u010dne povr\u0161ine.<\/p>\n<p>Kliknite na ime kolekcije za ogled vseh plo\u0161\u010dic iz te serije: <a class=\"pdfcatal\" href=\"\/\/www.ceramictiles.com\/pdf\/aparici\/catalogue_aparici_bellagio.pdf\" onclick=\"recordOutboundLink(this, 'E-mail', 'Description PDF');return false;\">Aparici Bellagio<\/a><\/p>\n<p>\u010ce \u017eelite naro\u010diti model iz pdf kataloga te kolekcije, nam pi\u0161ite na: <a href=\"mailto:keramoteka.salon@gmail.com\" onclick=\"recordOutboundLink(this, 'E-mail', 'Description mail');return false;\">keramoteka.salon@gmail.com<\/a> ali pa nas pokli\u010dite na: +386 31 255 900.<\/p>\n<p>Technical description: <br \/> W &#038; F 59,55&#215;59,55 ; 29,75&#215;59,55 ; 44,63&#215;89,46 ; 22,21&#215;89,46 <br \/>Bellagio Beige Natural ; Bellagio Nuez Natural ; Bellagio Slim Beige ; Bellagio Slim Nuez ;<\/p>\n","protected":false},"excerpt":{"rendered":"<p>10 mm debeline je dovolj tudi za zahtevnej\u0161e kupce. To plo\u0161\u010dico je izdelal proizvajalec Aparici, ki prihaja iz \u0160panije. Ta model plo\u0161\u010dice se najbolje prodaja v be\u017e barvi. Z velikostjo 30&#215;60 cm je ta plo\u0161\u010dica primerna ze razli\u010dne povr\u0161ine. Kliknite na ime kolekcije za ogled vseh plo\u0161\u010dic iz te serije: Aparici Bellagio \u010ce \u017eelite naro\u010diti [&hellip;]<\/p>\n","protected":false},"featured_media":104201,"template":"","meta":[],"product_cat":[999773,200,260,999,250,240],"product_tag":[],"_links":{"self":[{"href":"https:\/\/www.keramika.com\/slovenija\/wp-json\/wp\/v2\/product\/104200"}],"collection":[{"href":"https:\/\/www.keramika.com\/slovenija\/wp-json\/wp\/v2\/product"}],"about":[{"href":"https:\/\/www.keramika.com\/slovenija\/wp-json\/wp\/v2\/types\/product"}],"wp:featuredmedia":[{"embeddable":true,"href":"https:\/\/www.keramika.com\/slovenija\/wp-json\/wp\/v2\/media\/104201"}],"wp:attachment":[{"href":"https:\/\/www.keramika.com\/slovenija\/wp-json\/wp\/v2\/media?parent=104200"}],"wp:term":[{"taxonomy":"product_cat","embeddable":true,"href":"https:\/\/www.keramika.com\/slovenija\/wp-json\/wp\/v2\/product_cat?post=104200"},{"taxonomy":"product_tag","embeddable":true,"href":"https:\/\/www.keramika.com\/slovenija\/wp-json\/wp\/v2\/product_tag?post=104200"}],"curies":[{"name":"wp","href":"https:\/\/api.w.org\/{rel}","templated":true}]}}