{"id":104194,"date":"2017-03-23T00:03:11","date_gmt":"2017-03-23T00:03:11","guid":{"rendered":"http:\/\/keramika.holest.com\/slovenija\/product\/porcelan-ploscice-aparici-hd-aura\/"},"modified":"2017-03-23T00:03:11","modified_gmt":"2017-03-23T00:03:11","slug":"porcelan-ploscice-aparici-hd-aura","status":"publish","type":"product","link":"https:\/\/www.keramika.com\/slovenija\/porcelan-ploscice-aparici-hd-aura\/","title":{"rendered":"Porcelan plo\u0161\u010dice Aparici HD\u00a0Aura"},"content":{"rendered":"<p>Velikost te plo\u0161\u010dice je 60&#215;120 cm in je primerna za razli\u010dne povr\u0161ine. Ta plo\u0161\u010dica je na voljo v \u010dudoviti rjavi barvi, \u010de \u017eelite kak\u0161no drugo barvo pa nas kontaktirajte in preverili bomo pri proizvajalcu. To plo\u0161\u010dico je izdelal proizvajalec Aparici, ki prihaja iz \u0160panije. 11 mm je debelina, ki zadovolji tudi zahtevnej\u0161e kupce.<\/p>\n<p>Kliknite na ime kolekcije za ogled vseh plo\u0161\u010dic iz te serije: <a class=\"pdfcatal\" href=\"\/\/www.ceramictiles.com\/pdf\/aparici\/catalogue_aparici_aura.pdf\" onclick=\"recordOutboundLink(this, 'E-mail', 'Description PDF');return false;\">Aparici Aura<\/a><\/p>\n<p>\u010ce \u017eelite naro\u010diti model iz pdf kataloga te kolekcije, nam pi\u0161ite na: <a href=\"mailto:keramoteka.salon@gmail.com\" onclick=\"recordOutboundLink(this, 'E-mail', 'Description mail');return false;\">keramoteka.salon@gmail.com<\/a> ali pa nas pokli\u010dite na: +386 31 255 900.<\/p>\n<p>Technical description: <br \/> W &#038; F 59,55&#215;119,3 <br \/>Aura Ambar ; Aura Grey ;<\/p>\n","protected":false},"excerpt":{"rendered":"<p>Velikost te plo\u0161\u010dice je 60&#215;120 cm in je primerna za razli\u010dne povr\u0161ine. Ta plo\u0161\u010dica je na voljo v \u010dudoviti rjavi barvi, \u010de \u017eelite kak\u0161no drugo barvo pa nas kontaktirajte in preverili bomo pri proizvajalcu. To plo\u0161\u010dico je izdelal proizvajalec Aparici, ki prihaja iz \u0160panije. 11 mm je debelina, ki zadovolji tudi zahtevnej\u0161e kupce. Kliknite na [&hellip;]<\/p>\n","protected":false},"featured_media":104195,"template":"","meta":[],"product_cat":[999773,200,260,999,250,240],"product_tag":[],"_links":{"self":[{"href":"https:\/\/www.keramika.com\/slovenija\/wp-json\/wp\/v2\/product\/104194"}],"collection":[{"href":"https:\/\/www.keramika.com\/slovenija\/wp-json\/wp\/v2\/product"}],"about":[{"href":"https:\/\/www.keramika.com\/slovenija\/wp-json\/wp\/v2\/types\/product"}],"wp:featuredmedia":[{"embeddable":true,"href":"https:\/\/www.keramika.com\/slovenija\/wp-json\/wp\/v2\/media\/104195"}],"wp:attachment":[{"href":"https:\/\/www.keramika.com\/slovenija\/wp-json\/wp\/v2\/media?parent=104194"}],"wp:term":[{"taxonomy":"product_cat","embeddable":true,"href":"https:\/\/www.keramika.com\/slovenija\/wp-json\/wp\/v2\/product_cat?post=104194"},{"taxonomy":"product_tag","embeddable":true,"href":"https:\/\/www.keramika.com\/slovenija\/wp-json\/wp\/v2\/product_tag?post=104194"}],"curies":[{"name":"wp","href":"https:\/\/api.w.org\/{rel}","templated":true}]}}