{"id":104190,"date":"2017-03-23T00:03:03","date_gmt":"2017-03-23T00:03:03","guid":{"rendered":"http:\/\/keramika.holest.com\/slovenija\/product\/ploscice-za-dnevno-sobo-aparici-hd-agate\/"},"modified":"2017-03-23T00:03:03","modified_gmt":"2017-03-23T00:03:03","slug":"ploscice-za-dnevno-sobo-aparici-hd-agate","status":"publish","type":"product","link":"https:\/\/www.keramika.com\/slovenija\/ploscice-za-dnevno-sobo-aparici-hd-agate\/","title":{"rendered":"Plo\u0161\u010dice za dnevno sobo Aparici HD Agate"},"content":{"rendered":"<p>Keramika v be\u017e barvi popestri vsak prostor. Prihaja iz \u0160panije, ki po svetu slovi kot ena bolj\u0161ih proizvajalk kerami\u010dnih plo\u0161\u010dic. \u0160irina in dol\u017eina te plo\u0161\u010dice sta 60&#215;120 cm. Plo\u0161\u010dica je debela kar 10 mm, kar jo uvr\u0161\u010da med bolj trde plo\u0161\u010dice.<\/p>\n<p>Kliknite na ime kolekcije za ogled vseh plo\u0161\u010dic iz te serije: <a class=\"pdfcatal\" href=\"\/\/www.ceramictiles.com\/pdf\/aparici\/catalogue_aparici_agate.pdf\" onclick=\"recordOutboundLink(this, 'E-mail', 'Description PDF');return false;\">Aparici Agate<\/a><\/p>\n<p>\u010ce \u017eelite naro\u010diti model iz pdf kataloga te kolekcije, nam pi\u0161ite na: <a href=\"mailto:keramoteka.salon@gmail.com\" onclick=\"recordOutboundLink(this, 'E-mail', 'Description mail');return false;\">keramoteka.salon@gmail.com<\/a> ali pa nas pokli\u010dite na: +386 31 255 900.<\/p>\n<p>Technical description: <br \/> F 59,55&#215;119,3 ; 44,63&#215;44,63 <br \/>Agate Ivory Pulido ; Agate Rosso Pulido ; Agate Blue Pulido ;<\/p>\n","protected":false},"excerpt":{"rendered":"<p>Keramika v be\u017e barvi popestri vsak prostor. Prihaja iz \u0160panije, ki po svetu slovi kot ena bolj\u0161ih proizvajalk kerami\u010dnih plo\u0161\u010dic. \u0160irina in dol\u017eina te plo\u0161\u010dice sta 60&#215;120 cm. Plo\u0161\u010dica je debela kar 10 mm, kar jo uvr\u0161\u010da med bolj trde plo\u0161\u010dice. Kliknite na ime kolekcije za ogled vseh plo\u0161\u010dic iz te serije: Aparici Agate \u010ce [&hellip;]<\/p>\n","protected":false},"featured_media":104191,"template":"","meta":[],"product_cat":[999773,200,260,999,240],"product_tag":[],"_links":{"self":[{"href":"https:\/\/www.keramika.com\/slovenija\/wp-json\/wp\/v2\/product\/104190"}],"collection":[{"href":"https:\/\/www.keramika.com\/slovenija\/wp-json\/wp\/v2\/product"}],"about":[{"href":"https:\/\/www.keramika.com\/slovenija\/wp-json\/wp\/v2\/types\/product"}],"wp:featuredmedia":[{"embeddable":true,"href":"https:\/\/www.keramika.com\/slovenija\/wp-json\/wp\/v2\/media\/104191"}],"wp:attachment":[{"href":"https:\/\/www.keramika.com\/slovenija\/wp-json\/wp\/v2\/media?parent=104190"}],"wp:term":[{"taxonomy":"product_cat","embeddable":true,"href":"https:\/\/www.keramika.com\/slovenija\/wp-json\/wp\/v2\/product_cat?post=104190"},{"taxonomy":"product_tag","embeddable":true,"href":"https:\/\/www.keramika.com\/slovenija\/wp-json\/wp\/v2\/product_tag?post=104190"}],"curies":[{"name":"wp","href":"https:\/\/api.w.org\/{rel}","templated":true}]}}