{"id":104188,"date":"2017-03-23T00:03:00","date_gmt":"2017-03-23T00:03:00","guid":{"rendered":"http:\/\/keramika.holest.com\/slovenija\/product\/wc-skoljka-cetus-basic-fd\/"},"modified":"2026-01-03T00:01:47","modified_gmt":"2026-01-03T00:01:47","slug":"wc-skoljka-cetus-basic-fd","status":"publish","type":"product","link":"https:\/\/www.keramika.com\/slovenija\/wc-skoljka-cetus-basic-fd\/","title":{"rendered":"WC \u0161koljka Cetus basic f\/d"},"content":{"rendered":"<p>WC \u0161koljka Cetus basic f\/d. Koda izdelka: 135021 <br \/>Material: Porcelan, visoka kvaliteta zagotavlja enostavno \u010di\u0161\u010denje in dolgo \u017eivljenjsko dobo.<br \/>Dimenzije: 360x535x390<br \/>Te\u017ea: 25,6 kg<br \/> F\/D je WC \u0161koljka z odtokom v tla. Odtok v steno je W\/D. <br \/> Cisterna za vodo. Koda izdelka: 135111. Cena: Po dogovoru. <br \/>Mehanizem za WC \u0161koljke za izpust vode. Koda izdelka: 33511114. Cena: Po dogovoru. <br \/>Deska za WC \u0161koljko. <br \/>Koda izdelka: 23511. Cena: Po dogovoru<br \/>Te\u017ea: 2,1 kg<br \/>Te\u010daji iz nerjave\u010dega jekla. Popolno prileganje.<br \/><a class=\"\"pdfcatal\"\" href=\"\"https:\/\/www.keramika.com\/pdf\/e-ceramica\/sanitary_ware_catalogue.pdf\"\">Cenik in katalog za sanitarno keramiko <\/a><\/p>\n<p><strong>Za veleprodajno ceno nas kontaktirajte na: <a href=\"\"mailto:keramoteka.salon@gmail.com\"\">keramoteka.salon@gmail.com<\/a><\/strong>Technical description: Product ID:135021.<a class=\"pdfcatal\" href=\"\/\/www.keramika.com\/pdf\/e-ceramica\/sanitary_ware_catalogue.pdf \">Sanitary Ware Catalogue <\/a><br \/><a class=\"pdfcatal\" href=\"\/\/www.keramika.com\/pdf\/e-ceramica\/handicaps_sanitary_ware_catalogue.pdf\">Handicaps Sanitary Ware Catalogue <\/a><br \/><a class=\"pdfcatal\" href=\"\/\/www.keramika.com\/pdf\/e-ceramica\/children's_sanitary_ware_catalogue.pdf\">Children&#8217;s Sanitary Ware Catalogue <\/a><br \/><a class=\"pdfcatal\" href=\"\/\/www.keramika.com\/pdf\/e-ceramica\/special_wash_basin_catalogue.pdf\">Special Wash Basin Catalogue <\/a><br \/><a class=\"pdfcatal\" href=\"\/\/www.keramika.com\/pdf\/e-ceramica\/shower_trays_catalogue.pdf\">Shower Trays Catalogue <\/a><br \/><a class=\"pdfcatal\" href=\"\/\/www.keramika.com\/pdf\/e-ceramica\/shower_doors&#038;cabins_catalogue.pdf\">Shower Doors&#038;Cabins Catalogue <\/a><br \/><a class=\"pdfcatal\" href=\"\/\/www.keramika.com\/pdf\/e-ceramica\/mixers.pdf\">Mixers <\/a><br \/><a class=\"pdfcatal\" href=\"\/\/www.keramika.com\/pdf\/e-ceramica\/bathroom_accessories_catalogue.pdf\">Bathroom Accessories Catalogue <\/a><br \/><a class=\"pdfcatal\" href=\"\/\/www.keramika.com\/pdf\/e-ceramica\/bathtubs_catalogue.pdf\">Bathtubs Catalogue <\/a><br \/><a class=\"pdfcatal\" href=\"\/\/www.keramika.com\/pdf\/e-ceramica\/hydromassage_catalogue.pdf\">Hydromassage Catalogue <\/a><br \/><a class=\"pdfcatal\" href=\"\/\/www.keramika.com\/pdf\/e-ceramica\/bathroom_furniture_catalogue.pdf\">Bathroom Furniture Catalogue<\/a><br \/><a class=\"pdfcatal\" href=\"\/\/www.keramika.com\/pdf\/e-ceramica\/inox_sanitary_ware.pdf\">Stainless steel sanitary ware catalogue <\/a><br ><\/p>\n","protected":false},"excerpt":{"rendered":"<p>WC \u0161koljka Cetus basic f\/d. Koda izdelka: 135021 Material: Porcelan, visoka kvaliteta zagotavlja enostavno \u010di\u0161\u010denje in dolgo \u017eivljenjsko dobo.Dimenzije: 360x535x390Te\u017ea: 25,6 kg F\/D je WC \u0161koljka z odtokom v tla. Odtok v steno je W\/D. Cisterna za vodo. Koda izdelka: 135111. Cena: Po dogovoru. Mehanizem za WC \u0161koljke za izpust vode. Koda izdelka: 33511114. Cena: [&hellip;]<\/p>\n","protected":false},"featured_media":104189,"template":"","meta":[],"product_cat":[500,999,9991580,510,515],"product_tag":[],"_links":{"self":[{"href":"https:\/\/www.keramika.com\/slovenija\/wp-json\/wp\/v2\/product\/104188"}],"collection":[{"href":"https:\/\/www.keramika.com\/slovenija\/wp-json\/wp\/v2\/product"}],"about":[{"href":"https:\/\/www.keramika.com\/slovenija\/wp-json\/wp\/v2\/types\/product"}],"wp:featuredmedia":[{"embeddable":true,"href":"https:\/\/www.keramika.com\/slovenija\/wp-json\/wp\/v2\/media\/104189"}],"wp:attachment":[{"href":"https:\/\/www.keramika.com\/slovenija\/wp-json\/wp\/v2\/media?parent=104188"}],"wp:term":[{"taxonomy":"product_cat","embeddable":true,"href":"https:\/\/www.keramika.com\/slovenija\/wp-json\/wp\/v2\/product_cat?post=104188"},{"taxonomy":"product_tag","embeddable":true,"href":"https:\/\/www.keramika.com\/slovenija\/wp-json\/wp\/v2\/product_tag?post=104188"}],"curies":[{"name":"wp","href":"https:\/\/api.w.org\/{rel}","templated":true}]}}