{"id":104164,"date":"2017-03-23T00:02:28","date_gmt":"2017-03-23T00:02:28","guid":{"rendered":"http:\/\/keramika.holest.com\/slovenija\/product\/wc-skoljka-monoblok-city-plus\/"},"modified":"2026-01-03T00:01:44","modified_gmt":"2026-01-03T00:01:44","slug":"wc-skoljka-monoblok-city-plus","status":"publish","type":"product","link":"https:\/\/www.keramika.com\/slovenija\/wc-skoljka-monoblok-city-plus\/","title":{"rendered":"WC \u0161koljka monoblok Urb.y"},"content":{"rendered":"<p>WC \u0161koljka monoblok Urb.y. Koda izdelka: 146021. Dimenzije: 360x665x455. Cena je za: WC \u0161koljko + rezervoar za WC \u0161koljko + Mehanizem za WC \u0161koljko z mo\u017enostjo izpusta 3 ali 6 litrov vode + Deska z mehkim zapiranjem<\/p>\n<p><a>Cenik in katalog za sanitarno keramiko <\/a><br \/>\n<strong>Za veleprodajno ceno nas kontaktirajte na: <a>keramoteka.salon@gmail.com<\/a><\/strong><br \/>\nTechnical description: Product ID: 146021<a class=\"pdfcatal\" href=\"\/\/www.keramika.com\/pdf\/e-ceramica\/sanitary_ware_catalogue.pdf \">Sanitary Ware Catalogue <\/a><br \/>\n<a class=\"pdfcatal\" href=\"\/\/www.keramika.com\/pdf\/e-ceramica\/handicaps_sanitary_ware_catalogue.pdf\">Handicaps Sanitary Ware Catalogue <\/a><br \/>\n<a class=\"pdfcatal\" href=\"\/\/www.keramika.com\/pdf\/e-ceramica\/children's_sanitary_ware_catalogue.pdf\">Children&#8217;s Sanitary Ware Catalogue <\/a><br \/>\n<a class=\"pdfcatal\" href=\"\/\/www.keramika.com\/pdf\/e-ceramica\/special_wash_basin_catalogue.pdf\">Special Wash Basin Catalogue <\/a><br \/>\n<a class=\"pdfcatal\" href=\"\/\/www.keramika.com\/pdf\/e-ceramica\/shower_trays_catalogue.pdf\">Shower Trays Catalogue <\/a><br \/>\n<a class=\"pdfcatal\" href=\"\/\/www.keramika.com\/pdf\/e-ceramica\/shower_doors&amp;cabins_catalogue.pdf\">Shower Doors&amp;Cabins Catalogue <\/a><br \/>\n<a class=\"pdfcatal\" href=\"\/\/www.keramika.com\/pdf\/e-ceramica\/mixers.pdf\">Mixers <\/a><br \/>\n<a class=\"pdfcatal\" href=\"\/\/www.keramika.com\/pdf\/e-ceramica\/bathroom_accessories_catalogue.pdf\">Bathroom Accessories Catalogue <\/a><br \/>\n<a class=\"pdfcatal\" href=\"\/\/www.keramika.com\/pdf\/e-ceramica\/bathtubs_catalogue.pdf\">Bathtubs Catalogue <\/a><br \/>\n<a class=\"pdfcatal\" href=\"\/\/www.keramika.com\/pdf\/e-ceramica\/hydromassage_catalogue.pdf\">Hydromassage Catalogue <\/a><br \/>\n<a class=\"pdfcatal\" href=\"\/\/www.keramika.com\/pdf\/e-ceramica\/bathroom_furniture_catalogue.pdf\">Bathroom Furniture Catalogue<\/a><br \/>\n<a class=\"pdfcatal\" href=\"\/\/www.keramika.com\/pdf\/e-ceramica\/inox_sanitary_ware.pdf\">Stainless steel sanitary ware catalogue <\/a><\/p>\n","protected":false},"excerpt":{"rendered":"<p>WC \u0161koljka monoblok Urb.y. Koda izdelka: 146021. Dimenzije: 360x665x455. Cena je za: WC \u0161koljko + rezervoar za WC \u0161koljko + Mehanizem za WC \u0161koljko z mo\u017enostjo izpusta 3 ali 6 litrov vode + Deska z mehkim zapiranjem Cenik in katalog za sanitarno keramiko Za veleprodajno ceno nas kontaktirajte na: keramoteka.salon@gmail.com Technical description: Product ID: 146021Sanitary [&hellip;]<\/p>\n","protected":false},"featured_media":104165,"template":"","meta":[],"product_cat":[500,999,9991580,510,515],"product_tag":[],"_links":{"self":[{"href":"https:\/\/www.keramika.com\/slovenija\/wp-json\/wp\/v2\/product\/104164"}],"collection":[{"href":"https:\/\/www.keramika.com\/slovenija\/wp-json\/wp\/v2\/product"}],"about":[{"href":"https:\/\/www.keramika.com\/slovenija\/wp-json\/wp\/v2\/types\/product"}],"wp:featuredmedia":[{"embeddable":true,"href":"https:\/\/www.keramika.com\/slovenija\/wp-json\/wp\/v2\/media\/104165"}],"wp:attachment":[{"href":"https:\/\/www.keramika.com\/slovenija\/wp-json\/wp\/v2\/media?parent=104164"}],"wp:term":[{"taxonomy":"product_cat","embeddable":true,"href":"https:\/\/www.keramika.com\/slovenija\/wp-json\/wp\/v2\/product_cat?post=104164"},{"taxonomy":"product_tag","embeddable":true,"href":"https:\/\/www.keramika.com\/slovenija\/wp-json\/wp\/v2\/product_tag?post=104164"}],"curies":[{"name":"wp","href":"https:\/\/api.w.org\/{rel}","templated":true}]}}