{"id":104162,"date":"2017-03-23T00:02:25","date_gmt":"2017-03-23T00:02:25","guid":{"rendered":"http:\/\/keramika.holest.com\/slovenija\/product\/wc-skoljka-monoblok-aveiro\/"},"modified":"2026-01-03T00:01:44","modified_gmt":"2026-01-03T00:01:44","slug":"wc-skoljka-monoblok-aveiro","status":"publish","type":"product","link":"https:\/\/www.keramika.com\/slovenija\/wc-skoljka-monoblok-aveiro\/","title":{"rendered":"WC \u0161koljka monoblok Aveiro"},"content":{"rendered":"<p>WC \u0161koljka monoblok Aveiro. Koda izdelka: 103921. Dimenzije: 360x665x455. Cena je za: WC \u0161koljko + rezervoar za WC \u0161koljko + Mehanizem za WC \u0161koljko z mo\u017enostjo izpusta 3 ali 6 litrov vode + Deska za WC \u0161koljko ABS <\/p>\n<p><a class=\"\"pdfcatal\"\" href=\"\"https:\/\/www.keramika.com\/pdf\/e-ceramica\/sanitary_ware_catalogue.pdf\"\">Cenik in katalog za sanitarno keramiko <\/a><br \/><strong>Za veleprodajno ceno nas kontaktirajte na: <a href=\"\"mailto:keramoteka.salon@gmail.com\"\">keramoteka.salon@gmail.com<\/a><\/strong><br \/>Technical description: Product ID: 103921<a class=\"pdfcatal\" href=\"\/\/www.keramika.com\/pdf\/e-ceramica\/sanitary_ware_catalogue.pdf \">Sanitary Ware Catalogue <\/a><br \/><a class=\"pdfcatal\" href=\"\/\/www.keramika.com\/pdf\/e-ceramica\/handicaps_sanitary_ware_catalogue.pdf\">Handicaps Sanitary Ware Catalogue <\/a><br \/><a class=\"pdfcatal\" href=\"\/\/www.keramika.com\/pdf\/e-ceramica\/children's_sanitary_ware_catalogue.pdf\">Children&#8217;s Sanitary Ware Catalogue <\/a><br \/><a class=\"pdfcatal\" href=\"\/\/www.keramika.com\/pdf\/e-ceramica\/special_wash_basin_catalogue.pdf\">Special Wash Basin Catalogue <\/a><br \/><a class=\"pdfcatal\" href=\"\/\/www.keramika.com\/pdf\/e-ceramica\/shower_trays_catalogue.pdf\">Shower Trays Catalogue <\/a><br \/><a class=\"pdfcatal\" href=\"\/\/www.keramika.com\/pdf\/e-ceramica\/shower_doors&#038;cabins_catalogue.pdf\">Shower Doors&#038;Cabins Catalogue <\/a><br \/><a class=\"pdfcatal\" href=\"\/\/www.keramika.com\/pdf\/e-ceramica\/mixers.pdf\">Mixers <\/a><br \/><a class=\"pdfcatal\" href=\"\/\/www.keramika.com\/pdf\/e-ceramica\/bathroom_accessories_catalogue.pdf\">Bathroom Accessories Catalogue <\/a><br \/><a class=\"pdfcatal\" href=\"\/\/www.keramika.com\/pdf\/e-ceramica\/bathtubs_catalogue.pdf\">Bathtubs Catalogue <\/a><br \/><a class=\"pdfcatal\" href=\"\/\/www.keramika.com\/pdf\/e-ceramica\/hydromassage_catalogue.pdf\">Hydromassage Catalogue <\/a><br \/><a class=\"pdfcatal\" href=\"\/\/www.keramika.com\/pdf\/e-ceramica\/bathroom_furniture_catalogue.pdf\">Bathroom Furniture Catalogue<\/a><br \/><a class=\"pdfcatal\" href=\"\/\/www.keramika.com\/pdf\/e-ceramica\/inox_sanitary_ware.pdf\">Stainless steel sanitary ware catalogue <\/a><br ><\/p>\n","protected":false},"excerpt":{"rendered":"<p>WC \u0161koljka monoblok Aveiro. Koda izdelka: 103921. Dimenzije: 360x665x455. Cena je za: WC \u0161koljko + rezervoar za WC \u0161koljko + Mehanizem za WC \u0161koljko z mo\u017enostjo izpusta 3 ali 6 litrov vode + Deska za WC \u0161koljko ABS Cenik in katalog za sanitarno keramiko Za veleprodajno ceno nas kontaktirajte na: keramoteka.salon@gmail.comTechnical description: Product ID: 103921Sanitary [&hellip;]<\/p>\n","protected":false},"featured_media":104163,"template":"","meta":[],"product_cat":[500,999,9991580,510,515],"product_tag":[],"_links":{"self":[{"href":"https:\/\/www.keramika.com\/slovenija\/wp-json\/wp\/v2\/product\/104162"}],"collection":[{"href":"https:\/\/www.keramika.com\/slovenija\/wp-json\/wp\/v2\/product"}],"about":[{"href":"https:\/\/www.keramika.com\/slovenija\/wp-json\/wp\/v2\/types\/product"}],"wp:featuredmedia":[{"embeddable":true,"href":"https:\/\/www.keramika.com\/slovenija\/wp-json\/wp\/v2\/media\/104163"}],"wp:attachment":[{"href":"https:\/\/www.keramika.com\/slovenija\/wp-json\/wp\/v2\/media?parent=104162"}],"wp:term":[{"taxonomy":"product_cat","embeddable":true,"href":"https:\/\/www.keramika.com\/slovenija\/wp-json\/wp\/v2\/product_cat?post=104162"},{"taxonomy":"product_tag","embeddable":true,"href":"https:\/\/www.keramika.com\/slovenija\/wp-json\/wp\/v2\/product_tag?post=104162"}],"curies":[{"name":"wp","href":"https:\/\/api.w.org\/{rel}","templated":true}]}}