{"id":104158,"date":"2017-03-23T00:02:19","date_gmt":"2017-03-23T00:02:19","guid":{"rendered":"http:\/\/keramika.holest.com\/slovenija\/product\/stojeca-wc-skoljka-aveiro-fd\/"},"modified":"2026-01-03T00:01:43","modified_gmt":"2026-01-03T00:01:43","slug":"stojeca-wc-skoljka-aveiro-fd","status":"publish","type":"product","link":"https:\/\/www.keramika.com\/slovenija\/stojeca-wc-skoljka-aveiro-fd\/","title":{"rendered":"Stoje\u010da WC \u0161koljka Aveiro f\/d"},"content":{"rendered":"<p>Stoje\u010da WC \u0161koljka Aveiro f\/d<br \/>Koda izdelka: 103011 <br \/>Material: Porcelan, visoka kvaliteta zagotavlja enostavno \u010di\u0161\u010denje in dolgo \u017eivljenjsko dobo.<br \/>Dimenzije: 365x580x400<br \/>Te\u017ea: 18,4 kg<br \/> F\/D je WC \u0161koljka z odtokom v tla. Odtok v steno je W\/D.<\/p>\n<p>Deska za WC \u0161koljko s po\u010dasnim zapiranjem<br \/>Koda izdelka: 22031. Cena: Po dogovoru<br \/>Te\u017ea: 2,4 kg<br \/>Te\u010daji iz nerjave\u010dega jekla. Popolno prileganje, vgrajen mehanizem omogo\u010da po\u010dasno in tiho zapiranje (slowclose).<\/p>\n<p>Deska za WC \u0161koljko <br \/>Koda izdelka: 20320. Cena: Po dogovoru<br \/>Te\u017ea: 2,1 kg<br \/>Te\u010daji iz nerjave\u010dega jekla. Popolno prileganje.<br \/><a class=\"\"pdfcatal\"\" href=\"\"https:\/\/www.keramika.com\/pdf\/e-ceramica\/sanitary_ware_catalogue.pdf\"\">Cenik in katalog za sanitarno keramiko <\/a><\/p>\n<p><strong>Za veleprodajno ceno nas kontaktirajte na: <a href=\"\"mailto:keramoteka.salon@gmail.com\"\">keramoteka.salon@gmail.com<\/a><\/strong>Technical description: Product ID: 103011<a class=\"pdfcatal\" href=\"\/\/www.keramika.com\/pdf\/e-ceramica\/sanitary_ware_catalogue.pdf \">Sanitary Ware Catalogue <\/a><br \/><a class=\"pdfcatal\" href=\"\/\/www.keramika.com\/pdf\/e-ceramica\/handicaps_sanitary_ware_catalogue.pdf\">Handicaps Sanitary Ware Catalogue <\/a><br \/><a class=\"pdfcatal\" href=\"\/\/www.keramika.com\/pdf\/e-ceramica\/children's_sanitary_ware_catalogue.pdf\">Children&#8217;s Sanitary Ware Catalogue <\/a><br \/><a class=\"pdfcatal\" href=\"\/\/www.keramika.com\/pdf\/e-ceramica\/special_wash_basin_catalogue.pdf\">Special Wash Basin Catalogue <\/a><br \/><a class=\"pdfcatal\" href=\"\/\/www.keramika.com\/pdf\/e-ceramica\/shower_trays_catalogue.pdf\">Shower Trays Catalogue <\/a><br \/><a class=\"pdfcatal\" href=\"\/\/www.keramika.com\/pdf\/e-ceramica\/shower_doors&#038;cabins_catalogue.pdf\">Shower Doors&#038;Cabins Catalogue <\/a><br \/><a class=\"pdfcatal\" href=\"\/\/www.keramika.com\/pdf\/e-ceramica\/mixers.pdf\">Mixers <\/a><br \/><a class=\"pdfcatal\" href=\"\/\/www.keramika.com\/pdf\/e-ceramica\/bathroom_accessories_catalogue.pdf\">Bathroom Accessories Catalogue <\/a><br \/><a class=\"pdfcatal\" href=\"\/\/www.keramika.com\/pdf\/e-ceramica\/bathtubs_catalogue.pdf\">Bathtubs Catalogue <\/a><br \/><a class=\"pdfcatal\" href=\"\/\/www.keramika.com\/pdf\/e-ceramica\/hydromassage_catalogue.pdf\">Hydromassage Catalogue <\/a><br \/><a class=\"pdfcatal\" href=\"\/\/www.keramika.com\/pdf\/e-ceramica\/bathroom_furniture_catalogue.pdf\">Bathroom Furniture Catalogue<\/a><br \/><a class=\"pdfcatal\" href=\"\/\/www.keramika.com\/pdf\/e-ceramica\/inox_sanitary_ware.pdf\">Stainless steel sanitary ware catalogue <\/a><br ><\/p>\n","protected":false},"excerpt":{"rendered":"<p>Stoje\u010da WC \u0161koljka Aveiro f\/dKoda izdelka: 103011 Material: Porcelan, visoka kvaliteta zagotavlja enostavno \u010di\u0161\u010denje in dolgo \u017eivljenjsko dobo.Dimenzije: 365x580x400Te\u017ea: 18,4 kg F\/D je WC \u0161koljka z odtokom v tla. Odtok v steno je W\/D. Deska za WC \u0161koljko s po\u010dasnim zapiranjemKoda izdelka: 22031. Cena: Po dogovoruTe\u017ea: 2,4 kgTe\u010daji iz nerjave\u010dega jekla. Popolno prileganje, vgrajen mehanizem [&hellip;]<\/p>\n","protected":false},"featured_media":104159,"template":"","meta":[],"product_cat":[500,999,9991580,510,515],"product_tag":[],"_links":{"self":[{"href":"https:\/\/www.keramika.com\/slovenija\/wp-json\/wp\/v2\/product\/104158"}],"collection":[{"href":"https:\/\/www.keramika.com\/slovenija\/wp-json\/wp\/v2\/product"}],"about":[{"href":"https:\/\/www.keramika.com\/slovenija\/wp-json\/wp\/v2\/types\/product"}],"wp:featuredmedia":[{"embeddable":true,"href":"https:\/\/www.keramika.com\/slovenija\/wp-json\/wp\/v2\/media\/104159"}],"wp:attachment":[{"href":"https:\/\/www.keramika.com\/slovenija\/wp-json\/wp\/v2\/media?parent=104158"}],"wp:term":[{"taxonomy":"product_cat","embeddable":true,"href":"https:\/\/www.keramika.com\/slovenija\/wp-json\/wp\/v2\/product_cat?post=104158"},{"taxonomy":"product_tag","embeddable":true,"href":"https:\/\/www.keramika.com\/slovenija\/wp-json\/wp\/v2\/product_tag?post=104158"}],"curies":[{"name":"wp","href":"https:\/\/api.w.org\/{rel}","templated":true}]}}