{"id":104156,"date":"2017-03-23T00:02:16","date_gmt":"2017-03-23T00:02:16","guid":{"rendered":"http:\/\/keramika.holest.com\/slovenija\/product\/wc-skoljka-monoblok-alfa-plus\/"},"modified":"2026-01-03T00:01:43","modified_gmt":"2026-01-03T00:01:43","slug":"wc-skoljka-monoblok-alfa-plus","status":"publish","type":"product","link":"https:\/\/www.keramika.com\/slovenija\/wc-skoljka-monoblok-alfa-plus\/","title":{"rendered":"WC \u0161koljka monoblok Alfa Plus"},"content":{"rendered":"<p>Monoblok Alfa Plus. Cena je za: WC \u0161koljko (koda izdelka: 100021) + rezervoar za WC \u0161koljko (koda izdelka: 121111) + Mehanizem za WC \u0161koljko z mo\u017enostjo izpusta 3 ali 6 litrov vode (koda izdelka: 32111114 ) + Deska za WC \u0161koljko ABS (koda izdelka: 2002) <\/p>\n<p><a class=\"\"pdfcatal\"\" href=\"\"https:\/\/www.keramika.com\/pdf\/e-ceramica\/sanitary_ware_catalogue.pdf\"\">Cenik in katalog za sanitarno keramiko <\/a><br \/><strong>Za veleprodajno ceno nas kontaktirajte na: <a href=\"\"mailto:keramoteka.salon@gmail.com\"\">keramoteka.salon@gmail.com<\/a><\/strong><br \/>Technical description: Product ID: 100924<a class=\"pdfcatal\" href=\"\/\/www.keramika.com\/pdf\/e-ceramica\/sanitary_ware_catalogue.pdf \">Sanitary Ware Catalogue <\/a><br \/><a class=\"pdfcatal\" href=\"\/\/www.keramika.com\/pdf\/e-ceramica\/handicaps_sanitary_ware_catalogue.pdf\">Handicaps Sanitary Ware Catalogue <\/a><br \/><a class=\"pdfcatal\" href=\"\/\/www.keramika.com\/pdf\/e-ceramica\/children's_sanitary_ware_catalogue.pdf\">Children&#8217;s Sanitary Ware Catalogue <\/a><br \/><a class=\"pdfcatal\" href=\"\/\/www.keramika.com\/pdf\/e-ceramica\/special_wash_basin_catalogue.pdf\">Special Wash Basin Catalogue <\/a><br \/><a class=\"pdfcatal\" href=\"\/\/www.keramika.com\/pdf\/e-ceramica\/shower_trays_catalogue.pdf\">Shower Trays Catalogue <\/a><br \/><a class=\"pdfcatal\" href=\"\/\/www.keramika.com\/pdf\/e-ceramica\/shower_doors&#038;cabins_catalogue.pdf\">Shower Doors&#038;Cabins Catalogue <\/a><br \/><a class=\"pdfcatal\" href=\"\/\/www.keramika.com\/pdf\/e-ceramica\/mixers.pdf\">Mixers <\/a><br \/><a class=\"pdfcatal\" href=\"\/\/www.keramika.com\/pdf\/e-ceramica\/bathroom_accessories_catalogue.pdf\">Bathroom Accessories Catalogue <\/a><br \/><a class=\"pdfcatal\" href=\"\/\/www.keramika.com\/pdf\/e-ceramica\/bathtubs_catalogue.pdf\">Bathtubs Catalogue <\/a><br \/><a class=\"pdfcatal\" href=\"\/\/www.keramika.com\/pdf\/e-ceramica\/hydromassage_catalogue.pdf\">Hydromassage Catalogue <\/a><br \/><a class=\"pdfcatal\" href=\"\/\/www.keramika.com\/pdf\/e-ceramica\/bathroom_furniture_catalogue.pdf\">Bathroom Furniture Catalogue<\/a><br \/><a class=\"pdfcatal\" href=\"\/\/www.keramika.com\/pdf\/e-ceramica\/inox_sanitary_ware.pdf\">Stainless steel sanitary ware catalogue <\/a><br ><\/p>\n","protected":false},"excerpt":{"rendered":"<p>Monoblok Alfa Plus. Cena je za: WC \u0161koljko (koda izdelka: 100021) + rezervoar za WC \u0161koljko (koda izdelka: 121111) + Mehanizem za WC \u0161koljko z mo\u017enostjo izpusta 3 ali 6 litrov vode (koda izdelka: 32111114 ) + Deska za WC \u0161koljko ABS (koda izdelka: 2002) Cenik in katalog za sanitarno keramiko Za veleprodajno ceno nas [&hellip;]<\/p>\n","protected":false},"featured_media":104157,"template":"","meta":[],"product_cat":[500,999,9991580,510,515],"product_tag":[],"_links":{"self":[{"href":"https:\/\/www.keramika.com\/slovenija\/wp-json\/wp\/v2\/product\/104156"}],"collection":[{"href":"https:\/\/www.keramika.com\/slovenija\/wp-json\/wp\/v2\/product"}],"about":[{"href":"https:\/\/www.keramika.com\/slovenija\/wp-json\/wp\/v2\/types\/product"}],"wp:featuredmedia":[{"embeddable":true,"href":"https:\/\/www.keramika.com\/slovenija\/wp-json\/wp\/v2\/media\/104157"}],"wp:attachment":[{"href":"https:\/\/www.keramika.com\/slovenija\/wp-json\/wp\/v2\/media?parent=104156"}],"wp:term":[{"taxonomy":"product_cat","embeddable":true,"href":"https:\/\/www.keramika.com\/slovenija\/wp-json\/wp\/v2\/product_cat?post=104156"},{"taxonomy":"product_tag","embeddable":true,"href":"https:\/\/www.keramika.com\/slovenija\/wp-json\/wp\/v2\/product_tag?post=104156"}],"curies":[{"name":"wp","href":"https:\/\/api.w.org\/{rel}","templated":true}]}}