{"id":104120,"date":"2017-03-23T00:01:23","date_gmt":"2017-03-23T00:01:23","guid":{"rendered":"http:\/\/keramika.holest.com\/slovenija\/product\/keramicne-ploscice-za-terase-halcon-valencia\/"},"modified":"2026-01-03T00:01:38","modified_gmt":"2026-01-03T00:01:38","slug":"keramicne-ploscice-za-terase-halcon-valencia","status":"publish","type":"product","link":"https:\/\/www.keramika.com\/slovenija\/keramicne-ploscice-za-terase-halcon-valencia\/","title":{"rendered":"Kerami\u010dne plo\u0161\u010dice za terase Halcon Valencia"},"content":{"rendered":"<p>Ta plo\u0161\u010dica prihaja iz \u0160panije, ki je znana po kvalitetni keramiki. Plo\u0161\u010dica na sliki je velika 34&#215;34 cm. V redni prodaji bi morali za to plo\u0161\u010dico od\u0161teti 13,03 EUR, spletna cena pa zna\u0161a le 10,42 EUR. 9 mm debeline je dovolj tudi za zahtevnej\u0161e kupce. Keramika v rde\u010di barvi popestri vsak prostor.<\/p>\n<p>Kliknite na ime kolekcije za ogled vseh plo\u0161\u010dic iz te serije: <a class=\"pdfcatal\" href=\"\/\/www.ceramictiles.com\/pdf\/halcon\/catalogue_halcon_valencia.pdf\" onclick=\"recordOutboundLink(this, 'E-mail', 'Description PDF');return false;\">Halcon Ceramicas Valencia<\/a><\/p>\n<p>\u010ce \u017eelite naro\u010diti model iz pdf kataloga te kolekcije, nam pi\u0161ite na: <a href=\"mailto:keramoteka.salon@gmail.com\" onclick=\"recordOutboundLink(this, 'E-mail', 'Description mail');return false;\">keramoteka.salon@gmail.com<\/a> ali pa nas pokli\u010dite na: +386 31 255 900.<\/p>\n<p>Technical description: <br \/> F 34&#215;34 <br \/>Valencia Arena ; Valencia Tostado ;<\/p>\n","protected":false},"excerpt":{"rendered":"<p>Ta plo\u0161\u010dica prihaja iz \u0160panije, ki je znana po kvalitetni keramiki. Plo\u0161\u010dica na sliki je velika 34&#215;34 cm. V redni prodaji bi morali za to plo\u0161\u010dico od\u0161teti 13,03 EUR, spletna cena pa zna\u0161a le 10,42 EUR. 9 mm debeline je dovolj tudi za zahtevnej\u0161e kupce. Keramika v rde\u010di barvi popestri vsak prostor. Kliknite na ime [&hellip;]<\/p>\n","protected":false},"featured_media":104121,"template":"","meta":[],"product_cat":[210,99946,200,260,999,240,270],"product_tag":[],"_links":{"self":[{"href":"https:\/\/www.keramika.com\/slovenija\/wp-json\/wp\/v2\/product\/104120"}],"collection":[{"href":"https:\/\/www.keramika.com\/slovenija\/wp-json\/wp\/v2\/product"}],"about":[{"href":"https:\/\/www.keramika.com\/slovenija\/wp-json\/wp\/v2\/types\/product"}],"wp:featuredmedia":[{"embeddable":true,"href":"https:\/\/www.keramika.com\/slovenija\/wp-json\/wp\/v2\/media\/104121"}],"wp:attachment":[{"href":"https:\/\/www.keramika.com\/slovenija\/wp-json\/wp\/v2\/media?parent=104120"}],"wp:term":[{"taxonomy":"product_cat","embeddable":true,"href":"https:\/\/www.keramika.com\/slovenija\/wp-json\/wp\/v2\/product_cat?post=104120"},{"taxonomy":"product_tag","embeddable":true,"href":"https:\/\/www.keramika.com\/slovenija\/wp-json\/wp\/v2\/product_tag?post=104120"}],"curies":[{"name":"wp","href":"https:\/\/api.w.org\/{rel}","templated":true}]}}