{"id":104110,"date":"2017-03-23T00:01:03","date_gmt":"2017-03-23T00:01:03","guid":{"rendered":"http:\/\/keramika.holest.com\/slovenija\/product\/kuhinjske-ploscice-halcon-amento\/"},"modified":"2026-01-03T00:01:37","modified_gmt":"2026-01-03T00:01:37","slug":"kuhinjske-ploscice-halcon-amento","status":"publish","type":"product","link":"https:\/\/www.keramika.com\/slovenija\/kuhinjske-ploscice-halcon-amento\/","title":{"rendered":"Kuhinjske plo\u0161\u010dice Halcon Amento"},"content":{"rendered":"<p>Ta plo\u0161\u010dica je na voljo v \u010dudoviti sivi barvi, \u010de \u017eelite kak\u0161no drugo barvo pa nas kontaktirajte in preverili bomo pri proizvajalcu. Halcon Amento je plo\u0161\u010dica proizvajalca Halcon Ceramicas in prihaja iz \u0160panije. Velikost te plo\u0161\u010dice je 23,5&#215;66,2 cm in je primerna za razli\u010dne povr\u0161ine. 9 mm je debelina, ki zadovolji tudi zahtevnej\u0161e kupce. Halcon Amento je na voljo po zelo ugodni ceni 16,12 EUR.<\/p>\n<p>Kliknite na ime kolekcije za ogled vseh plo\u0161\u010dic iz te serije: <a class=\"pdfcatal\" href=\"\/\/www.ceramictiles.com\/pdf\/halcon\/catalogue_halcon_amento.pdf\" onclick=\"recordOutboundLink(this, 'E-mail', 'Description PDF');return false;\">Halcon Ceramicas Amento<\/a><\/p>\n<p>\u010ce \u017eelite naro\u010diti model iz pdf kataloga te kolekcije, nam pi\u0161ite na: <a href=\"mailto:keramoteka.salon@gmail.com\" onclick=\"recordOutboundLink(this, 'E-mail', 'Description mail');return false;\">keramoteka.salon@gmail.com<\/a> ali pa nas pokli\u010dite na: +386 31 255 900.<\/p>\n<p>Technical description: <br \/> F 23,5&#215;66,2 <br \/>Amento Marron ; Amento Beige ; Amento Gris ;<\/p>\n","protected":false},"excerpt":{"rendered":"<p>Ta plo\u0161\u010dica je na voljo v \u010dudoviti sivi barvi, \u010de \u017eelite kak\u0161no drugo barvo pa nas kontaktirajte in preverili bomo pri proizvajalcu. Halcon Amento je plo\u0161\u010dica proizvajalca Halcon Ceramicas in prihaja iz \u0160panije. Velikost te plo\u0161\u010dice je 23,5&#215;66,2 cm in je primerna za razli\u010dne povr\u0161ine. 9 mm je debelina, ki zadovolji tudi zahtevnej\u0161e kupce. Halcon [&hellip;]<\/p>\n","protected":false},"featured_media":104111,"template":"","meta":[],"product_cat":[210,99946,200,230,999,240],"product_tag":[],"_links":{"self":[{"href":"https:\/\/www.keramika.com\/slovenija\/wp-json\/wp\/v2\/product\/104110"}],"collection":[{"href":"https:\/\/www.keramika.com\/slovenija\/wp-json\/wp\/v2\/product"}],"about":[{"href":"https:\/\/www.keramika.com\/slovenija\/wp-json\/wp\/v2\/types\/product"}],"wp:featuredmedia":[{"embeddable":true,"href":"https:\/\/www.keramika.com\/slovenija\/wp-json\/wp\/v2\/media\/104111"}],"wp:attachment":[{"href":"https:\/\/www.keramika.com\/slovenija\/wp-json\/wp\/v2\/media?parent=104110"}],"wp:term":[{"taxonomy":"product_cat","embeddable":true,"href":"https:\/\/www.keramika.com\/slovenija\/wp-json\/wp\/v2\/product_cat?post=104110"},{"taxonomy":"product_tag","embeddable":true,"href":"https:\/\/www.keramika.com\/slovenija\/wp-json\/wp\/v2\/product_tag?post=104110"}],"curies":[{"name":"wp","href":"https:\/\/api.w.org\/{rel}","templated":true}]}}