{"id":104104,"date":"2017-03-23T00:00:52","date_gmt":"2017-03-23T00:00:52","guid":{"rendered":"http:\/\/keramika.holest.com\/slovenija\/product\/ploscice-imitacija-kamna-cicogres-terranova\/"},"modified":"2026-01-03T00:01:36","modified_gmt":"2026-01-03T00:01:36","slug":"ploscice-imitacija-kamna-cicogres-terranova","status":"publish","type":"product","link":"https:\/\/www.keramika.com\/slovenija\/ploscice-imitacija-kamna-cicogres-terranova\/","title":{"rendered":"Plo\u0161\u010dice imitacija kamna Cicogres Terranova"},"content":{"rendered":"<p>V redni prodaji bi morali za to plo\u0161\u010dico od\u0161teti 19,69 EUR, spletna cena pa zna\u0161a le 15,75 EUR. Ta kerami\u010dna plo\u0161\u010dica v \u010dudoviti \u010drni barvi bo obogatila vsak prostor. Z 60&#215;60 cm je ta plo\u0161\u010dica primerna za razli\u010dne podlage. Cicogres Terranova je plo\u0161\u010dica proizvajalca Cicogres in prihaja iz \u0160panije. Ta plo\u0161\u010dica je debela 9 mm in je zelo trpe\u017ena.<\/p>\n<p>Kliknite na ime kolekcije za ogled vseh plo\u0161\u010dic iz te serije: <a class=\"pdfcatal\" href=\"\/\/www.ceramictiles.com\/pdf\/cicogres\/catalogue_cicogres_terranova.pdf\" onclick=\"recordOutboundLink(this, 'E-mail', 'Description PDF');return false;\">Cicogres Terranova<\/a><\/p>\n<p>\u010ce \u017eelite naro\u010diti model iz pdf kataloga te kolekcije, nam pi\u0161ite na: <a href=\"mailto:keramoteka.salon@gmail.com\" onclick=\"recordOutboundLink(this, 'E-mail', 'Description mail');return false;\">keramoteka.salon@gmail.com<\/a> ali pa nas pokli\u010dite na: 031 255 900.<\/p>\n<p>Technical description: <br \/> F 60&#215;60 <br \/>Terranova ;<\/p>\n","protected":false},"excerpt":{"rendered":"<p>V redni prodaji bi morali za to plo\u0161\u010dico od\u0161teti 19,69 EUR, spletna cena pa zna\u0161a le 15,75 EUR. Ta kerami\u010dna plo\u0161\u010dica v \u010dudoviti \u010drni barvi bo obogatila vsak prostor. Z 60&#215;60 cm je ta plo\u0161\u010dica primerna za razli\u010dne podlage. Cicogres Terranova je plo\u0161\u010dica proizvajalca Cicogres in prihaja iz \u0160panije. Ta plo\u0161\u010dica je debela 9 mm [&hellip;]<\/p>\n","protected":false},"featured_media":104105,"template":"","meta":[],"product_cat":[999964,200,230,999,240],"product_tag":[],"_links":{"self":[{"href":"https:\/\/www.keramika.com\/slovenija\/wp-json\/wp\/v2\/product\/104104"}],"collection":[{"href":"https:\/\/www.keramika.com\/slovenija\/wp-json\/wp\/v2\/product"}],"about":[{"href":"https:\/\/www.keramika.com\/slovenija\/wp-json\/wp\/v2\/types\/product"}],"wp:featuredmedia":[{"embeddable":true,"href":"https:\/\/www.keramika.com\/slovenija\/wp-json\/wp\/v2\/media\/104105"}],"wp:attachment":[{"href":"https:\/\/www.keramika.com\/slovenija\/wp-json\/wp\/v2\/media?parent=104104"}],"wp:term":[{"taxonomy":"product_cat","embeddable":true,"href":"https:\/\/www.keramika.com\/slovenija\/wp-json\/wp\/v2\/product_cat?post=104104"},{"taxonomy":"product_tag","embeddable":true,"href":"https:\/\/www.keramika.com\/slovenija\/wp-json\/wp\/v2\/product_tag?post=104104"}],"curies":[{"name":"wp","href":"https:\/\/api.w.org\/{rel}","templated":true}]}}