{"id":104102,"date":"2017-03-23T00:00:48","date_gmt":"2017-03-23T00:00:48","guid":{"rendered":"http:\/\/keramika.holest.com\/slovenija\/product\/ploscice-cicogres-sofia-beige\/"},"modified":"2026-01-03T00:01:36","modified_gmt":"2026-01-03T00:01:36","slug":"ploscice-cicogres-sofia-beige","status":"publish","type":"product","link":"https:\/\/www.keramika.com\/slovenija\/ploscice-cicogres-sofia-beige\/","title":{"rendered":"Plo\u0161\u010dice Cicogres Sofia Beige"},"content":{"rendered":"<p>Z velikostjo 33,3&#215;33,3 cm je ta plo\u0161\u010dica primerna ze razli\u010dne povr\u0161ine. Zelo moderna plo\u0161\u010dica v be\u017e barvi popestri prav vsak prostor. V redni prodaji bi morali za to plo\u0161\u010dico od\u0161teti 16,09 EUR, spletna cena pa zna\u0161a le 12,88 EUR. To plo\u0161\u010dico je izdelal proizvajalec Cicogres, ki prihaja iz \u0160panije. Plo\u0161\u010dica je debela kar 9 mm, kar jo uvr\u0161\u010da med bolj trde plo\u0161\u010dice.<\/p>\n<p>Kliknite na ime kolekcije za ogled vseh plo\u0161\u010dic iz te serije: <a class=\"pdfcatal\" href=\"\/\/www.ceramictiles.com\/pdf\/cicogres\/catalogue_cicogres_sofia.pdf\" onclick=\"recordOutboundLink(this, 'E-mail', 'Description PDF');return false;\">Cicogres Sofia<\/a><\/p>\n<p>\u010ce \u017eelite naro\u010diti model iz pdf kataloga te kolekcije, nam pi\u0161ite na: <a href=\"mailto:keramoteka.salon@gmail.com\" onclick=\"recordOutboundLink(this, 'E-mail', 'Description mail');return false;\">keramoteka.salon@gmail.com<\/a> ali pa nas pokli\u010dite na: 031 255 900.<\/p>\n<p>Technical description: <br \/> F 33,3&#215;33,3 <br \/>Sof\u00eda ; Sof\u00eda Beige ;<\/p>\n","protected":false},"excerpt":{"rendered":"<p>Z velikostjo 33,3&#215;33,3 cm je ta plo\u0161\u010dica primerna ze razli\u010dne povr\u0161ine. Zelo moderna plo\u0161\u010dica v be\u017e barvi popestri prav vsak prostor. V redni prodaji bi morali za to plo\u0161\u010dico od\u0161teti 16,09 EUR, spletna cena pa zna\u0161a le 12,88 EUR. To plo\u0161\u010dico je izdelal proizvajalec Cicogres, ki prihaja iz \u0160panije. Plo\u0161\u010dica je debela kar 9 mm, [&hellip;]<\/p>\n","protected":false},"featured_media":104103,"template":"","meta":[],"product_cat":[999964,200,230,999,240],"product_tag":[],"_links":{"self":[{"href":"https:\/\/www.keramika.com\/slovenija\/wp-json\/wp\/v2\/product\/104102"}],"collection":[{"href":"https:\/\/www.keramika.com\/slovenija\/wp-json\/wp\/v2\/product"}],"about":[{"href":"https:\/\/www.keramika.com\/slovenija\/wp-json\/wp\/v2\/types\/product"}],"wp:featuredmedia":[{"embeddable":true,"href":"https:\/\/www.keramika.com\/slovenija\/wp-json\/wp\/v2\/media\/104103"}],"wp:attachment":[{"href":"https:\/\/www.keramika.com\/slovenija\/wp-json\/wp\/v2\/media?parent=104102"}],"wp:term":[{"taxonomy":"product_cat","embeddable":true,"href":"https:\/\/www.keramika.com\/slovenija\/wp-json\/wp\/v2\/product_cat?post=104102"},{"taxonomy":"product_tag","embeddable":true,"href":"https:\/\/www.keramika.com\/slovenija\/wp-json\/wp\/v2\/product_tag?post=104102"}],"curies":[{"name":"wp","href":"https:\/\/api.w.org\/{rel}","templated":true}]}}