{"id":104100,"date":"2017-03-23T00:00:44","date_gmt":"2017-03-23T00:00:44","guid":{"rendered":"http:\/\/keramika.holest.com\/slovenija\/product\/ploscice-imitacija-lesa-cicogres-sant-angelo\/"},"modified":"2026-01-03T00:01:35","modified_gmt":"2026-01-03T00:01:35","slug":"ploscice-imitacija-lesa-cicogres-sant-angelo","status":"publish","type":"product","link":"https:\/\/www.keramika.com\/slovenija\/ploscice-imitacija-lesa-cicogres-sant-angelo\/","title":{"rendered":"Plo\u0161\u010dice imitacija lesa Cicogres Sant Angelo"},"content":{"rendered":"<p>Velikost te plo\u0161\u010dice je 60&#215;60 cm in je primerna za razli\u010dne povr\u0161ine. Letos so plo\u0161\u010dice v rjavi barvi zelo za\u017eeljene. Prihaja iz \u0160panije, ki po svetu slovi kot ena bolj\u0161ih proizvajalk kerami\u010dnih plo\u0161\u010dic. Zaradi ni\u017ejih stro\u0161kov pri spletni prodaji boste na na\u0161i strani za to plo\u0161\u010dico od\u0161teli le 16,75 EUR. Debelina plo\u0161\u010dice je zelo pomembna in 9 mm uvr\u0161\u010da to plo\u0161\u010dico med najkvalitetnej\u0161e.<\/p>\n<p>Kliknite na ime kolekcije za ogled vseh plo\u0161\u010dic iz te serije: <a class=\"pdfcatal\" href=\"\/\/www.ceramictiles.com\/pdf\/cicogres\/catalogue_cicogres_sant angelo.pdf\" onclick=\"recordOutboundLink(this, 'E-mail', 'Description PDF');return false;\">Cicogres Sant Angelo<\/a><\/p>\n<p>\u010ce \u017eelite naro\u010diti model iz pdf kataloga te kolekcije, nam pi\u0161ite na: <a href=\"mailto:keramoteka.salon@gmail.com\" onclick=\"recordOutboundLink(this, 'E-mail', 'Description mail');return false;\">keramoteka.salon@gmail.com<\/a> ali pa nas pokli\u010dite na: 031 255 900.<\/p>\n<p>Technical description: <br \/> W 60&#215;60 <br \/>Sant Angelo ;<\/p>\n","protected":false},"excerpt":{"rendered":"<p>Velikost te plo\u0161\u010dice je 60&#215;60 cm in je primerna za razli\u010dne povr\u0161ine. Letos so plo\u0161\u010dice v rjavi barvi zelo za\u017eeljene. Prihaja iz \u0160panije, ki po svetu slovi kot ena bolj\u0161ih proizvajalk kerami\u010dnih plo\u0161\u010dic. Zaradi ni\u017ejih stro\u0161kov pri spletni prodaji boste na na\u0161i strani za to plo\u0161\u010dico od\u0161teli le 16,75 EUR. Debelina plo\u0161\u010dice je zelo pomembna [&hellip;]<\/p>\n","protected":false},"featured_media":104101,"template":"","meta":[],"product_cat":[999964,200,230,999,240],"product_tag":[],"_links":{"self":[{"href":"https:\/\/www.keramika.com\/slovenija\/wp-json\/wp\/v2\/product\/104100"}],"collection":[{"href":"https:\/\/www.keramika.com\/slovenija\/wp-json\/wp\/v2\/product"}],"about":[{"href":"https:\/\/www.keramika.com\/slovenija\/wp-json\/wp\/v2\/types\/product"}],"wp:featuredmedia":[{"embeddable":true,"href":"https:\/\/www.keramika.com\/slovenija\/wp-json\/wp\/v2\/media\/104101"}],"wp:attachment":[{"href":"https:\/\/www.keramika.com\/slovenija\/wp-json\/wp\/v2\/media?parent=104100"}],"wp:term":[{"taxonomy":"product_cat","embeddable":true,"href":"https:\/\/www.keramika.com\/slovenija\/wp-json\/wp\/v2\/product_cat?post=104100"},{"taxonomy":"product_tag","embeddable":true,"href":"https:\/\/www.keramika.com\/slovenija\/wp-json\/wp\/v2\/product_tag?post=104100"}],"curies":[{"name":"wp","href":"https:\/\/api.w.org\/{rel}","templated":true}]}}