{"id":104094,"date":"2017-03-23T00:00:32","date_gmt":"2017-03-23T00:00:32","guid":{"rendered":"http:\/\/keramika.holest.com\/slovenija\/product\/ploscice-cicogres-gala\/"},"modified":"2026-01-03T00:01:34","modified_gmt":"2026-01-03T00:01:34","slug":"ploscice-cicogres-gala","status":"publish","type":"product","link":"https:\/\/www.keramika.com\/slovenija\/ploscice-cicogres-gala\/","title":{"rendered":"Plo\u0161\u010dice Cicogres Gala"},"content":{"rendered":"<p>Zaradi ni\u017ejih stro\u0161kov pri spletni prodaji boste na na\u0161i strani za to plo\u0161\u010dico od\u0161teli le 14,38 EUR. \u0160irina in dol\u017eina te plo\u0161\u010dice sta 50&#215;20 cm. Ta plo\u0161\u010dica je debela 9 mm in je zelo trpe\u017ena. Ta kerami\u010dna plo\u0161\u010dica v \u010dudoviti be\u017e barvi bo obogatila vsak prostor. To plo\u0161\u010dico je izdelal proizvajalec Cicogres, ki prihaja iz \u0160panije.<\/p>\n<p>Kliknite na ime kolekcije za ogled vseh plo\u0161\u010dic iz te serije: <a class=\"pdfcatal\" href=\"\/\/www.ceramictiles.com\/pdf\/cicogres\/catalogue_cicogres_gala.pdf\" onclick=\"recordOutboundLink(this, 'E-mail', 'Description PDF');return false;\">Cicogres Gala<\/a><\/p>\n<p>\u010ce \u017eelite naro\u010diti model iz pdf kataloga te kolekcije, nam pi\u0161ite na: <a href=\"mailto:keramoteka.salon@gmail.com\" onclick=\"recordOutboundLink(this, 'E-mail', 'Description mail');return false;\">keramoteka.salon@gmail.com<\/a> ali pa nas pokli\u010dite na: 031 255 900.<\/p>\n<p>Technical description: <br \/> W &#038; F 50&#215;20 ; 60&#215;60 ; 45&#215;45 <br \/>Gala ; Gala Cube ;<\/p>\n","protected":false},"excerpt":{"rendered":"<p>Zaradi ni\u017ejih stro\u0161kov pri spletni prodaji boste na na\u0161i strani za to plo\u0161\u010dico od\u0161teli le 14,38 EUR. \u0160irina in dol\u017eina te plo\u0161\u010dice sta 50&#215;20 cm. Ta plo\u0161\u010dica je debela 9 mm in je zelo trpe\u017ena. Ta kerami\u010dna plo\u0161\u010dica v \u010dudoviti be\u017e barvi bo obogatila vsak prostor. To plo\u0161\u010dico je izdelal proizvajalec Cicogres, ki prihaja iz [&hellip;]<\/p>\n","protected":false},"featured_media":104095,"template":"","meta":[],"product_cat":[999964,200,220,999,250],"product_tag":[],"_links":{"self":[{"href":"https:\/\/www.keramika.com\/slovenija\/wp-json\/wp\/v2\/product\/104094"}],"collection":[{"href":"https:\/\/www.keramika.com\/slovenija\/wp-json\/wp\/v2\/product"}],"about":[{"href":"https:\/\/www.keramika.com\/slovenija\/wp-json\/wp\/v2\/types\/product"}],"wp:featuredmedia":[{"embeddable":true,"href":"https:\/\/www.keramika.com\/slovenija\/wp-json\/wp\/v2\/media\/104095"}],"wp:attachment":[{"href":"https:\/\/www.keramika.com\/slovenija\/wp-json\/wp\/v2\/media?parent=104094"}],"wp:term":[{"taxonomy":"product_cat","embeddable":true,"href":"https:\/\/www.keramika.com\/slovenija\/wp-json\/wp\/v2\/product_cat?post=104094"},{"taxonomy":"product_tag","embeddable":true,"href":"https:\/\/www.keramika.com\/slovenija\/wp-json\/wp\/v2\/product_tag?post=104094"}],"curies":[{"name":"wp","href":"https:\/\/api.w.org\/{rel}","templated":true}]}}